{"id":70,"date":"2024-10-17T09:40:54","date_gmt":"2024-10-17T09:40:54","guid":{"rendered":"https:\/\/tetra-farm.com\/?page_id=70"},"modified":"2024-11-25T14:25:43","modified_gmt":"2024-11-25T14:25:43","slug":"social-equity-program","status":"publish","type":"page","link":"https:\/\/tetra-farm.com\/es\/social-equity-program\/","title":{"rendered":"Programa de equidad social"},"content":{"rendered":"<p>El Programa de Equidad Social de Tetra Farm refleja nuestro compromiso de crear una industria de cannabis medicinal m\u00e1s justa e inclusiva. Creemos que todos deben tener las mismas oportunidades para participar en el desarrollo de este sector prometedor.<\/p>\n<p>Tetra Farm desarrolla un modelo de negocio sostenible donde cada inversor, independientemente del tama\u00f1o de su inversi\u00f3n, recibe igualdad de oportunidades y condiciones transparentes de participaci\u00f3n. Todas las operaciones se registran en la cadena de bloques, garantizando una total transparencia en las actividades del proyecto y la distribuci\u00f3n de los ingresos.<\/p>\n<p>Nos esforzamos por fomentar una comunidad basada en los principios de igualdad y justicia. Los informes regulares, el acceso abierto a la informaci\u00f3n sobre el rendimiento de los invernaderos y el apoyo continuo a los participantes son partes fundamentales de nuestro programa. Al unirte a Tetra Farm, te conviertes en parte de una comunidad justa y transparente en la industria del cannabis medicinal.<\/p>","protected":false},"excerpt":{"rendered":"<p>El Programa de Equidad Social de Tetra Farm refleja nuestro compromiso de crear una industria de cannabis medicinal m\u00e1s justa e inclusiva. Creemos que todos deben tener las mismas oportunidades para participar en el desarrollo de este sector prometedor. Tetra Farm desarrolla un modelo de negocio sostenible donde cada inversor, independientemente del tama\u00f1o de su [&hellip;]<\/p>\n","protected":false},"author":1,"featured_media":0,"parent":0,"menu_order":0,"comment_status":"closed","ping_status":"closed","template":"template-pages\/program.php","meta":{"footnotes":""},"class_list":["post-70","page","type-page","status-publish","hentry"],"acf":[],"yoast_head":"<!-- This site is optimized with the Yoast SEO plugin v23.8 - https:\/\/yoast.com\/wordpress\/plugins\/seo\/ -->\n<title>Programa de equidad social - Tetra Farm<\/title>\n<meta name=\"robots\" content=\"index, follow, max-snippet:-1, max-image-preview:large, max-video-preview:-1\" \/>\n<link rel=\"canonical\" href=\"https:\/\/tetra-farm.com\/es\/social-equity-program\/\" \/>\n<meta property=\"og:locale\" content=\"es_ES\" \/>\n<meta property=\"og:type\" content=\"article\" \/>\n<meta property=\"og:title\" content=\"Programa de equidad social - Tetra Farm\" \/>\n<meta property=\"og:description\" content=\"El Programa de Equidad Social de Tetra Farm refleja nuestro compromiso de crear una industria de cannabis medicinal m\u00e1s justa e inclusiva. Creemos que todos deben tener las mismas oportunidades para participar en el desarrollo de este sector prometedor. Tetra Farm desarrolla un modelo de negocio sostenible donde cada inversor, independientemente del tama\u00f1o de su [&hellip;]\" \/>\n<meta property=\"og:url\" content=\"https:\/\/tetra-farm.com\/es\/social-equity-program\/\" \/>\n<meta property=\"og:site_name\" content=\"Tetra Farm\" \/>\n<meta property=\"article:modified_time\" content=\"2024-11-25T14:25:43+00:00\" \/>\n<meta name=\"twitter:card\" content=\"summary_large_image\" \/>\n<meta name=\"twitter:label1\" content=\"Tiempo de lectura\" \/>\n\t<meta name=\"twitter:data1\" content=\"1 minuto\" \/>\n<script type=\"application\/ld+json\" class=\"yoast-schema-graph\">{\"@context\":\"https:\/\/schema.org\",\"@graph\":[{\"@type\":\"WebPage\",\"@id\":\"https:\/\/tetra-farm.com\/es\/social-equity-program\/\",\"url\":\"https:\/\/tetra-farm.com\/es\/social-equity-program\/\",\"name\":\"Programa de equidad social - Tetra Farm\",\"isPartOf\":{\"@id\":\"https:\/\/tetra-farm.com\/es\/#website\"},\"datePublished\":\"2024-10-17T09:40:54+00:00\",\"dateModified\":\"2024-11-25T14:25:43+00:00\",\"breadcrumb\":{\"@id\":\"https:\/\/tetra-farm.com\/es\/social-equity-program\/#breadcrumb\"},\"inLanguage\":\"es\",\"potentialAction\":[{\"@type\":\"ReadAction\",\"target\":[[\"https:\/\/tetra-farm.com\/es\/social-equity-program\/\"]]}]},{\"@type\":\"BreadcrumbList\",\"@id\":\"https:\/\/tetra-farm.com\/es\/social-equity-program\/#breadcrumb\",\"itemListElement\":[{\"@type\":\"ListItem\",\"position\":1,\"name\":\"Home\",\"item\":\"https:\/\/tetra-farm.com\/es\/\"},{\"@type\":\"ListItem\",\"position\":2,\"name\":\"Social equity program\"}]},{\"@type\":\"WebSite\",\"@id\":\"https:\/\/tetra-farm.com\/es\/#website\",\"url\":\"https:\/\/tetra-farm.com\/es\/\",\"name\":\"Tetra Farm\",\"description\":\"\",\"potentialAction\":[{\"@type\":\"SearchAction\",\"target\":{\"@type\":\"EntryPoint\",\"urlTemplate\":\"https:\/\/tetra-farm.com\/es\/?s={search_term_string}\"},\"query-input\":{\"@type\":\"PropertyValueSpecification\",\"valueRequired\":true,\"valueName\":\"search_term_string\"}}],\"inLanguage\":\"es\"}]}<\/script>\n<!-- \/ Yoast SEO plugin. -->","yoast_head_json":{"title":"Programa de equidad social - Tetra Farm","robots":{"index":"index","follow":"follow","max-snippet":"max-snippet:-1","max-image-preview":"max-image-preview:large","max-video-preview":"max-video-preview:-1"},"canonical":"https:\/\/tetra-farm.com\/es\/social-equity-program\/","og_locale":"es_ES","og_type":"article","og_title":"Programa de equidad social - Tetra Farm","og_description":"El Programa de Equidad Social de Tetra Farm refleja nuestro compromiso de crear una industria de cannabis medicinal m\u00e1s justa e inclusiva. Creemos que todos deben tener las mismas oportunidades para participar en el desarrollo de este sector prometedor. Tetra Farm desarrolla un modelo de negocio sostenible donde cada inversor, independientemente del tama\u00f1o de su [&hellip;]","og_url":"https:\/\/tetra-farm.com\/es\/social-equity-program\/","og_site_name":"Tetra Farm","article_modified_time":"2024-11-25T14:25:43+00:00","twitter_card":"summary_large_image","twitter_misc":{"Tiempo de lectura":"1 minuto"},"schema":{"@context":"https:\/\/schema.org","@graph":[{"@type":"WebPage","@id":"https:\/\/tetra-farm.com\/es\/social-equity-program\/","url":"https:\/\/tetra-farm.com\/es\/social-equity-program\/","name":"Programa de equidad social - Tetra Farm","isPartOf":{"@id":"https:\/\/tetra-farm.com\/es\/#website"},"datePublished":"2024-10-17T09:40:54+00:00","dateModified":"2024-11-25T14:25:43+00:00","breadcrumb":{"@id":"https:\/\/tetra-farm.com\/es\/social-equity-program\/#breadcrumb"},"inLanguage":"es","potentialAction":[{"@type":"ReadAction","target":[["https:\/\/tetra-farm.com\/es\/social-equity-program\/"]]}]},{"@type":"BreadcrumbList","@id":"https:\/\/tetra-farm.com\/es\/social-equity-program\/#breadcrumb","itemListElement":[{"@type":"ListItem","position":1,"name":"Home","item":"https:\/\/tetra-farm.com\/es\/"},{"@type":"ListItem","position":2,"name":"Social equity program"}]},{"@type":"WebSite","@id":"https:\/\/tetra-farm.com\/es\/#website","url":"https:\/\/tetra-farm.com\/es\/","name":"Tetra Farm","description":"","potentialAction":[{"@type":"SearchAction","target":{"@type":"EntryPoint","urlTemplate":"https:\/\/tetra-farm.com\/es\/?s={search_term_string}"},"query-input":{"@type":"PropertyValueSpecification","valueRequired":true,"valueName":"search_term_string"}}],"inLanguage":"es"}]}},"_links":{"self":[{"href":"https:\/\/tetra-farm.com\/es\/wp-json\/wp\/v2\/pages\/70","targetHints":{"allow":["GET"]}}],"collection":[{"href":"https:\/\/tetra-farm.com\/es\/wp-json\/wp\/v2\/pages"}],"about":[{"href":"https:\/\/tetra-farm.com\/es\/wp-json\/wp\/v2\/types\/page"}],"author":[{"embeddable":true,"href":"https:\/\/tetra-farm.com\/es\/wp-json\/wp\/v2\/users\/1"}],"replies":[{"embeddable":true,"href":"https:\/\/tetra-farm.com\/es\/wp-json\/wp\/v2\/comments?post=70"}],"version-history":[{"count":6,"href":"https:\/\/tetra-farm.com\/es\/wp-json\/wp\/v2\/pages\/70\/revisions"}],"predecessor-version":[{"id":1265,"href":"https:\/\/tetra-farm.com\/es\/wp-json\/wp\/v2\/pages\/70\/revisions\/1265"}],"wp:attachment":[{"href":"https:\/\/tetra-farm.com\/es\/wp-json\/wp\/v2\/media?parent=70"}],"curies":[{"name":"wp","href":"https:\/\/api.w.org\/{rel}","templated":true}]}}