{"id":67,"date":"2024-10-17T09:39:13","date_gmt":"2024-10-17T09:39:13","guid":{"rendered":"https:\/\/tetra-farm.com\/?page_id=67"},"modified":"2024-11-22T10:26:23","modified_gmt":"2024-11-22T10:26:23","slug":"security","status":"publish","type":"page","link":"https:\/\/tetra-farm.com\/es\/security\/","title":{"rendered":"Seguridad"},"content":{"rendered":"<p><\/p>\n<h2>Seguridad y prevenci\u00f3n de fraudes<\/h2>\n<p>El creciente inter\u00e9s en las inversiones en NFT y cannabis medicinal atrae la atenci\u00f3n de estafadores y hackers. Este art\u00edculo describe las mejores pr\u00e1cticas para reducir estos riesgos.<\/p>\n<h2>Mejore su nivel de conocimiento<\/h2>\n<p>El malentendido sobre c\u00f3mo funcionan los NFT y la tecnolog\u00eda blockchain puede conducir a errores costosos. Por ejemplo, si alguien se hace pasar por un representante de soporte que puede recuperar tokens TLREF perdidos a cambio de sus claves privadas, est\u00e1n aprovech\u00e1ndose del desconocimiento de las personas sobre el hecho de que esta es una red descentralizada sin tal funcionalidad. Invertir en aprender c\u00f3mo funciona el sistema de Tetra Farm es una inversi\u00f3n que vale la pena.<\/p>\n<h2>Seguridad del monedero<\/h2>\n<p>No revele sus claves privadas<\/p>\n<p>\u00a1Nunca, bajo ninguna circunstancia, comparta sus claves privadas!<\/p>\n<p>La clave privada de su monedero es la contrase\u00f1a para acceder a \u00e9l. Es lo \u00fanico que impide que alguien, que conoce la direcci\u00f3n de su monedero, lo vac\u00ede y se lleve todos sus activos.<\/p>\n<h2>\u00bfQu\u00e9 es un monedero?<\/h2>\n<p>Un monedero en el sistema de Tetra Farm es su cuenta personal donde se almacenan sus NFT y tokens TLREF. Le proporciona acceso a sus inversiones en invernaderos y le permite recibir ingresos por la venta de cannabis medicinal.<\/p>\n<h2>No tome capturas de pantalla de sus frases semilla o claves privadas<\/h2>\n<p>Hacer capturas de pantalla de sus frases semilla o claves privadas puede hacer que se sincronicen con servicios de almacenamiento en la nube, lo que las har\u00eda accesibles para hackers. La obtenci\u00f3n de claves privadas desde la nube es un vector de ataque com\u00fan utilizado por los hackers.<\/p>\n<h2>Use un monedero f\u00edsico<\/h2>\n<p>Un monedero f\u00edsico ofrece almacenamiento sin conexi\u00f3n para sus claves privadas. Se considera la opci\u00f3n m\u00e1s segura para almacenar sus claves privadas: su clave privada nunca tiene contacto con Internet y permanece completamente local en su dispositivo.<\/p>\n<p>Almacenar las claves privadas sin conexi\u00f3n reduce significativamente el riesgo de ser hackeado, incluso si un hacker obtiene el control de su computadora.<\/p>","protected":false},"excerpt":{"rendered":"<p>Seguridad y prevenci\u00f3n de fraudes El creciente inter\u00e9s en las inversiones en NFT y cannabis medicinal atrae la atenci\u00f3n de estafadores y hackers. Este art\u00edculo describe las mejores pr\u00e1cticas para reducir estos riesgos. Mejore su nivel de conocimiento El malentendido sobre c\u00f3mo funcionan los NFT y la tecnolog\u00eda blockchain puede conducir a errores costosos. Por [&hellip;]<\/p>\n","protected":false},"author":1,"featured_media":0,"parent":0,"menu_order":0,"comment_status":"closed","ping_status":"closed","template":"template-pages\/security.php","meta":{"footnotes":""},"class_list":["post-67","page","type-page","status-publish","hentry"],"acf":[],"yoast_head":"<!-- This site is optimized with the Yoast SEO plugin v23.8 - https:\/\/yoast.com\/wordpress\/plugins\/seo\/ -->\n<title>Seguridad - Tetra Farm<\/title>\n<meta name=\"robots\" content=\"index, follow, max-snippet:-1, max-image-preview:large, max-video-preview:-1\" \/>\n<link rel=\"canonical\" href=\"https:\/\/tetra-farm.com\/es\/security\/\" \/>\n<meta property=\"og:locale\" content=\"es_ES\" \/>\n<meta property=\"og:type\" content=\"article\" \/>\n<meta property=\"og:title\" content=\"Seguridad - Tetra Farm\" \/>\n<meta property=\"og:description\" content=\"Seguridad y prevenci\u00f3n de fraudes El creciente inter\u00e9s en las inversiones en NFT y cannabis medicinal atrae la atenci\u00f3n de estafadores y hackers. Este art\u00edculo describe las mejores pr\u00e1cticas para reducir estos riesgos. Mejore su nivel de conocimiento El malentendido sobre c\u00f3mo funcionan los NFT y la tecnolog\u00eda blockchain puede conducir a errores costosos. Por [&hellip;]\" \/>\n<meta property=\"og:url\" content=\"https:\/\/tetra-farm.com\/es\/security\/\" \/>\n<meta property=\"og:site_name\" content=\"Tetra Farm\" \/>\n<meta property=\"article:modified_time\" content=\"2024-11-22T10:26:23+00:00\" \/>\n<meta name=\"twitter:card\" content=\"summary_large_image\" \/>\n<meta name=\"twitter:label1\" content=\"Tiempo de lectura\" \/>\n\t<meta name=\"twitter:data1\" content=\"2 minutos\" \/>\n<script type=\"application\/ld+json\" class=\"yoast-schema-graph\">{\"@context\":\"https:\/\/schema.org\",\"@graph\":[{\"@type\":\"WebPage\",\"@id\":\"https:\/\/tetra-farm.com\/es\/security\/\",\"url\":\"https:\/\/tetra-farm.com\/es\/security\/\",\"name\":\"Seguridad - Tetra Farm\",\"isPartOf\":{\"@id\":\"https:\/\/tetra-farm.com\/es\/#website\"},\"datePublished\":\"2024-10-17T09:39:13+00:00\",\"dateModified\":\"2024-11-22T10:26:23+00:00\",\"breadcrumb\":{\"@id\":\"https:\/\/tetra-farm.com\/es\/security\/#breadcrumb\"},\"inLanguage\":\"es\",\"potentialAction\":[{\"@type\":\"ReadAction\",\"target\":[[\"https:\/\/tetra-farm.com\/es\/security\/\"]]}]},{\"@type\":\"BreadcrumbList\",\"@id\":\"https:\/\/tetra-farm.com\/es\/security\/#breadcrumb\",\"itemListElement\":[{\"@type\":\"ListItem\",\"position\":1,\"name\":\"Home\",\"item\":\"https:\/\/tetra-farm.com\/es\/\"},{\"@type\":\"ListItem\",\"position\":2,\"name\":\"Security\"}]},{\"@type\":\"WebSite\",\"@id\":\"https:\/\/tetra-farm.com\/es\/#website\",\"url\":\"https:\/\/tetra-farm.com\/es\/\",\"name\":\"Tetra Farm\",\"description\":\"\",\"potentialAction\":[{\"@type\":\"SearchAction\",\"target\":{\"@type\":\"EntryPoint\",\"urlTemplate\":\"https:\/\/tetra-farm.com\/es\/?s={search_term_string}\"},\"query-input\":{\"@type\":\"PropertyValueSpecification\",\"valueRequired\":true,\"valueName\":\"search_term_string\"}}],\"inLanguage\":\"es\"}]}<\/script>\n<!-- \/ Yoast SEO plugin. -->","yoast_head_json":{"title":"Seguridad - Tetra Farm","robots":{"index":"index","follow":"follow","max-snippet":"max-snippet:-1","max-image-preview":"max-image-preview:large","max-video-preview":"max-video-preview:-1"},"canonical":"https:\/\/tetra-farm.com\/es\/security\/","og_locale":"es_ES","og_type":"article","og_title":"Seguridad - Tetra Farm","og_description":"Seguridad y prevenci\u00f3n de fraudes El creciente inter\u00e9s en las inversiones en NFT y cannabis medicinal atrae la atenci\u00f3n de estafadores y hackers. Este art\u00edculo describe las mejores pr\u00e1cticas para reducir estos riesgos. Mejore su nivel de conocimiento El malentendido sobre c\u00f3mo funcionan los NFT y la tecnolog\u00eda blockchain puede conducir a errores costosos. Por [&hellip;]","og_url":"https:\/\/tetra-farm.com\/es\/security\/","og_site_name":"Tetra Farm","article_modified_time":"2024-11-22T10:26:23+00:00","twitter_card":"summary_large_image","twitter_misc":{"Tiempo de lectura":"2 minutos"},"schema":{"@context":"https:\/\/schema.org","@graph":[{"@type":"WebPage","@id":"https:\/\/tetra-farm.com\/es\/security\/","url":"https:\/\/tetra-farm.com\/es\/security\/","name":"Seguridad - Tetra Farm","isPartOf":{"@id":"https:\/\/tetra-farm.com\/es\/#website"},"datePublished":"2024-10-17T09:39:13+00:00","dateModified":"2024-11-22T10:26:23+00:00","breadcrumb":{"@id":"https:\/\/tetra-farm.com\/es\/security\/#breadcrumb"},"inLanguage":"es","potentialAction":[{"@type":"ReadAction","target":[["https:\/\/tetra-farm.com\/es\/security\/"]]}]},{"@type":"BreadcrumbList","@id":"https:\/\/tetra-farm.com\/es\/security\/#breadcrumb","itemListElement":[{"@type":"ListItem","position":1,"name":"Home","item":"https:\/\/tetra-farm.com\/es\/"},{"@type":"ListItem","position":2,"name":"Security"}]},{"@type":"WebSite","@id":"https:\/\/tetra-farm.com\/es\/#website","url":"https:\/\/tetra-farm.com\/es\/","name":"Tetra Farm","description":"","potentialAction":[{"@type":"SearchAction","target":{"@type":"EntryPoint","urlTemplate":"https:\/\/tetra-farm.com\/es\/?s={search_term_string}"},"query-input":{"@type":"PropertyValueSpecification","valueRequired":true,"valueName":"search_term_string"}}],"inLanguage":"es"}]}},"_links":{"self":[{"href":"https:\/\/tetra-farm.com\/es\/wp-json\/wp\/v2\/pages\/67","targetHints":{"allow":["GET"]}}],"collection":[{"href":"https:\/\/tetra-farm.com\/es\/wp-json\/wp\/v2\/pages"}],"about":[{"href":"https:\/\/tetra-farm.com\/es\/wp-json\/wp\/v2\/types\/page"}],"author":[{"embeddable":true,"href":"https:\/\/tetra-farm.com\/es\/wp-json\/wp\/v2\/users\/1"}],"replies":[{"embeddable":true,"href":"https:\/\/tetra-farm.com\/es\/wp-json\/wp\/v2\/comments?post=67"}],"version-history":[{"count":10,"href":"https:\/\/tetra-farm.com\/es\/wp-json\/wp\/v2\/pages\/67\/revisions"}],"predecessor-version":[{"id":1220,"href":"https:\/\/tetra-farm.com\/es\/wp-json\/wp\/v2\/pages\/67\/revisions\/1220"}],"wp:attachment":[{"href":"https:\/\/tetra-farm.com\/es\/wp-json\/wp\/v2\/media?parent=67"}],"curies":[{"name":"wp","href":"https:\/\/api.w.org\/{rel}","templated":true}]}}