{"id":65,"date":"2024-10-17T09:38:46","date_gmt":"2024-10-17T09:38:46","guid":{"rendered":"https:\/\/tetra-farm.com\/?page_id=65"},"modified":"2024-11-22T10:27:28","modified_gmt":"2024-11-22T10:27:28","slug":"support","status":"publish","type":"page","link":"https:\/\/tetra-farm.com\/es\/support\/","title":{"rendered":"Apoyo"},"content":{"rendered":"<p><strong>Tetra Farm<\/strong> no es solo un software, somos una comunidad. Desde la incorporaci\u00f3n y la capacitaci\u00f3n hasta la resoluci\u00f3n de errores humanos y del sistema, estamos aqu\u00ed para apoyarte en cada paso del camino.<\/p>","protected":false},"excerpt":{"rendered":"<p>Tetra Farm no es solo un software, somos una comunidad. Desde la incorporaci\u00f3n y la capacitaci\u00f3n hasta la resoluci\u00f3n de errores humanos y del sistema, estamos aqu\u00ed para apoyarte en cada paso del camino.<\/p>\n","protected":false},"author":1,"featured_media":0,"parent":0,"menu_order":0,"comment_status":"closed","ping_status":"closed","template":"template-pages\/support.php","meta":{"footnotes":""},"class_list":["post-65","page","type-page","status-publish","hentry"],"acf":[],"yoast_head":"<!-- This site is optimized with the Yoast SEO plugin v23.8 - https:\/\/yoast.com\/wordpress\/plugins\/seo\/ -->\n<title>Apoyo - Tetra Farm<\/title>\n<meta name=\"robots\" content=\"index, follow, max-snippet:-1, max-image-preview:large, max-video-preview:-1\" \/>\n<link rel=\"canonical\" href=\"https:\/\/tetra-farm.com\/es\/support\/\" \/>\n<meta property=\"og:locale\" content=\"es_ES\" \/>\n<meta property=\"og:type\" content=\"article\" \/>\n<meta property=\"og:title\" content=\"Apoyo - Tetra Farm\" \/>\n<meta property=\"og:description\" content=\"Tetra Farm no es solo un software, somos una comunidad. Desde la incorporaci\u00f3n y la capacitaci\u00f3n hasta la resoluci\u00f3n de errores humanos y del sistema, estamos aqu\u00ed para apoyarte en cada paso del camino.\" \/>\n<meta property=\"og:url\" content=\"https:\/\/tetra-farm.com\/es\/support\/\" \/>\n<meta property=\"og:site_name\" content=\"Tetra Farm\" \/>\n<meta property=\"article:modified_time\" content=\"2024-11-22T10:27:28+00:00\" \/>\n<meta name=\"twitter:card\" content=\"summary_large_image\" \/>\n<meta name=\"twitter:label1\" content=\"Tiempo de lectura\" \/>\n\t<meta name=\"twitter:data1\" content=\"1 minuto\" \/>\n<script type=\"application\/ld+json\" class=\"yoast-schema-graph\">{\"@context\":\"https:\/\/schema.org\",\"@graph\":[{\"@type\":\"WebPage\",\"@id\":\"https:\/\/tetra-farm.com\/es\/support\/\",\"url\":\"https:\/\/tetra-farm.com\/es\/support\/\",\"name\":\"Apoyo - Tetra Farm\",\"isPartOf\":{\"@id\":\"https:\/\/tetra-farm.com\/es\/#website\"},\"datePublished\":\"2024-10-17T09:38:46+00:00\",\"dateModified\":\"2024-11-22T10:27:28+00:00\",\"breadcrumb\":{\"@id\":\"https:\/\/tetra-farm.com\/es\/support\/#breadcrumb\"},\"inLanguage\":\"es\",\"potentialAction\":[{\"@type\":\"ReadAction\",\"target\":[[\"https:\/\/tetra-farm.com\/es\/support\/\"]]}]},{\"@type\":\"BreadcrumbList\",\"@id\":\"https:\/\/tetra-farm.com\/es\/support\/#breadcrumb\",\"itemListElement\":[{\"@type\":\"ListItem\",\"position\":1,\"name\":\"Home\",\"item\":\"https:\/\/tetra-farm.com\/es\/\"},{\"@type\":\"ListItem\",\"position\":2,\"name\":\"Support\"}]},{\"@type\":\"WebSite\",\"@id\":\"https:\/\/tetra-farm.com\/es\/#website\",\"url\":\"https:\/\/tetra-farm.com\/es\/\",\"name\":\"Tetra Farm\",\"description\":\"\",\"potentialAction\":[{\"@type\":\"SearchAction\",\"target\":{\"@type\":\"EntryPoint\",\"urlTemplate\":\"https:\/\/tetra-farm.com\/es\/?s={search_term_string}\"},\"query-input\":{\"@type\":\"PropertyValueSpecification\",\"valueRequired\":true,\"valueName\":\"search_term_string\"}}],\"inLanguage\":\"es\"}]}<\/script>\n<!-- \/ Yoast SEO plugin. -->","yoast_head_json":{"title":"Apoyo - Tetra Farm","robots":{"index":"index","follow":"follow","max-snippet":"max-snippet:-1","max-image-preview":"max-image-preview:large","max-video-preview":"max-video-preview:-1"},"canonical":"https:\/\/tetra-farm.com\/es\/support\/","og_locale":"es_ES","og_type":"article","og_title":"Apoyo - Tetra Farm","og_description":"Tetra Farm no es solo un software, somos una comunidad. Desde la incorporaci\u00f3n y la capacitaci\u00f3n hasta la resoluci\u00f3n de errores humanos y del sistema, estamos aqu\u00ed para apoyarte en cada paso del camino.","og_url":"https:\/\/tetra-farm.com\/es\/support\/","og_site_name":"Tetra Farm","article_modified_time":"2024-11-22T10:27:28+00:00","twitter_card":"summary_large_image","twitter_misc":{"Tiempo de lectura":"1 minuto"},"schema":{"@context":"https:\/\/schema.org","@graph":[{"@type":"WebPage","@id":"https:\/\/tetra-farm.com\/es\/support\/","url":"https:\/\/tetra-farm.com\/es\/support\/","name":"Apoyo - Tetra Farm","isPartOf":{"@id":"https:\/\/tetra-farm.com\/es\/#website"},"datePublished":"2024-10-17T09:38:46+00:00","dateModified":"2024-11-22T10:27:28+00:00","breadcrumb":{"@id":"https:\/\/tetra-farm.com\/es\/support\/#breadcrumb"},"inLanguage":"es","potentialAction":[{"@type":"ReadAction","target":[["https:\/\/tetra-farm.com\/es\/support\/"]]}]},{"@type":"BreadcrumbList","@id":"https:\/\/tetra-farm.com\/es\/support\/#breadcrumb","itemListElement":[{"@type":"ListItem","position":1,"name":"Home","item":"https:\/\/tetra-farm.com\/es\/"},{"@type":"ListItem","position":2,"name":"Support"}]},{"@type":"WebSite","@id":"https:\/\/tetra-farm.com\/es\/#website","url":"https:\/\/tetra-farm.com\/es\/","name":"Tetra Farm","description":"","potentialAction":[{"@type":"SearchAction","target":{"@type":"EntryPoint","urlTemplate":"https:\/\/tetra-farm.com\/es\/?s={search_term_string}"},"query-input":{"@type":"PropertyValueSpecification","valueRequired":true,"valueName":"search_term_string"}}],"inLanguage":"es"}]}},"_links":{"self":[{"href":"https:\/\/tetra-farm.com\/es\/wp-json\/wp\/v2\/pages\/65","targetHints":{"allow":["GET"]}}],"collection":[{"href":"https:\/\/tetra-farm.com\/es\/wp-json\/wp\/v2\/pages"}],"about":[{"href":"https:\/\/tetra-farm.com\/es\/wp-json\/wp\/v2\/types\/page"}],"author":[{"embeddable":true,"href":"https:\/\/tetra-farm.com\/es\/wp-json\/wp\/v2\/users\/1"}],"replies":[{"embeddable":true,"href":"https:\/\/tetra-farm.com\/es\/wp-json\/wp\/v2\/comments?post=65"}],"version-history":[{"count":8,"href":"https:\/\/tetra-farm.com\/es\/wp-json\/wp\/v2\/pages\/65\/revisions"}],"predecessor-version":[{"id":1221,"href":"https:\/\/tetra-farm.com\/es\/wp-json\/wp\/v2\/pages\/65\/revisions\/1221"}],"wp:attachment":[{"href":"https:\/\/tetra-farm.com\/es\/wp-json\/wp\/v2\/media?parent=65"}],"curies":[{"name":"wp","href":"https:\/\/api.w.org\/{rel}","templated":true}]}}