{"id":63,"date":"2024-10-17T09:38:26","date_gmt":"2024-10-17T09:38:26","guid":{"rendered":"https:\/\/tetra-farm.com\/?page_id=63"},"modified":"2024-12-16T08:57:07","modified_gmt":"2024-12-16T08:57:07","slug":"corporate-social-responsibility-policy","status":"publish","type":"page","link":"https:\/\/tetra-farm.com\/es\/corporate-social-responsibility-policy\/","title":{"rendered":"Pol\u00edtica de responsabilidad social corporativa"},"content":{"rendered":"<p><\/p>\n<h2>Tetra Farm: Un enfoque innovador para invertir en cannabis medicinal<\/h2>\n<p>Tetra Farm busca crear una comunidad m\u00e1s justa e innovadora en la industria del cannabis medicinal. Desde la fundaci\u00f3n de nuestra empresa, nos hemos mantenido profundamente comprometidos con la legitimizaci\u00f3n de la industria del cannabis medicinal, estableciendo las bases para desarrollar programas socialmente responsables y efectivos en este campo.<\/p>","protected":false},"excerpt":{"rendered":"<p>Tetra Farm: Un enfoque innovador para invertir en cannabis medicinal Tetra Farm busca crear una comunidad m\u00e1s justa e innovadora en la industria del cannabis medicinal. Desde la fundaci\u00f3n de nuestra empresa, nos hemos mantenido profundamente comprometidos con la legitimizaci\u00f3n de la industria del cannabis medicinal, estableciendo las bases para desarrollar programas socialmente responsables y [&hellip;]<\/p>\n","protected":false},"author":1,"featured_media":0,"parent":0,"menu_order":0,"comment_status":"closed","ping_status":"closed","template":"template-pages\/corporate.php","meta":{"footnotes":""},"class_list":["post-63","page","type-page","status-publish","hentry"],"acf":[],"yoast_head":"<!-- This site is optimized with the Yoast SEO plugin v23.8 - https:\/\/yoast.com\/wordpress\/plugins\/seo\/ -->\n<title>Pol\u00edtica de responsabilidad social corporativa - Tetra Farm<\/title>\n<meta name=\"robots\" content=\"index, follow, max-snippet:-1, max-image-preview:large, max-video-preview:-1\" \/>\n<link rel=\"canonical\" href=\"https:\/\/tetra-farm.com\/es\/corporate-social-responsibility-policy\/\" \/>\n<meta property=\"og:locale\" content=\"es_ES\" \/>\n<meta property=\"og:type\" content=\"article\" \/>\n<meta property=\"og:title\" content=\"Pol\u00edtica de responsabilidad social corporativa - Tetra Farm\" \/>\n<meta property=\"og:description\" content=\"Tetra Farm: Un enfoque innovador para invertir en cannabis medicinal Tetra Farm busca crear una comunidad m\u00e1s justa e innovadora en la industria del cannabis medicinal. Desde la fundaci\u00f3n de nuestra empresa, nos hemos mantenido profundamente comprometidos con la legitimizaci\u00f3n de la industria del cannabis medicinal, estableciendo las bases para desarrollar programas socialmente responsables y [&hellip;]\" \/>\n<meta property=\"og:url\" content=\"https:\/\/tetra-farm.com\/es\/corporate-social-responsibility-policy\/\" \/>\n<meta property=\"og:site_name\" content=\"Tetra Farm\" \/>\n<meta property=\"article:modified_time\" content=\"2024-12-16T08:57:07+00:00\" \/>\n<meta name=\"twitter:card\" content=\"summary_large_image\" \/>\n<meta name=\"twitter:label1\" content=\"Tiempo de lectura\" \/>\n\t<meta name=\"twitter:data1\" content=\"1 minuto\" \/>\n<script type=\"application\/ld+json\" class=\"yoast-schema-graph\">{\"@context\":\"https:\/\/schema.org\",\"@graph\":[{\"@type\":\"WebPage\",\"@id\":\"https:\/\/tetra-farm.com\/es\/corporate-social-responsibility-policy\/\",\"url\":\"https:\/\/tetra-farm.com\/es\/corporate-social-responsibility-policy\/\",\"name\":\"Pol\u00edtica de responsabilidad social corporativa - Tetra Farm\",\"isPartOf\":{\"@id\":\"https:\/\/tetra-farm.com\/es\/#website\"},\"datePublished\":\"2024-10-17T09:38:26+00:00\",\"dateModified\":\"2024-12-16T08:57:07+00:00\",\"breadcrumb\":{\"@id\":\"https:\/\/tetra-farm.com\/es\/corporate-social-responsibility-policy\/#breadcrumb\"},\"inLanguage\":\"es\",\"potentialAction\":[{\"@type\":\"ReadAction\",\"target\":[[\"https:\/\/tetra-farm.com\/es\/corporate-social-responsibility-policy\/\"]]}]},{\"@type\":\"BreadcrumbList\",\"@id\":\"https:\/\/tetra-farm.com\/es\/corporate-social-responsibility-policy\/#breadcrumb\",\"itemListElement\":[{\"@type\":\"ListItem\",\"position\":1,\"name\":\"Home\",\"item\":\"https:\/\/tetra-farm.com\/es\/\"},{\"@type\":\"ListItem\",\"position\":2,\"name\":\"Corporate Social Responsibility Policy\"}]},{\"@type\":\"WebSite\",\"@id\":\"https:\/\/tetra-farm.com\/es\/#website\",\"url\":\"https:\/\/tetra-farm.com\/es\/\",\"name\":\"Tetra Farm\",\"description\":\"\",\"potentialAction\":[{\"@type\":\"SearchAction\",\"target\":{\"@type\":\"EntryPoint\",\"urlTemplate\":\"https:\/\/tetra-farm.com\/es\/?s={search_term_string}\"},\"query-input\":{\"@type\":\"PropertyValueSpecification\",\"valueRequired\":true,\"valueName\":\"search_term_string\"}}],\"inLanguage\":\"es\"}]}<\/script>\n<!-- \/ Yoast SEO plugin. -->","yoast_head_json":{"title":"Pol\u00edtica de responsabilidad social corporativa - Tetra Farm","robots":{"index":"index","follow":"follow","max-snippet":"max-snippet:-1","max-image-preview":"max-image-preview:large","max-video-preview":"max-video-preview:-1"},"canonical":"https:\/\/tetra-farm.com\/es\/corporate-social-responsibility-policy\/","og_locale":"es_ES","og_type":"article","og_title":"Pol\u00edtica de responsabilidad social corporativa - Tetra Farm","og_description":"Tetra Farm: Un enfoque innovador para invertir en cannabis medicinal Tetra Farm busca crear una comunidad m\u00e1s justa e innovadora en la industria del cannabis medicinal. Desde la fundaci\u00f3n de nuestra empresa, nos hemos mantenido profundamente comprometidos con la legitimizaci\u00f3n de la industria del cannabis medicinal, estableciendo las bases para desarrollar programas socialmente responsables y [&hellip;]","og_url":"https:\/\/tetra-farm.com\/es\/corporate-social-responsibility-policy\/","og_site_name":"Tetra Farm","article_modified_time":"2024-12-16T08:57:07+00:00","twitter_card":"summary_large_image","twitter_misc":{"Tiempo de lectura":"1 minuto"},"schema":{"@context":"https:\/\/schema.org","@graph":[{"@type":"WebPage","@id":"https:\/\/tetra-farm.com\/es\/corporate-social-responsibility-policy\/","url":"https:\/\/tetra-farm.com\/es\/corporate-social-responsibility-policy\/","name":"Pol\u00edtica de responsabilidad social corporativa - Tetra Farm","isPartOf":{"@id":"https:\/\/tetra-farm.com\/es\/#website"},"datePublished":"2024-10-17T09:38:26+00:00","dateModified":"2024-12-16T08:57:07+00:00","breadcrumb":{"@id":"https:\/\/tetra-farm.com\/es\/corporate-social-responsibility-policy\/#breadcrumb"},"inLanguage":"es","potentialAction":[{"@type":"ReadAction","target":[["https:\/\/tetra-farm.com\/es\/corporate-social-responsibility-policy\/"]]}]},{"@type":"BreadcrumbList","@id":"https:\/\/tetra-farm.com\/es\/corporate-social-responsibility-policy\/#breadcrumb","itemListElement":[{"@type":"ListItem","position":1,"name":"Home","item":"https:\/\/tetra-farm.com\/es\/"},{"@type":"ListItem","position":2,"name":"Corporate Social Responsibility Policy"}]},{"@type":"WebSite","@id":"https:\/\/tetra-farm.com\/es\/#website","url":"https:\/\/tetra-farm.com\/es\/","name":"Tetra Farm","description":"","potentialAction":[{"@type":"SearchAction","target":{"@type":"EntryPoint","urlTemplate":"https:\/\/tetra-farm.com\/es\/?s={search_term_string}"},"query-input":{"@type":"PropertyValueSpecification","valueRequired":true,"valueName":"search_term_string"}}],"inLanguage":"es"}]}},"_links":{"self":[{"href":"https:\/\/tetra-farm.com\/es\/wp-json\/wp\/v2\/pages\/63","targetHints":{"allow":["GET"]}}],"collection":[{"href":"https:\/\/tetra-farm.com\/es\/wp-json\/wp\/v2\/pages"}],"about":[{"href":"https:\/\/tetra-farm.com\/es\/wp-json\/wp\/v2\/types\/page"}],"author":[{"embeddable":true,"href":"https:\/\/tetra-farm.com\/es\/wp-json\/wp\/v2\/users\/1"}],"replies":[{"embeddable":true,"href":"https:\/\/tetra-farm.com\/es\/wp-json\/wp\/v2\/comments?post=63"}],"version-history":[{"count":16,"href":"https:\/\/tetra-farm.com\/es\/wp-json\/wp\/v2\/pages\/63\/revisions"}],"predecessor-version":[{"id":1341,"href":"https:\/\/tetra-farm.com\/es\/wp-json\/wp\/v2\/pages\/63\/revisions\/1341"}],"wp:attachment":[{"href":"https:\/\/tetra-farm.com\/es\/wp-json\/wp\/v2\/media?parent=63"}],"curies":[{"name":"wp","href":"https:\/\/api.w.org\/{rel}","templated":true}]}}