{"id":57,"date":"2024-10-17T09:34:34","date_gmt":"2024-10-17T09:34:34","guid":{"rendered":"https:\/\/tetra-farm.com\/?page_id=57"},"modified":"2024-11-22T10:02:10","modified_gmt":"2024-11-22T10:02:10","slug":"community","status":"publish","type":"page","link":"https:\/\/tetra-farm.com\/es\/community\/","title":{"rendered":"Comunidad"},"content":{"rendered":"<p>Aqu\u00ed, la innovaci\u00f3n se encuentra con las oportunidades, y las tecnolog\u00edas avanzadas est\u00e1n moldeando el futuro de las inversiones en cannabis medicinal.<\/p>\n<p><strong>\u00bfQui\u00e9nes somos? <\/strong><\/p>\n<p>Somos una comunidad din\u00e1mica y diversa de inversores, entusiastas de blockchain y defensores del cannabis medicinal. Unidos por un objetivo com\u00fan, buscamos un crecimiento sostenible e innovaciones en esta industria en r\u00e1pido desarrollo.<\/p>","protected":false},"excerpt":{"rendered":"<p>Aqu\u00ed, la innovaci\u00f3n se encuentra con las oportunidades, y las tecnolog\u00edas avanzadas est\u00e1n moldeando el futuro de las inversiones en cannabis medicinal. \u00bfQui\u00e9nes somos? Somos una comunidad din\u00e1mica y diversa de inversores, entusiastas de blockchain y defensores del cannabis medicinal. Unidos por un objetivo com\u00fan, buscamos un crecimiento sostenible e innovaciones en esta industria en [&hellip;]<\/p>\n","protected":false},"author":1,"featured_media":0,"parent":0,"menu_order":0,"comment_status":"closed","ping_status":"closed","template":"template-pages\/community.php","meta":{"footnotes":""},"class_list":["post-57","page","type-page","status-publish","hentry"],"acf":[],"yoast_head":"<!-- This site is optimized with the Yoast SEO plugin v23.8 - https:\/\/yoast.com\/wordpress\/plugins\/seo\/ -->\n<title>Comunidad - Tetra Farm<\/title>\n<meta name=\"robots\" content=\"index, follow, max-snippet:-1, max-image-preview:large, max-video-preview:-1\" \/>\n<link rel=\"canonical\" href=\"https:\/\/tetra-farm.com\/es\/community\/\" \/>\n<meta property=\"og:locale\" content=\"es_ES\" \/>\n<meta property=\"og:type\" content=\"article\" \/>\n<meta property=\"og:title\" content=\"Comunidad - Tetra Farm\" \/>\n<meta property=\"og:description\" content=\"Aqu\u00ed, la innovaci\u00f3n se encuentra con las oportunidades, y las tecnolog\u00edas avanzadas est\u00e1n moldeando el futuro de las inversiones en cannabis medicinal. \u00bfQui\u00e9nes somos? Somos una comunidad din\u00e1mica y diversa de inversores, entusiastas de blockchain y defensores del cannabis medicinal. Unidos por un objetivo com\u00fan, buscamos un crecimiento sostenible e innovaciones en esta industria en [&hellip;]\" \/>\n<meta property=\"og:url\" content=\"https:\/\/tetra-farm.com\/es\/community\/\" \/>\n<meta property=\"og:site_name\" content=\"Tetra Farm\" \/>\n<meta property=\"article:modified_time\" content=\"2024-11-22T10:02:10+00:00\" \/>\n<meta name=\"twitter:card\" content=\"summary_large_image\" \/>\n<meta name=\"twitter:label1\" content=\"Tiempo de lectura\" \/>\n\t<meta name=\"twitter:data1\" content=\"1 minuto\" \/>\n<script type=\"application\/ld+json\" class=\"yoast-schema-graph\">{\"@context\":\"https:\/\/schema.org\",\"@graph\":[{\"@type\":\"WebPage\",\"@id\":\"https:\/\/tetra-farm.com\/es\/community\/\",\"url\":\"https:\/\/tetra-farm.com\/es\/community\/\",\"name\":\"Comunidad - Tetra Farm\",\"isPartOf\":{\"@id\":\"https:\/\/tetra-farm.com\/es\/#website\"},\"datePublished\":\"2024-10-17T09:34:34+00:00\",\"dateModified\":\"2024-11-22T10:02:10+00:00\",\"breadcrumb\":{\"@id\":\"https:\/\/tetra-farm.com\/es\/community\/#breadcrumb\"},\"inLanguage\":\"es\",\"potentialAction\":[{\"@type\":\"ReadAction\",\"target\":[[\"https:\/\/tetra-farm.com\/es\/community\/\"]]}]},{\"@type\":\"BreadcrumbList\",\"@id\":\"https:\/\/tetra-farm.com\/es\/community\/#breadcrumb\",\"itemListElement\":[{\"@type\":\"ListItem\",\"position\":1,\"name\":\"Home\",\"item\":\"https:\/\/tetra-farm.com\/es\/\"},{\"@type\":\"ListItem\",\"position\":2,\"name\":\"Community\"}]},{\"@type\":\"WebSite\",\"@id\":\"https:\/\/tetra-farm.com\/es\/#website\",\"url\":\"https:\/\/tetra-farm.com\/es\/\",\"name\":\"Tetra Farm\",\"description\":\"\",\"potentialAction\":[{\"@type\":\"SearchAction\",\"target\":{\"@type\":\"EntryPoint\",\"urlTemplate\":\"https:\/\/tetra-farm.com\/es\/?s={search_term_string}\"},\"query-input\":{\"@type\":\"PropertyValueSpecification\",\"valueRequired\":true,\"valueName\":\"search_term_string\"}}],\"inLanguage\":\"es\"}]}<\/script>\n<!-- \/ Yoast SEO plugin. -->","yoast_head_json":{"title":"Comunidad - Tetra Farm","robots":{"index":"index","follow":"follow","max-snippet":"max-snippet:-1","max-image-preview":"max-image-preview:large","max-video-preview":"max-video-preview:-1"},"canonical":"https:\/\/tetra-farm.com\/es\/community\/","og_locale":"es_ES","og_type":"article","og_title":"Comunidad - Tetra Farm","og_description":"Aqu\u00ed, la innovaci\u00f3n se encuentra con las oportunidades, y las tecnolog\u00edas avanzadas est\u00e1n moldeando el futuro de las inversiones en cannabis medicinal. \u00bfQui\u00e9nes somos? Somos una comunidad din\u00e1mica y diversa de inversores, entusiastas de blockchain y defensores del cannabis medicinal. Unidos por un objetivo com\u00fan, buscamos un crecimiento sostenible e innovaciones en esta industria en [&hellip;]","og_url":"https:\/\/tetra-farm.com\/es\/community\/","og_site_name":"Tetra Farm","article_modified_time":"2024-11-22T10:02:10+00:00","twitter_card":"summary_large_image","twitter_misc":{"Tiempo de lectura":"1 minuto"},"schema":{"@context":"https:\/\/schema.org","@graph":[{"@type":"WebPage","@id":"https:\/\/tetra-farm.com\/es\/community\/","url":"https:\/\/tetra-farm.com\/es\/community\/","name":"Comunidad - Tetra Farm","isPartOf":{"@id":"https:\/\/tetra-farm.com\/es\/#website"},"datePublished":"2024-10-17T09:34:34+00:00","dateModified":"2024-11-22T10:02:10+00:00","breadcrumb":{"@id":"https:\/\/tetra-farm.com\/es\/community\/#breadcrumb"},"inLanguage":"es","potentialAction":[{"@type":"ReadAction","target":[["https:\/\/tetra-farm.com\/es\/community\/"]]}]},{"@type":"BreadcrumbList","@id":"https:\/\/tetra-farm.com\/es\/community\/#breadcrumb","itemListElement":[{"@type":"ListItem","position":1,"name":"Home","item":"https:\/\/tetra-farm.com\/es\/"},{"@type":"ListItem","position":2,"name":"Community"}]},{"@type":"WebSite","@id":"https:\/\/tetra-farm.com\/es\/#website","url":"https:\/\/tetra-farm.com\/es\/","name":"Tetra Farm","description":"","potentialAction":[{"@type":"SearchAction","target":{"@type":"EntryPoint","urlTemplate":"https:\/\/tetra-farm.com\/es\/?s={search_term_string}"},"query-input":{"@type":"PropertyValueSpecification","valueRequired":true,"valueName":"search_term_string"}}],"inLanguage":"es"}]}},"_links":{"self":[{"href":"https:\/\/tetra-farm.com\/es\/wp-json\/wp\/v2\/pages\/57","targetHints":{"allow":["GET"]}}],"collection":[{"href":"https:\/\/tetra-farm.com\/es\/wp-json\/wp\/v2\/pages"}],"about":[{"href":"https:\/\/tetra-farm.com\/es\/wp-json\/wp\/v2\/types\/page"}],"author":[{"embeddable":true,"href":"https:\/\/tetra-farm.com\/es\/wp-json\/wp\/v2\/users\/1"}],"replies":[{"embeddable":true,"href":"https:\/\/tetra-farm.com\/es\/wp-json\/wp\/v2\/comments?post=57"}],"version-history":[{"count":12,"href":"https:\/\/tetra-farm.com\/es\/wp-json\/wp\/v2\/pages\/57\/revisions"}],"predecessor-version":[{"id":1212,"href":"https:\/\/tetra-farm.com\/es\/wp-json\/wp\/v2\/pages\/57\/revisions\/1212"}],"wp:attachment":[{"href":"https:\/\/tetra-farm.com\/es\/wp-json\/wp\/v2\/media?parent=57"}],"curies":[{"name":"wp","href":"https:\/\/api.w.org\/{rel}","templated":true}]}}