{"id":48,"date":"2024-10-17T01:58:28","date_gmt":"2024-10-17T01:58:28","guid":{"rendered":"https:\/\/tetra-farm.com\/?page_id=48"},"modified":"2024-11-18T11:28:04","modified_gmt":"2024-11-18T11:28:04","slug":"privacy-policy","status":"publish","type":"page","link":"https:\/\/tetra-farm.com\/es\/privacy-policy\/","title":{"rendered":"Pol\u00edtica de Privacidad"},"content":{"rendered":"<p><strong>Pol\u00edtica de Privacidad<\/strong><\/p>\n<p>El sitio web Tetra-farm.com es propiedad de Oncobeam AG y est\u00e1 operado por esta empresa (\u00abnosotros\u00bb, \u00abnuestro\u00bb). Tetra-farm.com comprende la importancia de proteger la privacidad de sus usuarios. Al usar el sitio web Tetra-farm.com (\u00abSitio\u00bb) y enviar su informaci\u00f3n a trav\u00e9s del Sitio, usted (en adelante \u00abusted\u00bb, \u00absu\u00bb o \u00abusuario\u00bb) da su consentimiento para la recopilaci\u00f3n, uso y divulgaci\u00f3n de su informaci\u00f3n personal seg\u00fan lo establecido en esta Pol\u00edtica de Privacidad. Nunca compartiremos su informaci\u00f3n con terceros.<\/p>\n<p><strong>Menores de edad<\/strong><\/p>\n<p>No permitimos conscientemente que usuarios menores de dieciocho (18) a\u00f1os utilicen o accedan a los servicios del Sitio. No solicitamos informaci\u00f3n personal (ni ning\u00fan tipo de informaci\u00f3n) de personas menores de 18 a\u00f1os. Como no recopilamos intencionadamente informaci\u00f3n de ni\u00f1os menores de 18 a\u00f1os, tampoco compartimos ni divulgamos dicha informaci\u00f3n a terceros. Si usted tiene menos de 18 a\u00f1os, no puede utilizar el Sitio. Si cree que un ni\u00f1o menor de 18 a\u00f1os nos ha proporcionado informaci\u00f3n, p\u00f3ngase en contacto con nosotros en admin@tetra-farm.com.<\/p>\n<p><strong>Informaci\u00f3n Recopilada y Recibida por el Sitio<\/strong><\/p>\n<p>Recopilamos informaci\u00f3n para proporcionar los servicios del Sitio a nuestros usuarios, mejorar la experiencia del usuario y comunicarnos con los usuarios sobre el Sitio y sus servicios. La informaci\u00f3n que recopilamos depende de la interacci\u00f3n particular del usuario con el Sitio. Por ejemplo, la informaci\u00f3n recopilada de los usuarios que simplemente navegan por el Sitio (consulte la secci\u00f3n \u00abInformaci\u00f3n de Archivos de Registro y Cookies\u00bb a continuaci\u00f3n) difiere de la recopilada de los usuarios que crean una cuenta o perfil y\/o realizan transacciones a trav\u00e9s del Sitio (consulte la secci\u00f3n \u00abInformaci\u00f3n Personal y Comercial\u00bb a continuaci\u00f3n). Diferentes partes de esta Pol\u00edtica de Privacidad pueden aplicarse a los usuarios en diferentes momentos, seg\u00fan c\u00f3mo interact\u00faen con el Sitio.<\/p>\n<p><strong>Informaci\u00f3n de Archivos de Registro y Cookies<\/strong><\/p>\n<p>*Archivos de Registro*. Para todos los usuarios del Sitio, el servidor web del Sitio utiliza un formato de archivo de registro extendido que captura: la fecha y hora de la visita, la direcci\u00f3n de referencia (el sitio desde el que un visitante llega al Sitio), el tipo de navegador de Internet y la direcci\u00f3n IP del visitante (a cada computadora conectada a Internet se le asigna un n\u00famero \u00fanico, una direcci\u00f3n IP, para fines de identificaci\u00f3n). Los archivos de registro no capturan la direcci\u00f3n de correo electr\u00f3nico del usuario.<\/p>\n<p><strong>*Cookies*.<\/strong> Una cookie es una serie de datos que, cuando se programa en un sitio web, el servidor web coloca en la carpeta de la aplicaci\u00f3n del navegador de su computadora. Una vez colocada en su dispositivo, la cookie permitir\u00e1 que el sitio web lo \u00abrecuerde\u00bb como un individuo \u00fanico. El Sitio utiliza cookies para personalizar la informaci\u00f3n para ciertos segmentos de su base de clientes. En algunos casos, las cookies tambi\u00e9n se utilizan para asociar a los usuarios individuales con sus perfiles de informaci\u00f3n cuando los usuarios han optado por crear dicho perfil. Por ejemplo, mediante el uso de cookies, el Sitio puede \u00abrecordar\u00bb su identificaci\u00f3n de usuario cuando inicie sesi\u00f3n en el Sitio en su computadora. Si lo desea, puede eliminar las cookies de su disco duro, y ciertos navegadores web se pueden configurar para que no utilicen ni guarden cookies. Consulte con el proveedor de su navegador para obtener m\u00e1s informaci\u00f3n sobre c\u00f3mo eliminar las cookies.<\/p>\n<p>Si no ha registrado una cuenta con nosotros, los archivos de registro y las cookies no nos permiten determinar la identidad del usuario. Sin embargo, como se mencion\u00f3 anteriormente, esta informaci\u00f3n puede ayudarnos a determinar la URL del sitio web que visit\u00f3 antes de llegar a este sitio, el tipo de navegador o dispositivo m\u00f3vil que est\u00e1 utilizando para acceder al Sitio, su direcci\u00f3n IP, idioma, ubicaci\u00f3n geogr\u00e1fica aproximada y zona horaria. Nosotros y\/o nuestros proveedores de servicios autorizados de terceros podemos recopilar autom\u00e1ticamente esta informaci\u00f3n cuando acceda y utilice el Sitio a trav\u00e9s de herramientas electr\u00f3nicas como archivos de registro y cookies. Utilizamos informaci\u00f3n no identificable para solucionar problemas, administrar el Sitio y sus servicios, analizar tendencias, recopilar informaci\u00f3n demogr\u00e1fica, cumplir con la ley aplicable y cooperar con las actividades de las autoridades. Tambi\u00e9n podemos compartir esta informaci\u00f3n con nuestros proveedores de servicios autorizados de terceros para medir la efectividad general de nuestras herramientas en l\u00ednea, contenido y programaci\u00f3n.<\/p>\n<p><strong>Informaci\u00f3n Personal y Comercial<\/strong><\/p>\n<p>Para acceder y utilizar ciertas \u00e1reas y servicios del Sitio, es posible que se solicite a los usuarios que proporcionen informaci\u00f3n personal identificable (incluidos su nombre, direcci\u00f3n, correo electr\u00f3nico y n\u00famero de tel\u00e9fono) e informaci\u00f3n comercial (como nombre de la empresa, direcci\u00f3n y n\u00famero de tel\u00e9fono).<\/p>","protected":false},"excerpt":{"rendered":"<p>Pol\u00edtica de Privacidad El sitio web Tetra-farm.com es propiedad de Oncobeam AG y est\u00e1 operado por esta empresa (\u00abnosotros\u00bb, \u00abnuestro\u00bb). Tetra-farm.com comprende la importancia de proteger la privacidad de sus usuarios. Al usar el sitio web Tetra-farm.com (\u00abSitio\u00bb) y enviar su informaci\u00f3n a trav\u00e9s del Sitio, usted (en adelante \u00abusted\u00bb, \u00absu\u00bb o \u00abusuario\u00bb) da su [&hellip;]<\/p>\n","protected":false},"author":1,"featured_media":0,"parent":0,"menu_order":0,"comment_status":"closed","ping_status":"closed","template":"","meta":{"footnotes":""},"class_list":["post-48","page","type-page","status-publish","hentry"],"acf":[],"yoast_head":"<!-- This site is optimized with the Yoast SEO plugin v23.8 - https:\/\/yoast.com\/wordpress\/plugins\/seo\/ -->\n<title>Pol\u00edtica de Privacidad - Tetra Farm<\/title>\n<meta name=\"robots\" content=\"index, follow, max-snippet:-1, max-image-preview:large, max-video-preview:-1\" \/>\n<link rel=\"canonical\" href=\"https:\/\/tetra-farm.com\/es\/privacy-policy\/\" \/>\n<meta property=\"og:locale\" content=\"es_ES\" \/>\n<meta property=\"og:type\" content=\"article\" \/>\n<meta property=\"og:title\" content=\"Pol\u00edtica de Privacidad - Tetra Farm\" \/>\n<meta property=\"og:description\" content=\"Pol\u00edtica de Privacidad El sitio web Tetra-farm.com es propiedad de Oncobeam AG y est\u00e1 operado por esta empresa (\u00abnosotros\u00bb, \u00abnuestro\u00bb). Tetra-farm.com comprende la importancia de proteger la privacidad de sus usuarios. Al usar el sitio web Tetra-farm.com (\u00abSitio\u00bb) y enviar su informaci\u00f3n a trav\u00e9s del Sitio, usted (en adelante \u00abusted\u00bb, \u00absu\u00bb o \u00abusuario\u00bb) da su [&hellip;]\" \/>\n<meta property=\"og:url\" content=\"https:\/\/tetra-farm.com\/es\/privacy-policy\/\" \/>\n<meta property=\"og:site_name\" content=\"Tetra Farm\" \/>\n<meta property=\"article:modified_time\" content=\"2024-11-18T11:28:04+00:00\" \/>\n<meta name=\"twitter:card\" content=\"summary_large_image\" \/>\n<meta name=\"twitter:label1\" content=\"Tiempo de lectura\" \/>\n\t<meta name=\"twitter:data1\" content=\"3 minutos\" \/>\n<script type=\"application\/ld+json\" class=\"yoast-schema-graph\">{\"@context\":\"https:\/\/schema.org\",\"@graph\":[{\"@type\":\"WebPage\",\"@id\":\"https:\/\/tetra-farm.com\/es\/privacy-policy\/\",\"url\":\"https:\/\/tetra-farm.com\/es\/privacy-policy\/\",\"name\":\"Pol\u00edtica de Privacidad - Tetra Farm\",\"isPartOf\":{\"@id\":\"https:\/\/tetra-farm.com\/es\/#website\"},\"datePublished\":\"2024-10-17T01:58:28+00:00\",\"dateModified\":\"2024-11-18T11:28:04+00:00\",\"breadcrumb\":{\"@id\":\"https:\/\/tetra-farm.com\/es\/privacy-policy\/#breadcrumb\"},\"inLanguage\":\"es\",\"potentialAction\":[{\"@type\":\"ReadAction\",\"target\":[[\"https:\/\/tetra-farm.com\/es\/privacy-policy\/\"]]}]},{\"@type\":\"BreadcrumbList\",\"@id\":\"https:\/\/tetra-farm.com\/es\/privacy-policy\/#breadcrumb\",\"itemListElement\":[{\"@type\":\"ListItem\",\"position\":1,\"name\":\"Home\",\"item\":\"https:\/\/tetra-farm.com\/es\/\"},{\"@type\":\"ListItem\",\"position\":2,\"name\":\"Privacy Policy\"}]},{\"@type\":\"WebSite\",\"@id\":\"https:\/\/tetra-farm.com\/es\/#website\",\"url\":\"https:\/\/tetra-farm.com\/es\/\",\"name\":\"Tetra Farm\",\"description\":\"\",\"potentialAction\":[{\"@type\":\"SearchAction\",\"target\":{\"@type\":\"EntryPoint\",\"urlTemplate\":\"https:\/\/tetra-farm.com\/es\/?s={search_term_string}\"},\"query-input\":{\"@type\":\"PropertyValueSpecification\",\"valueRequired\":true,\"valueName\":\"search_term_string\"}}],\"inLanguage\":\"es\"}]}<\/script>\n<!-- \/ Yoast SEO plugin. -->","yoast_head_json":{"title":"Pol\u00edtica de Privacidad - Tetra Farm","robots":{"index":"index","follow":"follow","max-snippet":"max-snippet:-1","max-image-preview":"max-image-preview:large","max-video-preview":"max-video-preview:-1"},"canonical":"https:\/\/tetra-farm.com\/es\/privacy-policy\/","og_locale":"es_ES","og_type":"article","og_title":"Pol\u00edtica de Privacidad - Tetra Farm","og_description":"Pol\u00edtica de Privacidad El sitio web Tetra-farm.com es propiedad de Oncobeam AG y est\u00e1 operado por esta empresa (\u00abnosotros\u00bb, \u00abnuestro\u00bb). Tetra-farm.com comprende la importancia de proteger la privacidad de sus usuarios. Al usar el sitio web Tetra-farm.com (\u00abSitio\u00bb) y enviar su informaci\u00f3n a trav\u00e9s del Sitio, usted (en adelante \u00abusted\u00bb, \u00absu\u00bb o \u00abusuario\u00bb) da su [&hellip;]","og_url":"https:\/\/tetra-farm.com\/es\/privacy-policy\/","og_site_name":"Tetra Farm","article_modified_time":"2024-11-18T11:28:04+00:00","twitter_card":"summary_large_image","twitter_misc":{"Tiempo de lectura":"3 minutos"},"schema":{"@context":"https:\/\/schema.org","@graph":[{"@type":"WebPage","@id":"https:\/\/tetra-farm.com\/es\/privacy-policy\/","url":"https:\/\/tetra-farm.com\/es\/privacy-policy\/","name":"Pol\u00edtica de Privacidad - Tetra Farm","isPartOf":{"@id":"https:\/\/tetra-farm.com\/es\/#website"},"datePublished":"2024-10-17T01:58:28+00:00","dateModified":"2024-11-18T11:28:04+00:00","breadcrumb":{"@id":"https:\/\/tetra-farm.com\/es\/privacy-policy\/#breadcrumb"},"inLanguage":"es","potentialAction":[{"@type":"ReadAction","target":[["https:\/\/tetra-farm.com\/es\/privacy-policy\/"]]}]},{"@type":"BreadcrumbList","@id":"https:\/\/tetra-farm.com\/es\/privacy-policy\/#breadcrumb","itemListElement":[{"@type":"ListItem","position":1,"name":"Home","item":"https:\/\/tetra-farm.com\/es\/"},{"@type":"ListItem","position":2,"name":"Privacy Policy"}]},{"@type":"WebSite","@id":"https:\/\/tetra-farm.com\/es\/#website","url":"https:\/\/tetra-farm.com\/es\/","name":"Tetra Farm","description":"","potentialAction":[{"@type":"SearchAction","target":{"@type":"EntryPoint","urlTemplate":"https:\/\/tetra-farm.com\/es\/?s={search_term_string}"},"query-input":{"@type":"PropertyValueSpecification","valueRequired":true,"valueName":"search_term_string"}}],"inLanguage":"es"}]}},"_links":{"self":[{"href":"https:\/\/tetra-farm.com\/es\/wp-json\/wp\/v2\/pages\/48","targetHints":{"allow":["GET"]}}],"collection":[{"href":"https:\/\/tetra-farm.com\/es\/wp-json\/wp\/v2\/pages"}],"about":[{"href":"https:\/\/tetra-farm.com\/es\/wp-json\/wp\/v2\/types\/page"}],"author":[{"embeddable":true,"href":"https:\/\/tetra-farm.com\/es\/wp-json\/wp\/v2\/users\/1"}],"replies":[{"embeddable":true,"href":"https:\/\/tetra-farm.com\/es\/wp-json\/wp\/v2\/comments?post=48"}],"version-history":[{"count":4,"href":"https:\/\/tetra-farm.com\/es\/wp-json\/wp\/v2\/pages\/48\/revisions"}],"predecessor-version":[{"id":1048,"href":"https:\/\/tetra-farm.com\/es\/wp-json\/wp\/v2\/pages\/48\/revisions\/1048"}],"wp:attachment":[{"href":"https:\/\/tetra-farm.com\/es\/wp-json\/wp\/v2\/media?parent=48"}],"curies":[{"name":"wp","href":"https:\/\/api.w.org\/{rel}","templated":true}]}}