{"id":46,"date":"2024-10-17T01:54:36","date_gmt":"2024-10-17T01:54:36","guid":{"rendered":"https:\/\/tetra-farm.com\/?page_id=46"},"modified":"2024-12-09T09:15:33","modified_gmt":"2024-12-09T09:15:33","slug":"terms-and-conditions","status":"publish","type":"page","link":"https:\/\/tetra-farm.com\/es\/terms-and-conditions\/","title":{"rendered":"T\u00e9rminos y condiciones"},"content":{"rendered":"<p>Bienvenido a tetra-farm.com (en adelante, \u00abel Sitio\u00bb). Estos T\u00e9rminos de Uso (\u00abT\u00e9rminos\u00bb) regulan su acceso y uso del Sitio, as\u00ed como todos los productos y servicios relacionados (\u00abServicios\u00bb).<\/p>\n<p>Este Sitio opera \u00abTAL CUAL\u00bb y \u00abCOMO EST\u00c1 DISPONIBLE\u00bb, sin garant\u00edas de ning\u00fan otro tipo. No somos responsables de eventos m\u00e1s all\u00e1 de nuestro control directo. Esta Pol\u00edtica de Privacidad est\u00e1 gobernada por las leyes federales de la Suiza. Cualquier acci\u00f3n legal contra nosotros que surja de o en relaci\u00f3n con el Sitio o cualquier servicio ofrecido o proporcionado desde el mismo debe iniciarse en la Suiza.<\/p>\n<p><strong>\u00bfC\u00f3mo contacto a Tetra-farm.com?<\/strong><br \/>\nDue\u00f1o del Sitio<br \/>\nONCOBEAM AG,<br \/>\nNeufrankengasse 22,<br \/>\n8004 Zurich,<br \/>\nSwiss<\/p>\n<p>Por favor, lea estos T\u00e9rminos cuidadosamente antes de usar el Sitio y los Servicios. Al usar el Sitio o los Servicios, usted acepta cumplir con estos T\u00e9rminos.<\/p>\n<p><strong>Disposiciones generales<\/strong><br \/>\n1.1. El Sitio y los Servicios son proporcionados por Tetra Farm (\u00abla Compa\u00f1\u00eda\u00bb).<br \/>\n1.2. Los servicios para la aceptaci\u00f3n e intercambio de criptomonedas en el Sitio son proporcionados por Coinverse s.r.o. (\u00abCoinverse\u00bb).<br \/>\n1.3. La Compa\u00f1\u00eda se reserva el derecho de modificar, a\u00f1adir o eliminar partes de estos T\u00e9rminos en cualquier momento sin previo aviso. Su uso continuado del Sitio y los Servicios despu\u00e9s de que se realicen cambios significa que usted acepta los T\u00e9rminos actualizados.<\/p>\n<p><strong>Uso del Sitio y los Servicios<\/strong><br \/>\n2.1. Para acceder a algunas caracter\u00edsticas del Sitio y los Servicios, es posible que necesite crear una cuenta. Usted es responsable de mantener la confidencialidad de la informaci\u00f3n de su cuenta y contrase\u00f1a.<br \/>\n2.2. Usted acepta usar el Sitio y los Servicios solo para fines legales y de acuerdo con estos T\u00e9rminos.<br \/>\n2.3. No debe usar el Sitio y los Servicios de manera que pueda da\u00f1ar, deshabilitar, sobrecargar o perjudicar el Sitio o los Servicios.<\/p>\n<p><strong>Propiedad intelectual<\/strong><br \/>\n3.1. Todos los materiales publicados en el Sitio, incluidos textos, im\u00e1genes, logotipos, contenido de audio y video, son propiedad de la Compa\u00f1\u00eda o sus licenciantes y est\u00e1n protegidos por las leyes de propiedad intelectual.<br \/>\n3.2. No tiene derecho a copiar, modificar, distribuir, transmitir, mostrar, reproducir, publicar, licenciar, crear obras derivadas o usar cualquier contenido del Sitio sin el permiso previo por escrito de la Compa\u00f1\u00eda.<\/p>\n<p><strong>Compra de tokens NFT y TLREF<\/strong><br \/>\n4.1. Al comprar NFT en el Sitio, adquiere el derecho a un lugar de plantaci\u00f3n en los invernaderos de la Compa\u00f1\u00eda para cultivar cannabis medicinal.<br \/>\n4.2. Los tokens TLREF se otorgan como parte del programa de referidos del Sitio. 1 TLREF es equivalente a 1 Franco Suizo (CHF).<br \/>\n4.3. Puede intercambiar los tokens TLREF ganados por el stablecoin USDT a una tasa establecida por la Compa\u00f1\u00eda, o usarlos para comprar NFT en el Sitio.<br \/>\n4.4. Los servicios de aceptaci\u00f3n de pagos e intercambio de criptomonedas, incluidos para TLREF y USDT, son proporcionados por Coinverse de acuerdo con sus reglas y condiciones.<\/p>\n<p><strong>Distribuci\u00f3n de beneficios<\/strong><br \/>\n5.1. Los beneficios generados de la venta de cannabis medicinal cultivado ser\u00e1n distribuidos entre todos los propietarios de NFT proporcionalmente al n\u00famero de NFT que posean.<br \/>\n5.2. La Compa\u00f1\u00eda se reserva el derecho de cambiar las reglas de distribuci\u00f3n de beneficios en cualquier momento sin previo aviso.<\/p>\n<p><strong>Limitaci\u00f3n de responsabilidad<\/strong><br \/>\n6.1. El Sitio y los Servicios se proporcionan en una base \u00abtal cual\u00bb y \u00abcomo est\u00e1 disponible\u00bb. La Compa\u00f1\u00eda y Coinverse no ofrecen garant\u00edas, expresas o impl\u00edcitas, con respecto al Sitio y los Servicios.<br \/>\n6.2. La Compa\u00f1\u00eda y Coinverse no son responsables por da\u00f1os directos, indirectos, incidentales, consecuentes o punitivos que surjan del uso o la incapacidad de usar el Sitio o los Servicios.<\/p>\n<p><strong>Ley aplicable y jurisdicci\u00f3n<\/strong><br \/>\n7.1. Estos T\u00e9rminos se rigen e interpretan de acuerdo con las leyes del pa\u00eds donde est\u00e1 registrada la Compa\u00f1\u00eda.<br \/>\n7.2. Cualquier disputa que surja de estos T\u00e9rminos se resolver\u00e1 en los tribunales del lugar de registro de la Compa\u00f1\u00eda.<\/p>\n<p>Si tiene alguna pregunta sobre estos T\u00e9rminos, cont\u00e1ctenos en info@tetra-farm.com o Coinverse en support@coinverse.exchange.<\/p>","protected":false},"excerpt":{"rendered":"<p>Bienvenido a tetra-farm.com (en adelante, \u00abel Sitio\u00bb). Estos T\u00e9rminos de Uso (\u00abT\u00e9rminos\u00bb) regulan su acceso y uso del Sitio, as\u00ed como todos los productos y servicios relacionados (\u00abServicios\u00bb). Este Sitio opera \u00abTAL CUAL\u00bb y \u00abCOMO EST\u00c1 DISPONIBLE\u00bb, sin garant\u00edas de ning\u00fan otro tipo. No somos responsables de eventos m\u00e1s all\u00e1 de nuestro control directo. Esta [&hellip;]<\/p>\n","protected":false},"author":1,"featured_media":0,"parent":0,"menu_order":0,"comment_status":"closed","ping_status":"closed","template":"","meta":{"footnotes":""},"class_list":["post-46","page","type-page","status-publish","hentry"],"acf":[],"yoast_head":"<!-- This site is optimized with the Yoast SEO plugin v23.8 - https:\/\/yoast.com\/wordpress\/plugins\/seo\/ -->\n<title>T\u00e9rminos y condiciones - Tetra Farm<\/title>\n<meta name=\"robots\" content=\"index, follow, max-snippet:-1, max-image-preview:large, max-video-preview:-1\" \/>\n<link rel=\"canonical\" href=\"https:\/\/tetra-farm.com\/es\/terms-and-conditions\/\" \/>\n<meta property=\"og:locale\" content=\"es_ES\" \/>\n<meta property=\"og:type\" content=\"article\" \/>\n<meta property=\"og:title\" content=\"T\u00e9rminos y condiciones - Tetra Farm\" \/>\n<meta property=\"og:description\" content=\"Bienvenido a tetra-farm.com (en adelante, \u00abel Sitio\u00bb). Estos T\u00e9rminos de Uso (\u00abT\u00e9rminos\u00bb) regulan su acceso y uso del Sitio, as\u00ed como todos los productos y servicios relacionados (\u00abServicios\u00bb). Este Sitio opera \u00abTAL CUAL\u00bb y \u00abCOMO EST\u00c1 DISPONIBLE\u00bb, sin garant\u00edas de ning\u00fan otro tipo. No somos responsables de eventos m\u00e1s all\u00e1 de nuestro control directo. Esta [&hellip;]\" \/>\n<meta property=\"og:url\" content=\"https:\/\/tetra-farm.com\/es\/terms-and-conditions\/\" \/>\n<meta property=\"og:site_name\" content=\"Tetra Farm\" \/>\n<meta property=\"article:modified_time\" content=\"2024-12-09T09:15:33+00:00\" \/>\n<meta name=\"twitter:card\" content=\"summary_large_image\" \/>\n<meta name=\"twitter:label1\" content=\"Tiempo de lectura\" \/>\n\t<meta name=\"twitter:data1\" content=\"3 minutos\" \/>\n<script type=\"application\/ld+json\" class=\"yoast-schema-graph\">{\"@context\":\"https:\/\/schema.org\",\"@graph\":[{\"@type\":\"WebPage\",\"@id\":\"https:\/\/tetra-farm.com\/es\/terms-and-conditions\/\",\"url\":\"https:\/\/tetra-farm.com\/es\/terms-and-conditions\/\",\"name\":\"T\u00e9rminos y condiciones - Tetra Farm\",\"isPartOf\":{\"@id\":\"https:\/\/tetra-farm.com\/es\/#website\"},\"datePublished\":\"2024-10-17T01:54:36+00:00\",\"dateModified\":\"2024-12-09T09:15:33+00:00\",\"breadcrumb\":{\"@id\":\"https:\/\/tetra-farm.com\/es\/terms-and-conditions\/#breadcrumb\"},\"inLanguage\":\"es\",\"potentialAction\":[{\"@type\":\"ReadAction\",\"target\":[[\"https:\/\/tetra-farm.com\/es\/terms-and-conditions\/\"]]}]},{\"@type\":\"BreadcrumbList\",\"@id\":\"https:\/\/tetra-farm.com\/es\/terms-and-conditions\/#breadcrumb\",\"itemListElement\":[{\"@type\":\"ListItem\",\"position\":1,\"name\":\"Home\",\"item\":\"https:\/\/tetra-farm.com\/es\/\"},{\"@type\":\"ListItem\",\"position\":2,\"name\":\"Terms and Conditions\"}]},{\"@type\":\"WebSite\",\"@id\":\"https:\/\/tetra-farm.com\/es\/#website\",\"url\":\"https:\/\/tetra-farm.com\/es\/\",\"name\":\"Tetra Farm\",\"description\":\"\",\"potentialAction\":[{\"@type\":\"SearchAction\",\"target\":{\"@type\":\"EntryPoint\",\"urlTemplate\":\"https:\/\/tetra-farm.com\/es\/?s={search_term_string}\"},\"query-input\":{\"@type\":\"PropertyValueSpecification\",\"valueRequired\":true,\"valueName\":\"search_term_string\"}}],\"inLanguage\":\"es\"}]}<\/script>\n<!-- \/ Yoast SEO plugin. -->","yoast_head_json":{"title":"T\u00e9rminos y condiciones - Tetra Farm","robots":{"index":"index","follow":"follow","max-snippet":"max-snippet:-1","max-image-preview":"max-image-preview:large","max-video-preview":"max-video-preview:-1"},"canonical":"https:\/\/tetra-farm.com\/es\/terms-and-conditions\/","og_locale":"es_ES","og_type":"article","og_title":"T\u00e9rminos y condiciones - Tetra Farm","og_description":"Bienvenido a tetra-farm.com (en adelante, \u00abel Sitio\u00bb). Estos T\u00e9rminos de Uso (\u00abT\u00e9rminos\u00bb) regulan su acceso y uso del Sitio, as\u00ed como todos los productos y servicios relacionados (\u00abServicios\u00bb). Este Sitio opera \u00abTAL CUAL\u00bb y \u00abCOMO EST\u00c1 DISPONIBLE\u00bb, sin garant\u00edas de ning\u00fan otro tipo. No somos responsables de eventos m\u00e1s all\u00e1 de nuestro control directo. Esta [&hellip;]","og_url":"https:\/\/tetra-farm.com\/es\/terms-and-conditions\/","og_site_name":"Tetra Farm","article_modified_time":"2024-12-09T09:15:33+00:00","twitter_card":"summary_large_image","twitter_misc":{"Tiempo de lectura":"3 minutos"},"schema":{"@context":"https:\/\/schema.org","@graph":[{"@type":"WebPage","@id":"https:\/\/tetra-farm.com\/es\/terms-and-conditions\/","url":"https:\/\/tetra-farm.com\/es\/terms-and-conditions\/","name":"T\u00e9rminos y condiciones - Tetra Farm","isPartOf":{"@id":"https:\/\/tetra-farm.com\/es\/#website"},"datePublished":"2024-10-17T01:54:36+00:00","dateModified":"2024-12-09T09:15:33+00:00","breadcrumb":{"@id":"https:\/\/tetra-farm.com\/es\/terms-and-conditions\/#breadcrumb"},"inLanguage":"es","potentialAction":[{"@type":"ReadAction","target":[["https:\/\/tetra-farm.com\/es\/terms-and-conditions\/"]]}]},{"@type":"BreadcrumbList","@id":"https:\/\/tetra-farm.com\/es\/terms-and-conditions\/#breadcrumb","itemListElement":[{"@type":"ListItem","position":1,"name":"Home","item":"https:\/\/tetra-farm.com\/es\/"},{"@type":"ListItem","position":2,"name":"Terms and Conditions"}]},{"@type":"WebSite","@id":"https:\/\/tetra-farm.com\/es\/#website","url":"https:\/\/tetra-farm.com\/es\/","name":"Tetra Farm","description":"","potentialAction":[{"@type":"SearchAction","target":{"@type":"EntryPoint","urlTemplate":"https:\/\/tetra-farm.com\/es\/?s={search_term_string}"},"query-input":{"@type":"PropertyValueSpecification","valueRequired":true,"valueName":"search_term_string"}}],"inLanguage":"es"}]}},"_links":{"self":[{"href":"https:\/\/tetra-farm.com\/es\/wp-json\/wp\/v2\/pages\/46","targetHints":{"allow":["GET"]}}],"collection":[{"href":"https:\/\/tetra-farm.com\/es\/wp-json\/wp\/v2\/pages"}],"about":[{"href":"https:\/\/tetra-farm.com\/es\/wp-json\/wp\/v2\/types\/page"}],"author":[{"embeddable":true,"href":"https:\/\/tetra-farm.com\/es\/wp-json\/wp\/v2\/users\/1"}],"replies":[{"embeddable":true,"href":"https:\/\/tetra-farm.com\/es\/wp-json\/wp\/v2\/comments?post=46"}],"version-history":[{"count":3,"href":"https:\/\/tetra-farm.com\/es\/wp-json\/wp\/v2\/pages\/46\/revisions"}],"predecessor-version":[{"id":1322,"href":"https:\/\/tetra-farm.com\/es\/wp-json\/wp\/v2\/pages\/46\/revisions\/1322"}],"wp:attachment":[{"href":"https:\/\/tetra-farm.com\/es\/wp-json\/wp\/v2\/media?parent=46"}],"curies":[{"name":"wp","href":"https:\/\/api.w.org\/{rel}","templated":true}]}}