{"id":1314,"date":"2024-12-06T11:45:41","date_gmt":"2024-12-06T11:45:41","guid":{"rendered":"https:\/\/tetra-farm.com\/?page_id=1314"},"modified":"2024-12-06T11:49:03","modified_gmt":"2024-12-06T11:49:03","slug":"white-paper","status":"publish","type":"page","link":"https:\/\/tetra-farm.com\/es\/white-paper\/","title":{"rendered":"Libro blanco"},"content":{"rendered":"<p><b>Tetra Farm<\/b><span style=\"font-weight: 400;\"> es un proyecto innovador en el campo del cannabis medicinal llevado a cabo por la empresa suiza <\/span><b>Oncobeam AG<\/b><span style=\"font-weight: 400;\">. Fundada en 2022, Tetra Farm se especializa exclusivamente en el cultivo de cannabis medicinal y ya se ha consolidado como un productor confiable de productos de alta calidad en el mercado suizo.<\/span><\/p>\n<p><span style=\"font-weight: 400;\">Nuestras operaciones son completamente legales y cumplen con todas las normativas suizas. La empresa cuenta con todas las licencias necesarias para el cultivo y la venta de cannabis medicinal. Cada etapa de producci\u00f3n est\u00e1 sujeta a estrictos controles de calidad y certificaci\u00f3n, garantizando que nuestros productos cumplan con los m\u00e1s altos est\u00e1ndares m\u00e9dicos.<\/span><\/p>\n<p><span style=\"font-weight: 400;\">Prestamos especial atenci\u00f3n a las tecnolog\u00edas innovadoras de cultivo y al control de calidad de nuestros productos. Nuestro equipo est\u00e1 compuesto por especialistas experimentados en agronom\u00eda, lo que nos permite lograr resultados excepcionales en el cultivo de cannabis medicinal.<\/span><\/p>\n<p><span style=\"font-weight: 400;\">Como parte de nuestra estrategia de desarrollo a largo plazo, la empresa planea lanzar un <\/span><b>IDO<\/b><span style=\"font-weight: 400;\"> (Initial DEX Offering) despu\u00e9s de alcanzar el objetivo de operar 20 invernaderos. Durante este proceso, todos los NFTs de los inversores ser\u00e1n convertidos en acciones de la empresa, ofreciendo oportunidades adicionales a nuestros primeros inversores.<\/span><\/p>\n<p><span style=\"font-weight: 400;\">Actualmente, Tetra Farm gestiona con \u00e9xito su primer invernadero de alta tecnolog\u00eda, capaz de cultivar hasta 5,000 plantas de cannabis medicinal. Todos los productos se comercializan a trav\u00e9s de un contrato a largo plazo con una organizaci\u00f3n m\u00e9dica suiza, lo que garantiza una demanda estable y ingresos asegurados.<\/span><\/p>\n<p><span style=\"font-weight: 400;\">La eficiencia de nuestra producci\u00f3n se demuestra no solo a trav\u00e9s de los resultados comerciales, sino tambi\u00e9n por el reconocimiento de la comunidad profesional. Nuestros especialistas han sido galardonados en m\u00faltiples ocasiones en exposiciones especializadas en Suiza, lo que confirma la alta calidad de nuestros productos y la innovaci\u00f3n de nuestras tecnolog\u00edas.<\/span><\/p>\n<p><span style=\"font-weight: 400;\">Nuestro primer invernadero ha mostrado excelentes resultados en t\u00e9rminos de rendimiento y rentabilidad, lo que crea una base s\u00f3lida para la expansi\u00f3n futura de nuestro negocio. La demanda estable de nuestros productos y los procesos de producci\u00f3n optimizados nos permiten avanzar con confianza hacia la siguiente etapa de desarrollo de la empresa.<\/span><\/p>\n<p><span style=\"font-weight: 400;\">Bas\u00e1ndonos en el \u00e9xito del primer invernadero, <\/span><b>Oncobeam AG<\/b><span style=\"font-weight: 400;\"> ha comenzado a implementar un ambicioso programa de expansi\u00f3n. Nuestro objetivo estrat\u00e9gico es crear una red de invernaderos de alta tecnolog\u00eda para el a\u00f1o 2028, lo que aumentar\u00e1 significativamente la capacidad de producci\u00f3n de la empresa y fortalecer\u00e1 nuestra posici\u00f3n en el mercado del cannabis medicinal.<\/span><\/p>\n<p><span style=\"font-weight: 400;\">Cada nuevo invernadero estar\u00e1 equipado con tecnolog\u00edas avanzadas de cultivo y sistemas de control de calidad para garantizar una calidad constante y elevada de los productos. La expansi\u00f3n se realiza con el pleno apoyo de nuestros socios en el sector m\u00e9dico, lo que facilita la distribuci\u00f3n de todos los productos.<\/span><\/p>\n<p><span style=\"font-weight: 400;\">Un aspecto importante de nuestro desarrollo es el plan para lanzar un IDO despu\u00e9s de alcanzar el objetivo de 20 invernaderos. En este marco, todos los NFTs de los primeros inversores se convertir\u00e1n en acciones de la empresa, lo que abre oportunidades adicionales para aumentar el valor de las inversiones iniciales.<\/span><\/p>\n<p><span style=\"font-weight: 400;\">Para apoyar nuestro programa de expansi\u00f3n, Tetra Farm ofrece una oportunidad \u00fanica de inversi\u00f3n a trav\u00e9s de NFTs. Presentamos dos colecciones de inversi\u00f3n, cada una de las cuales otorga el derecho a una parte de las ganancias de unidades espec\u00edficas de producci\u00f3n:<\/span><\/p>\n<p><b>Primera Colecci\u00f3n:<\/b><\/p>\n<ul>\n<li style=\"font-weight: 400;\" aria-level=\"1\"><b>Precio:<\/b><span style=\"font-weight: 400;\"> 300 francos suizos<\/span><\/li>\n<li style=\"font-weight: 400;\" aria-level=\"1\"><b>Participaci\u00f3n en beneficios:<\/b><span style=\"font-weight: 400;\"> 1\/10 de una planta en el invernadero en funcionamiento<\/span><\/li>\n<li style=\"font-weight: 400;\" aria-level=\"1\"><span style=\"font-weight: 400;\">Ideal para inversores que deseen comenzar con peque\u00f1as inversiones<\/span><\/li>\n<\/ul>\n<p><b>Segunda Colecci\u00f3n:<\/b><\/p>\n<ul>\n<li style=\"font-weight: 400;\" aria-level=\"1\"><b>Precio:<\/b><span style=\"font-weight: 400;\"> 2,500 francos suizos<\/span><\/li>\n<li style=\"font-weight: 400;\" aria-level=\"1\"><b>Participaci\u00f3n en beneficios:<\/b><span style=\"font-weight: 400;\"> Una planta completa en el invernadero en funcionamiento<\/span><\/li>\n<li style=\"font-weight: 400;\" aria-level=\"1\"><span style=\"font-weight: 400;\">Dise\u00f1ada para inversores dispuestos a realizar inversiones m\u00e1s significativas<\/span><\/li>\n<\/ul>\n<p><span style=\"font-weight: 400;\">La rentabilidad de las inversiones est\u00e1 directamente relacionada con el rendimiento y puede alcanzar hasta un 30% anual. Es importante destacar que los inversores comienzan a recibir beneficios inmediatamente despu\u00e9s de adquirir los NFTs, ya que las inversiones est\u00e1n vinculadas a una producci\u00f3n que ya est\u00e1 en funcionamiento.<\/span><\/p>\n<p><span style=\"font-weight: 400;\">Todos los fondos recaudados a trav\u00e9s de la venta de NFTs se destinan a la construcci\u00f3n de nuevos invernaderos, lo que contribuye a la expansi\u00f3n de la producci\u00f3n y al aumento de la rentabilidad general del proyecto. Despu\u00e9s de alcanzar el objetivo de 20 invernaderos y completar el IDO, sus NFTs se convertir\u00e1n autom\u00e1ticamente en acciones de la empresa.<\/span><\/p>\n<p><span style=\"font-weight: 400;\">Invertir en Tetra Farm a trav\u00e9s de NFTs ofrece varias ventajas significativas:<\/span><\/p>\n<p><b>Participaci\u00f3n inmediata:<\/b><\/p>\n<ul>\n<li style=\"font-weight: 400;\" aria-level=\"1\"><span style=\"font-weight: 400;\">Comience a recibir beneficios inmediatamente despu\u00e9s de adquirir los NFTs<\/span><\/li>\n<li style=\"font-weight: 400;\" aria-level=\"1\"><span style=\"font-weight: 400;\">Los ingresos provienen de un invernadero en funcionamiento, sin per\u00edodo de espera<\/span><\/li>\n<li style=\"font-weight: 400;\" aria-level=\"1\"><span style=\"font-weight: 400;\">Transparencia en la contabilidad de beneficios a trav\u00e9s de una cuenta personal<\/span><\/li>\n<\/ul>\n<p><b>Opciones de participaci\u00f3n flexibles:<\/b><\/p>\n<ul>\n<li style=\"font-weight: 400;\" aria-level=\"1\"><span style=\"font-weight: 400;\">Posibilidad de salir del proyecto en cualquier momento<\/span><\/li>\n<li style=\"font-weight: 400;\" aria-level=\"1\"><span style=\"font-weight: 400;\">Mecanismo sencillo de desactivaci\u00f3n de NFTs a trav\u00e9s de la cuenta personal<\/span><\/li>\n<li style=\"font-weight: 400;\" aria-level=\"1\"><span style=\"font-weight: 400;\">Comercio libre de NFTs en cualquier mercado de NFTs<\/span><\/li>\n<\/ul>\n<p><b>Comodidad para nuevos propietarios:<\/b><\/p>\n<ul>\n<li style=\"font-weight: 400;\" aria-level=\"1\"><span style=\"font-weight: 400;\">Conexi\u00f3n r\u00e1pida al proyecto para compradores de NFTs en el mercado secundario<\/span><\/li>\n<li style=\"font-weight: 400;\" aria-level=\"1\"><span style=\"font-weight: 400;\">Activaci\u00f3n autom\u00e1tica a trav\u00e9s de la cuenta personal vinculada a una billetera criptogr\u00e1fica<\/span><\/li>\n<li style=\"font-weight: 400;\" aria-level=\"1\"><span style=\"font-weight: 400;\">Proceso sencillo de staking de NFTs con un solo clic<\/span><\/li>\n<\/ul>\n<p><b>Perspectivas a largo plazo:<\/b><\/p>\n<ul>\n<li style=\"font-weight: 400;\" aria-level=\"1\"><span style=\"font-weight: 400;\">Conversi\u00f3n autom\u00e1tica de NFTs en acciones de la empresa tras el lanzamiento del IDO<\/span><\/li>\n<li style=\"font-weight: 400;\" aria-level=\"1\"><span style=\"font-weight: 400;\">Dividendos regulares cada 3-4 meses<\/span><\/li>\n<li style=\"font-weight: 400;\" aria-level=\"1\"><span style=\"font-weight: 400;\">Potencial de aumento del valor de los activos tras el IDO<\/span><\/li>\n<\/ul>\n<p><span style=\"font-weight: 400;\">Tetra Farm no solo ofrece una oportunidad de inversi\u00f3n, sino tambi\u00e9n la posibilidad de participar en el desarrollo de un proyecto innovador en la industria del cannabis medicinal, legal y de r\u00e1pido crecimiento, con condiciones de entrada y salida transparentes y claras perspectivas de desarrollo.<\/span><\/p>","protected":false},"excerpt":{"rendered":"<p>Tetra Farm es un proyecto innovador en el campo del cannabis medicinal llevado a cabo por la empresa suiza Oncobeam AG. Fundada en 2022, Tetra Farm se especializa exclusivamente en el cultivo de cannabis medicinal y ya se ha consolidado como un productor confiable de productos de alta calidad en el mercado suizo. Nuestras operaciones [&hellip;]<\/p>\n","protected":false},"author":1,"featured_media":0,"parent":0,"menu_order":0,"comment_status":"closed","ping_status":"closed","template":"","meta":{"footnotes":""},"class_list":["post-1314","page","type-page","status-publish","hentry"],"acf":[],"yoast_head":"<!-- This site is optimized with the Yoast SEO plugin v23.8 - https:\/\/yoast.com\/wordpress\/plugins\/seo\/ -->\n<title>Libro blanco - Tetra Farm<\/title>\n<meta name=\"robots\" content=\"index, follow, max-snippet:-1, max-image-preview:large, max-video-preview:-1\" \/>\n<link rel=\"canonical\" href=\"https:\/\/tetra-farm.com\/es\/white-paper\/\" \/>\n<meta property=\"og:locale\" content=\"es_ES\" \/>\n<meta property=\"og:type\" content=\"article\" \/>\n<meta property=\"og:title\" content=\"Libro blanco - Tetra Farm\" \/>\n<meta property=\"og:description\" content=\"Tetra Farm es un proyecto innovador en el campo del cannabis medicinal llevado a cabo por la empresa suiza Oncobeam AG. Fundada en 2022, Tetra Farm se especializa exclusivamente en el cultivo de cannabis medicinal y ya se ha consolidado como un productor confiable de productos de alta calidad en el mercado suizo. Nuestras operaciones [&hellip;]\" \/>\n<meta property=\"og:url\" content=\"https:\/\/tetra-farm.com\/es\/white-paper\/\" \/>\n<meta property=\"og:site_name\" content=\"Tetra Farm\" \/>\n<meta property=\"article:modified_time\" content=\"2024-12-06T11:49:03+00:00\" \/>\n<meta name=\"twitter:card\" content=\"summary_large_image\" \/>\n<meta name=\"twitter:label1\" content=\"Tiempo de lectura\" \/>\n\t<meta name=\"twitter:data1\" content=\"3 minutos\" \/>\n<script type=\"application\/ld+json\" class=\"yoast-schema-graph\">{\"@context\":\"https:\/\/schema.org\",\"@graph\":[{\"@type\":\"WebPage\",\"@id\":\"https:\/\/tetra-farm.com\/es\/white-paper\/\",\"url\":\"https:\/\/tetra-farm.com\/es\/white-paper\/\",\"name\":\"Libro blanco - Tetra Farm\",\"isPartOf\":{\"@id\":\"https:\/\/tetra-farm.com\/es\/#website\"},\"datePublished\":\"2024-12-06T11:45:41+00:00\",\"dateModified\":\"2024-12-06T11:49:03+00:00\",\"breadcrumb\":{\"@id\":\"https:\/\/tetra-farm.com\/es\/white-paper\/#breadcrumb\"},\"inLanguage\":\"es\",\"potentialAction\":[{\"@type\":\"ReadAction\",\"target\":[[\"https:\/\/tetra-farm.com\/es\/white-paper\/\"]]}]},{\"@type\":\"BreadcrumbList\",\"@id\":\"https:\/\/tetra-farm.com\/es\/white-paper\/#breadcrumb\",\"itemListElement\":[{\"@type\":\"ListItem\",\"position\":1,\"name\":\"Home\",\"item\":\"https:\/\/tetra-farm.com\/es\/\"},{\"@type\":\"ListItem\",\"position\":2,\"name\":\"White Paper\"}]},{\"@type\":\"WebSite\",\"@id\":\"https:\/\/tetra-farm.com\/es\/#website\",\"url\":\"https:\/\/tetra-farm.com\/es\/\",\"name\":\"Tetra Farm\",\"description\":\"\",\"potentialAction\":[{\"@type\":\"SearchAction\",\"target\":{\"@type\":\"EntryPoint\",\"urlTemplate\":\"https:\/\/tetra-farm.com\/es\/?s={search_term_string}\"},\"query-input\":{\"@type\":\"PropertyValueSpecification\",\"valueRequired\":true,\"valueName\":\"search_term_string\"}}],\"inLanguage\":\"es\"}]}<\/script>\n<!-- \/ Yoast SEO plugin. -->","yoast_head_json":{"title":"Libro blanco - Tetra Farm","robots":{"index":"index","follow":"follow","max-snippet":"max-snippet:-1","max-image-preview":"max-image-preview:large","max-video-preview":"max-video-preview:-1"},"canonical":"https:\/\/tetra-farm.com\/es\/white-paper\/","og_locale":"es_ES","og_type":"article","og_title":"Libro blanco - Tetra Farm","og_description":"Tetra Farm es un proyecto innovador en el campo del cannabis medicinal llevado a cabo por la empresa suiza Oncobeam AG. Fundada en 2022, Tetra Farm se especializa exclusivamente en el cultivo de cannabis medicinal y ya se ha consolidado como un productor confiable de productos de alta calidad en el mercado suizo. Nuestras operaciones [&hellip;]","og_url":"https:\/\/tetra-farm.com\/es\/white-paper\/","og_site_name":"Tetra Farm","article_modified_time":"2024-12-06T11:49:03+00:00","twitter_card":"summary_large_image","twitter_misc":{"Tiempo de lectura":"3 minutos"},"schema":{"@context":"https:\/\/schema.org","@graph":[{"@type":"WebPage","@id":"https:\/\/tetra-farm.com\/es\/white-paper\/","url":"https:\/\/tetra-farm.com\/es\/white-paper\/","name":"Libro blanco - Tetra Farm","isPartOf":{"@id":"https:\/\/tetra-farm.com\/es\/#website"},"datePublished":"2024-12-06T11:45:41+00:00","dateModified":"2024-12-06T11:49:03+00:00","breadcrumb":{"@id":"https:\/\/tetra-farm.com\/es\/white-paper\/#breadcrumb"},"inLanguage":"es","potentialAction":[{"@type":"ReadAction","target":[["https:\/\/tetra-farm.com\/es\/white-paper\/"]]}]},{"@type":"BreadcrumbList","@id":"https:\/\/tetra-farm.com\/es\/white-paper\/#breadcrumb","itemListElement":[{"@type":"ListItem","position":1,"name":"Home","item":"https:\/\/tetra-farm.com\/es\/"},{"@type":"ListItem","position":2,"name":"White Paper"}]},{"@type":"WebSite","@id":"https:\/\/tetra-farm.com\/es\/#website","url":"https:\/\/tetra-farm.com\/es\/","name":"Tetra Farm","description":"","potentialAction":[{"@type":"SearchAction","target":{"@type":"EntryPoint","urlTemplate":"https:\/\/tetra-farm.com\/es\/?s={search_term_string}"},"query-input":{"@type":"PropertyValueSpecification","valueRequired":true,"valueName":"search_term_string"}}],"inLanguage":"es"}]}},"_links":{"self":[{"href":"https:\/\/tetra-farm.com\/es\/wp-json\/wp\/v2\/pages\/1314","targetHints":{"allow":["GET"]}}],"collection":[{"href":"https:\/\/tetra-farm.com\/es\/wp-json\/wp\/v2\/pages"}],"about":[{"href":"https:\/\/tetra-farm.com\/es\/wp-json\/wp\/v2\/types\/page"}],"author":[{"embeddable":true,"href":"https:\/\/tetra-farm.com\/es\/wp-json\/wp\/v2\/users\/1"}],"replies":[{"embeddable":true,"href":"https:\/\/tetra-farm.com\/es\/wp-json\/wp\/v2\/comments?post=1314"}],"version-history":[{"count":2,"href":"https:\/\/tetra-farm.com\/es\/wp-json\/wp\/v2\/pages\/1314\/revisions"}],"predecessor-version":[{"id":1316,"href":"https:\/\/tetra-farm.com\/es\/wp-json\/wp\/v2\/pages\/1314\/revisions\/1316"}],"wp:attachment":[{"href":"https:\/\/tetra-farm.com\/es\/wp-json\/wp\/v2\/media?parent=1314"}],"curies":[{"name":"wp","href":"https:\/\/api.w.org\/{rel}","templated":true}]}}