{"id":70,"date":"2024-10-17T09:40:54","date_gmt":"2024-10-17T09:40:54","guid":{"rendered":"https:\/\/tetra-farm.com\/?page_id=70"},"modified":"2024-11-25T14:25:43","modified_gmt":"2024-11-25T14:25:43","slug":"social-equity-program","status":"publish","type":"page","link":"https:\/\/tetra-farm.com\/de\/social-equity-program\/","title":{"rendered":"Sozialgerechtigkeitsprogramm"},"content":{"rendered":"<p>Das Sozialgerechtigkeitsprogramm von Tetra Farm spiegelt unser Engagement wider, eine gerechtere und inklusivere medizinische Cannabisindustrie zu schaffen. Wir glauben, dass jeder die gleichen Chancen haben sollte, an der Entwicklung dieses vielversprechenden Sektors teilzuhaben.<\/p>\n<p>Tetra Farm entwickelt ein nachhaltiges Gesch\u00e4ftsmodell, bei dem jeder Investor, unabh\u00e4ngig von der H\u00f6he seiner Investition, gleiche Chancen und transparente Teilnahmebedingungen erh\u00e4lt. Alle Vorg\u00e4nge werden in der Blockchain erfasst, um vollst\u00e4ndige Transparenz der Projektaktivit\u00e4ten und der Einkommensverteilung zu gew\u00e4hrleisten.<\/p>\n<p>Wir streben danach, eine Gemeinschaft zu f\u00f6rdern, die auf den Prinzipien von Gleichheit und Gerechtigkeit basiert. Regelm\u00e4\u00dfige Berichterstattung, offener Zugang zu Informationen \u00fcber die Leistung der Gew\u00e4chsh\u00e4user und kontinuierliche Unterst\u00fctzung der Teilnehmer sind integrale Bestandteile unseres Programms. Indem Sie Tetra Farm beitreten, werden Sie Teil einer fairen und transparenten Gemeinschaft in der medizinischen Cannabisindustrie.<\/p>","protected":false},"excerpt":{"rendered":"<p>Das Sozialgerechtigkeitsprogramm von Tetra Farm spiegelt unser Engagement wider, eine gerechtere und inklusivere medizinische Cannabisindustrie zu schaffen. Wir glauben, dass jeder die gleichen Chancen haben sollte, an der Entwicklung dieses vielversprechenden Sektors teilzuhaben. Tetra Farm entwickelt ein nachhaltiges Gesch\u00e4ftsmodell, bei dem jeder Investor, unabh\u00e4ngig von der H\u00f6he seiner Investition, gleiche Chancen und transparente Teilnahmebedingungen erh\u00e4lt. [&hellip;]<\/p>\n","protected":false},"author":1,"featured_media":0,"parent":0,"menu_order":0,"comment_status":"closed","ping_status":"closed","template":"template-pages\/program.php","meta":{"footnotes":""},"class_list":["post-70","page","type-page","status-publish","hentry"],"acf":[],"yoast_head":"<!-- This site is optimized with the Yoast SEO plugin v23.8 - https:\/\/yoast.com\/wordpress\/plugins\/seo\/ -->\n<title>Sozialgerechtigkeitsprogramm - Tetra Farm<\/title>\n<meta name=\"robots\" content=\"index, follow, max-snippet:-1, max-image-preview:large, max-video-preview:-1\" \/>\n<link rel=\"canonical\" href=\"https:\/\/tetra-farm.com\/de\/social-equity-program\/\" \/>\n<meta property=\"og:locale\" content=\"de_DE\" \/>\n<meta property=\"og:type\" content=\"article\" \/>\n<meta property=\"og:title\" content=\"Sozialgerechtigkeitsprogramm - Tetra Farm\" \/>\n<meta property=\"og:description\" content=\"Das Sozialgerechtigkeitsprogramm von Tetra Farm spiegelt unser Engagement wider, eine gerechtere und inklusivere medizinische Cannabisindustrie zu schaffen. Wir glauben, dass jeder die gleichen Chancen haben sollte, an der Entwicklung dieses vielversprechenden Sektors teilzuhaben. Tetra Farm entwickelt ein nachhaltiges Gesch\u00e4ftsmodell, bei dem jeder Investor, unabh\u00e4ngig von der H\u00f6he seiner Investition, gleiche Chancen und transparente Teilnahmebedingungen erh\u00e4lt. [&hellip;]\" \/>\n<meta property=\"og:url\" content=\"https:\/\/tetra-farm.com\/de\/social-equity-program\/\" \/>\n<meta property=\"og:site_name\" content=\"Tetra Farm\" \/>\n<meta property=\"article:modified_time\" content=\"2024-11-25T14:25:43+00:00\" \/>\n<meta name=\"twitter:card\" content=\"summary_large_image\" \/>\n<meta name=\"twitter:label1\" content=\"Gesch\u00e4tzte Lesezeit\" \/>\n\t<meta name=\"twitter:data1\" content=\"1\u00a0Minute\" \/>\n<script type=\"application\/ld+json\" class=\"yoast-schema-graph\">{\"@context\":\"https:\/\/schema.org\",\"@graph\":[{\"@type\":\"WebPage\",\"@id\":\"https:\/\/tetra-farm.com\/de\/social-equity-program\/\",\"url\":\"https:\/\/tetra-farm.com\/de\/social-equity-program\/\",\"name\":\"Sozialgerechtigkeitsprogramm - Tetra Farm\",\"isPartOf\":{\"@id\":\"https:\/\/tetra-farm.com\/de\/#website\"},\"datePublished\":\"2024-10-17T09:40:54+00:00\",\"dateModified\":\"2024-11-25T14:25:43+00:00\",\"breadcrumb\":{\"@id\":\"https:\/\/tetra-farm.com\/de\/social-equity-program\/#breadcrumb\"},\"inLanguage\":\"de\",\"potentialAction\":[{\"@type\":\"ReadAction\",\"target\":[[\"https:\/\/tetra-farm.com\/de\/social-equity-program\/\"]]}]},{\"@type\":\"BreadcrumbList\",\"@id\":\"https:\/\/tetra-farm.com\/de\/social-equity-program\/#breadcrumb\",\"itemListElement\":[{\"@type\":\"ListItem\",\"position\":1,\"name\":\"Home\",\"item\":\"https:\/\/tetra-farm.com\/de\/\"},{\"@type\":\"ListItem\",\"position\":2,\"name\":\"Social equity program\"}]},{\"@type\":\"WebSite\",\"@id\":\"https:\/\/tetra-farm.com\/de\/#website\",\"url\":\"https:\/\/tetra-farm.com\/de\/\",\"name\":\"Tetra Farm\",\"description\":\"\",\"potentialAction\":[{\"@type\":\"SearchAction\",\"target\":{\"@type\":\"EntryPoint\",\"urlTemplate\":\"https:\/\/tetra-farm.com\/de\/?s={search_term_string}\"},\"query-input\":{\"@type\":\"PropertyValueSpecification\",\"valueRequired\":true,\"valueName\":\"search_term_string\"}}],\"inLanguage\":\"de\"}]}<\/script>\n<!-- \/ Yoast SEO plugin. -->","yoast_head_json":{"title":"Sozialgerechtigkeitsprogramm - Tetra Farm","robots":{"index":"index","follow":"follow","max-snippet":"max-snippet:-1","max-image-preview":"max-image-preview:large","max-video-preview":"max-video-preview:-1"},"canonical":"https:\/\/tetra-farm.com\/de\/social-equity-program\/","og_locale":"de_DE","og_type":"article","og_title":"Sozialgerechtigkeitsprogramm - Tetra Farm","og_description":"Das Sozialgerechtigkeitsprogramm von Tetra Farm spiegelt unser Engagement wider, eine gerechtere und inklusivere medizinische Cannabisindustrie zu schaffen. Wir glauben, dass jeder die gleichen Chancen haben sollte, an der Entwicklung dieses vielversprechenden Sektors teilzuhaben. Tetra Farm entwickelt ein nachhaltiges Gesch\u00e4ftsmodell, bei dem jeder Investor, unabh\u00e4ngig von der H\u00f6he seiner Investition, gleiche Chancen und transparente Teilnahmebedingungen erh\u00e4lt. [&hellip;]","og_url":"https:\/\/tetra-farm.com\/de\/social-equity-program\/","og_site_name":"Tetra Farm","article_modified_time":"2024-11-25T14:25:43+00:00","twitter_card":"summary_large_image","twitter_misc":{"Gesch\u00e4tzte Lesezeit":"1\u00a0Minute"},"schema":{"@context":"https:\/\/schema.org","@graph":[{"@type":"WebPage","@id":"https:\/\/tetra-farm.com\/de\/social-equity-program\/","url":"https:\/\/tetra-farm.com\/de\/social-equity-program\/","name":"Sozialgerechtigkeitsprogramm - Tetra Farm","isPartOf":{"@id":"https:\/\/tetra-farm.com\/de\/#website"},"datePublished":"2024-10-17T09:40:54+00:00","dateModified":"2024-11-25T14:25:43+00:00","breadcrumb":{"@id":"https:\/\/tetra-farm.com\/de\/social-equity-program\/#breadcrumb"},"inLanguage":"de","potentialAction":[{"@type":"ReadAction","target":[["https:\/\/tetra-farm.com\/de\/social-equity-program\/"]]}]},{"@type":"BreadcrumbList","@id":"https:\/\/tetra-farm.com\/de\/social-equity-program\/#breadcrumb","itemListElement":[{"@type":"ListItem","position":1,"name":"Home","item":"https:\/\/tetra-farm.com\/de\/"},{"@type":"ListItem","position":2,"name":"Social equity program"}]},{"@type":"WebSite","@id":"https:\/\/tetra-farm.com\/de\/#website","url":"https:\/\/tetra-farm.com\/de\/","name":"Tetra Farm","description":"","potentialAction":[{"@type":"SearchAction","target":{"@type":"EntryPoint","urlTemplate":"https:\/\/tetra-farm.com\/de\/?s={search_term_string}"},"query-input":{"@type":"PropertyValueSpecification","valueRequired":true,"valueName":"search_term_string"}}],"inLanguage":"de"}]}},"_links":{"self":[{"href":"https:\/\/tetra-farm.com\/de\/wp-json\/wp\/v2\/pages\/70","targetHints":{"allow":["GET"]}}],"collection":[{"href":"https:\/\/tetra-farm.com\/de\/wp-json\/wp\/v2\/pages"}],"about":[{"href":"https:\/\/tetra-farm.com\/de\/wp-json\/wp\/v2\/types\/page"}],"author":[{"embeddable":true,"href":"https:\/\/tetra-farm.com\/de\/wp-json\/wp\/v2\/users\/1"}],"replies":[{"embeddable":true,"href":"https:\/\/tetra-farm.com\/de\/wp-json\/wp\/v2\/comments?post=70"}],"version-history":[{"count":6,"href":"https:\/\/tetra-farm.com\/de\/wp-json\/wp\/v2\/pages\/70\/revisions"}],"predecessor-version":[{"id":1265,"href":"https:\/\/tetra-farm.com\/de\/wp-json\/wp\/v2\/pages\/70\/revisions\/1265"}],"wp:attachment":[{"href":"https:\/\/tetra-farm.com\/de\/wp-json\/wp\/v2\/media?parent=70"}],"curies":[{"name":"wp","href":"https:\/\/api.w.org\/{rel}","templated":true}]}}