{"id":67,"date":"2024-10-17T09:39:13","date_gmt":"2024-10-17T09:39:13","guid":{"rendered":"https:\/\/tetra-farm.com\/?page_id=67"},"modified":"2024-11-22T10:26:23","modified_gmt":"2024-11-22T10:26:23","slug":"security","status":"publish","type":"page","link":"https:\/\/tetra-farm.com\/de\/security\/","title":{"rendered":"Sicherheit"},"content":{"rendered":"<p><\/p>\n<h2>Sicherheit und Betrugspr\u00e4vention<\/h2>\n<p>Das wachsende Interesse an Investitionen in NFTs und medizinisches Cannabis zieht die Aufmerksamkeit von Betr\u00fcgern und Hackern auf sich. Dieser Artikel beschreibt bew\u00e4hrte Praktiken zur Verringerung dieser Risiken.<\/p>\n<h2>Erh\u00f6hen Sie Ihr Wissen<\/h2>\n<p>Ein Missverst\u00e4ndnis dar\u00fcber, wie NFTs und Blockchain funktionieren, kann zu kostspieligen Fehlern f\u00fchren. Wenn sich beispielsweise jemand als Support-Mitarbeiter ausgibt, der verlorene TLREF-Token im Austausch gegen Ihre privaten Schl\u00fcssel zur\u00fcckgeben kann, nutzt er das Unwissen dar\u00fcber aus, dass es sich um ein dezentrales Netzwerk handelt, das \u00fcber eine solche Funktionalit\u00e4t nicht verf\u00fcgt. Investitionen in das Verst\u00e4ndnis des Tetra Farm-Systems sind daher eine lohnende Ma\u00dfnahme.<\/p>\n<h2>Sicherheit des Wallets<\/h2>\n<p>Geben Sie Ihre privaten Schl\u00fcssel nicht preis<\/p>\n<p>Teilen Sie niemals und unter keinen Umst\u00e4nden Ihre privaten Schl\u00fcssel!<\/p>\n<p>Ihr privater Wallet-Schl\u00fcssel ist das Passwort zu Ihrem Wallet. Es ist das Einzige, was jemanden davon abh\u00e4lt, der Ihre Wallet-Adresse kennt, diese zu leeren und alle Ihre Verm\u00f6genswerte zu stehlen!<\/p>\n<h2>Was ist ein Wallet?<\/h2>\n<p>Ein Wallet im Tetra Farm-System ist Ihr pers\u00f6nliches Konto, in dem Ihre NFTs und TLREF-Token gespeichert werden. Es bietet Ihnen Zugang zu Ihren Investitionen in Gew\u00e4chsh\u00e4user und erm\u00f6glicht es Ihnen, Eink\u00fcnfte aus dem Verkauf von medizinischem Cannabis zu erzielen.<\/p>\n<p>Machen Sie keine Screenshots Ihrer Seed-Phrasen oder privaten Schl\u00fcssel<\/p>\n<p>Das Erstellen von Screenshots Ihrer Seed-Phrasen oder privaten Schl\u00fcssel kann dazu f\u00fchren, dass sie mit Cloud-Speichern synchronisiert werden, was sie f\u00fcr Hacker zug\u00e4nglich macht. Das Abrufen privater Schl\u00fcssel aus der Cloud ist ein h\u00e4ufiger Angriffsvektor f\u00fcr Hacker.<\/p>\n<h2>Verwenden Sie ein Hardware-Wallet<\/h2>\n<p>Ein Hardware-Wallet bietet die M\u00f6glichkeit, private Schl\u00fcssel offline zu speichern. Es gilt als die sicherste Methode, um Ihre privaten Schl\u00fcssel zu sch\u00fctzen: Ihr privater Schl\u00fcssel kommt niemals mit dem Internet in Kontakt und bleibt vollst\u00e4ndig lokal auf Ihrem Ger\u00e4t.<\/p>\n<p>Die Offline-Speicherung privater Schl\u00fcssel verringert das Risiko eines Hacks erheblich, selbst wenn ein Hacker die Kontrolle \u00fcber Ihren Computer erlangt.<\/p>","protected":false},"excerpt":{"rendered":"<p>Sicherheit und Betrugspr\u00e4vention Das wachsende Interesse an Investitionen in NFTs und medizinisches Cannabis zieht die Aufmerksamkeit von Betr\u00fcgern und Hackern auf sich. Dieser Artikel beschreibt bew\u00e4hrte Praktiken zur Verringerung dieser Risiken. Erh\u00f6hen Sie Ihr Wissen Ein Missverst\u00e4ndnis dar\u00fcber, wie NFTs und Blockchain funktionieren, kann zu kostspieligen Fehlern f\u00fchren. Wenn sich beispielsweise jemand als Support-Mitarbeiter ausgibt, [&hellip;]<\/p>\n","protected":false},"author":1,"featured_media":0,"parent":0,"menu_order":0,"comment_status":"closed","ping_status":"closed","template":"template-pages\/security.php","meta":{"footnotes":""},"class_list":["post-67","page","type-page","status-publish","hentry"],"acf":[],"yoast_head":"<!-- This site is optimized with the Yoast SEO plugin v23.8 - https:\/\/yoast.com\/wordpress\/plugins\/seo\/ -->\n<title>Sicherheit - Tetra Farm<\/title>\n<meta name=\"robots\" content=\"index, follow, max-snippet:-1, max-image-preview:large, max-video-preview:-1\" \/>\n<link rel=\"canonical\" href=\"https:\/\/tetra-farm.com\/de\/security\/\" \/>\n<meta property=\"og:locale\" content=\"de_DE\" \/>\n<meta property=\"og:type\" content=\"article\" \/>\n<meta property=\"og:title\" content=\"Sicherheit - Tetra Farm\" \/>\n<meta property=\"og:description\" content=\"Sicherheit und Betrugspr\u00e4vention Das wachsende Interesse an Investitionen in NFTs und medizinisches Cannabis zieht die Aufmerksamkeit von Betr\u00fcgern und Hackern auf sich. Dieser Artikel beschreibt bew\u00e4hrte Praktiken zur Verringerung dieser Risiken. Erh\u00f6hen Sie Ihr Wissen Ein Missverst\u00e4ndnis dar\u00fcber, wie NFTs und Blockchain funktionieren, kann zu kostspieligen Fehlern f\u00fchren. Wenn sich beispielsweise jemand als Support-Mitarbeiter ausgibt, [&hellip;]\" \/>\n<meta property=\"og:url\" content=\"https:\/\/tetra-farm.com\/de\/security\/\" \/>\n<meta property=\"og:site_name\" content=\"Tetra Farm\" \/>\n<meta property=\"article:modified_time\" content=\"2024-11-22T10:26:23+00:00\" \/>\n<meta name=\"twitter:card\" content=\"summary_large_image\" \/>\n<meta name=\"twitter:label1\" content=\"Gesch\u00e4tzte Lesezeit\" \/>\n\t<meta name=\"twitter:data1\" content=\"2\u00a0Minuten\" \/>\n<script type=\"application\/ld+json\" class=\"yoast-schema-graph\">{\"@context\":\"https:\/\/schema.org\",\"@graph\":[{\"@type\":\"WebPage\",\"@id\":\"https:\/\/tetra-farm.com\/de\/security\/\",\"url\":\"https:\/\/tetra-farm.com\/de\/security\/\",\"name\":\"Sicherheit - Tetra Farm\",\"isPartOf\":{\"@id\":\"https:\/\/tetra-farm.com\/de\/#website\"},\"datePublished\":\"2024-10-17T09:39:13+00:00\",\"dateModified\":\"2024-11-22T10:26:23+00:00\",\"breadcrumb\":{\"@id\":\"https:\/\/tetra-farm.com\/de\/security\/#breadcrumb\"},\"inLanguage\":\"de\",\"potentialAction\":[{\"@type\":\"ReadAction\",\"target\":[[\"https:\/\/tetra-farm.com\/de\/security\/\"]]}]},{\"@type\":\"BreadcrumbList\",\"@id\":\"https:\/\/tetra-farm.com\/de\/security\/#breadcrumb\",\"itemListElement\":[{\"@type\":\"ListItem\",\"position\":1,\"name\":\"Home\",\"item\":\"https:\/\/tetra-farm.com\/de\/\"},{\"@type\":\"ListItem\",\"position\":2,\"name\":\"Security\"}]},{\"@type\":\"WebSite\",\"@id\":\"https:\/\/tetra-farm.com\/de\/#website\",\"url\":\"https:\/\/tetra-farm.com\/de\/\",\"name\":\"Tetra Farm\",\"description\":\"\",\"potentialAction\":[{\"@type\":\"SearchAction\",\"target\":{\"@type\":\"EntryPoint\",\"urlTemplate\":\"https:\/\/tetra-farm.com\/de\/?s={search_term_string}\"},\"query-input\":{\"@type\":\"PropertyValueSpecification\",\"valueRequired\":true,\"valueName\":\"search_term_string\"}}],\"inLanguage\":\"de\"}]}<\/script>\n<!-- \/ Yoast SEO plugin. -->","yoast_head_json":{"title":"Sicherheit - Tetra Farm","robots":{"index":"index","follow":"follow","max-snippet":"max-snippet:-1","max-image-preview":"max-image-preview:large","max-video-preview":"max-video-preview:-1"},"canonical":"https:\/\/tetra-farm.com\/de\/security\/","og_locale":"de_DE","og_type":"article","og_title":"Sicherheit - Tetra Farm","og_description":"Sicherheit und Betrugspr\u00e4vention Das wachsende Interesse an Investitionen in NFTs und medizinisches Cannabis zieht die Aufmerksamkeit von Betr\u00fcgern und Hackern auf sich. Dieser Artikel beschreibt bew\u00e4hrte Praktiken zur Verringerung dieser Risiken. Erh\u00f6hen Sie Ihr Wissen Ein Missverst\u00e4ndnis dar\u00fcber, wie NFTs und Blockchain funktionieren, kann zu kostspieligen Fehlern f\u00fchren. Wenn sich beispielsweise jemand als Support-Mitarbeiter ausgibt, [&hellip;]","og_url":"https:\/\/tetra-farm.com\/de\/security\/","og_site_name":"Tetra Farm","article_modified_time":"2024-11-22T10:26:23+00:00","twitter_card":"summary_large_image","twitter_misc":{"Gesch\u00e4tzte Lesezeit":"2\u00a0Minuten"},"schema":{"@context":"https:\/\/schema.org","@graph":[{"@type":"WebPage","@id":"https:\/\/tetra-farm.com\/de\/security\/","url":"https:\/\/tetra-farm.com\/de\/security\/","name":"Sicherheit - Tetra Farm","isPartOf":{"@id":"https:\/\/tetra-farm.com\/de\/#website"},"datePublished":"2024-10-17T09:39:13+00:00","dateModified":"2024-11-22T10:26:23+00:00","breadcrumb":{"@id":"https:\/\/tetra-farm.com\/de\/security\/#breadcrumb"},"inLanguage":"de","potentialAction":[{"@type":"ReadAction","target":[["https:\/\/tetra-farm.com\/de\/security\/"]]}]},{"@type":"BreadcrumbList","@id":"https:\/\/tetra-farm.com\/de\/security\/#breadcrumb","itemListElement":[{"@type":"ListItem","position":1,"name":"Home","item":"https:\/\/tetra-farm.com\/de\/"},{"@type":"ListItem","position":2,"name":"Security"}]},{"@type":"WebSite","@id":"https:\/\/tetra-farm.com\/de\/#website","url":"https:\/\/tetra-farm.com\/de\/","name":"Tetra Farm","description":"","potentialAction":[{"@type":"SearchAction","target":{"@type":"EntryPoint","urlTemplate":"https:\/\/tetra-farm.com\/de\/?s={search_term_string}"},"query-input":{"@type":"PropertyValueSpecification","valueRequired":true,"valueName":"search_term_string"}}],"inLanguage":"de"}]}},"_links":{"self":[{"href":"https:\/\/tetra-farm.com\/de\/wp-json\/wp\/v2\/pages\/67","targetHints":{"allow":["GET"]}}],"collection":[{"href":"https:\/\/tetra-farm.com\/de\/wp-json\/wp\/v2\/pages"}],"about":[{"href":"https:\/\/tetra-farm.com\/de\/wp-json\/wp\/v2\/types\/page"}],"author":[{"embeddable":true,"href":"https:\/\/tetra-farm.com\/de\/wp-json\/wp\/v2\/users\/1"}],"replies":[{"embeddable":true,"href":"https:\/\/tetra-farm.com\/de\/wp-json\/wp\/v2\/comments?post=67"}],"version-history":[{"count":10,"href":"https:\/\/tetra-farm.com\/de\/wp-json\/wp\/v2\/pages\/67\/revisions"}],"predecessor-version":[{"id":1220,"href":"https:\/\/tetra-farm.com\/de\/wp-json\/wp\/v2\/pages\/67\/revisions\/1220"}],"wp:attachment":[{"href":"https:\/\/tetra-farm.com\/de\/wp-json\/wp\/v2\/media?parent=67"}],"curies":[{"name":"wp","href":"https:\/\/api.w.org\/{rel}","templated":true}]}}