{"id":566,"date":"2024-11-11T19:14:20","date_gmt":"2024-11-11T19:14:20","guid":{"rendered":"https:\/\/tetra-farm.com\/?post_type=product&#038;p=566"},"modified":"2024-11-19T16:10:04","modified_gmt":"2024-11-19T16:10:04","slug":"white-oreoz","status":"publish","type":"product","link":"https:\/\/tetra-farm.com\/cs\/product\/white-oreoz\/","title":{"rendered":"WHITE OREOZ"},"content":{"rendered":"<p><strong>P\u016fvod a genetika\u00a0<\/strong><\/p>\n<p>Obl\u00edben\u00e1 varianta slavn\u00e9 odr\u016fdy Oreoz, zk\u0159\u00ed\u017een\u00e1 s White Runtz. Kombinuje vlastnosti dvou zn\u00e1m\u00fdch genetick\u00fdch lini\u00ed:<\/p>\n<p>&#8211; Cookies<\/p>\n<p>&#8211; Runtz<\/p>\n<p><strong>\u00da\u010dinky\u00a0<\/strong><\/p>\n<p>Vyzna\u010duje se siln\u00fdm indica-dominantn\u00edm \u00fa\u010dinkem.<\/p>","protected":false},"featured_media":567,"template":"","class_list":["post-566","product","type-product","status-publish","has-post-thumbnail","hentry"],"acf":[],"yoast_head":"<!-- This site is optimized with the Yoast SEO plugin v23.8 - https:\/\/yoast.com\/wordpress\/plugins\/seo\/ -->\n<title>WHITE OREOZ - Tetra Farm<\/title>\n<meta name=\"robots\" content=\"index, follow, max-snippet:-1, max-image-preview:large, max-video-preview:-1\" \/>\n<link rel=\"canonical\" href=\"https:\/\/tetra-farm.com\/cs\/product\/white-oreoz\/\" \/>\n<meta property=\"og:locale\" content=\"cs_CZ\" \/>\n<meta property=\"og:type\" content=\"article\" \/>\n<meta property=\"og:title\" content=\"WHITE OREOZ - Tetra Farm\" \/>\n<meta property=\"og:description\" content=\"P\u016fvod a genetika\u00a0 Obl\u00edben\u00e1 varianta slavn\u00e9 odr\u016fdy Oreoz, zk\u0159\u00ed\u017een\u00e1 s White Runtz. Kombinuje vlastnosti dvou zn\u00e1m\u00fdch genetick\u00fdch lini\u00ed: &#8211; Cookies &#8211; Runtz \u00da\u010dinky\u00a0 Vyzna\u010duje se siln\u00fdm indica-dominantn\u00edm \u00fa\u010dinkem.\" \/>\n<meta property=\"og:url\" content=\"https:\/\/tetra-farm.com\/cs\/product\/white-oreoz\/\" \/>\n<meta property=\"og:site_name\" content=\"Tetra Farm\" \/>\n<meta property=\"article:modified_time\" content=\"2024-11-19T16:10:04+00:00\" \/>\n<meta property=\"og:image\" content=\"https:\/\/tetra-farm.com\/wp-content\/uploads\/2024\/11\/white-oreoz.jpeg\" \/>\n\t<meta property=\"og:image:width\" content=\"1000\" \/>\n\t<meta property=\"og:image:height\" content=\"667\" \/>\n\t<meta property=\"og:image:type\" content=\"image\/jpeg\" \/>\n<meta name=\"twitter:card\" content=\"summary_large_image\" \/>\n<meta name=\"twitter:label1\" content=\"Odhadovan\u00e1 doba \u010dten\u00ed\" \/>\n\t<meta name=\"twitter:data1\" content=\"1 minuta\" \/>\n<script type=\"application\/ld+json\" class=\"yoast-schema-graph\">{\"@context\":\"https:\/\/schema.org\",\"@graph\":[{\"@type\":\"WebPage\",\"@id\":\"https:\/\/tetra-farm.com\/cs\/product\/white-oreoz\/\",\"url\":\"https:\/\/tetra-farm.com\/cs\/product\/white-oreoz\/\",\"name\":\"WHITE OREOZ - Tetra Farm\",\"isPartOf\":{\"@id\":\"https:\/\/tetra-farm.com\/cs\/#website\"},\"primaryImageOfPage\":{\"@id\":\"https:\/\/tetra-farm.com\/cs\/product\/white-oreoz\/#primaryimage\"},\"image\":{\"@id\":\"https:\/\/tetra-farm.com\/cs\/product\/white-oreoz\/#primaryimage\"},\"thumbnailUrl\":\"https:\/\/tetra-farm.com\/wp-content\/uploads\/2024\/11\/white-oreoz.jpeg\",\"datePublished\":\"2024-11-11T19:14:20+00:00\",\"dateModified\":\"2024-11-19T16:10:04+00:00\",\"breadcrumb\":{\"@id\":\"https:\/\/tetra-farm.com\/cs\/product\/white-oreoz\/#breadcrumb\"},\"inLanguage\":\"cs\",\"potentialAction\":[{\"@type\":\"ReadAction\",\"target\":[[\"https:\/\/tetra-farm.com\/cs\/product\/white-oreoz\/\"]]}]},{\"@type\":\"ImageObject\",\"inLanguage\":\"cs\",\"@id\":\"https:\/\/tetra-farm.com\/cs\/product\/white-oreoz\/#primaryimage\",\"url\":\"https:\/\/tetra-farm.com\/wp-content\/uploads\/2024\/11\/white-oreoz.jpeg\",\"contentUrl\":\"https:\/\/tetra-farm.com\/wp-content\/uploads\/2024\/11\/white-oreoz.jpeg\",\"width\":1000,\"height\":667},{\"@type\":\"BreadcrumbList\",\"@id\":\"https:\/\/tetra-farm.com\/cs\/product\/white-oreoz\/#breadcrumb\",\"itemListElement\":[{\"@type\":\"ListItem\",\"position\":1,\"name\":\"Home\",\"item\":\"https:\/\/tetra-farm.com\/cs\/\"},{\"@type\":\"ListItem\",\"position\":2,\"name\":\"WHITE OREOZ\"}]},{\"@type\":\"WebSite\",\"@id\":\"https:\/\/tetra-farm.com\/cs\/#website\",\"url\":\"https:\/\/tetra-farm.com\/cs\/\",\"name\":\"Tetra Farm\",\"description\":\"\",\"potentialAction\":[{\"@type\":\"SearchAction\",\"target\":{\"@type\":\"EntryPoint\",\"urlTemplate\":\"https:\/\/tetra-farm.com\/cs\/?s={search_term_string}\"},\"query-input\":{\"@type\":\"PropertyValueSpecification\",\"valueRequired\":true,\"valueName\":\"search_term_string\"}}],\"inLanguage\":\"cs\"}]}<\/script>\n<!-- \/ Yoast SEO plugin. -->","yoast_head_json":{"title":"WHITE OREOZ - Tetra Farm","robots":{"index":"index","follow":"follow","max-snippet":"max-snippet:-1","max-image-preview":"max-image-preview:large","max-video-preview":"max-video-preview:-1"},"canonical":"https:\/\/tetra-farm.com\/cs\/product\/white-oreoz\/","og_locale":"cs_CZ","og_type":"article","og_title":"WHITE OREOZ - Tetra Farm","og_description":"P\u016fvod a genetika\u00a0 Obl\u00edben\u00e1 varianta slavn\u00e9 odr\u016fdy Oreoz, zk\u0159\u00ed\u017een\u00e1 s White Runtz. Kombinuje vlastnosti dvou zn\u00e1m\u00fdch genetick\u00fdch lini\u00ed: &#8211; Cookies &#8211; Runtz \u00da\u010dinky\u00a0 Vyzna\u010duje se siln\u00fdm indica-dominantn\u00edm \u00fa\u010dinkem.","og_url":"https:\/\/tetra-farm.com\/cs\/product\/white-oreoz\/","og_site_name":"Tetra Farm","article_modified_time":"2024-11-19T16:10:04+00:00","og_image":[{"width":1000,"height":667,"url":"https:\/\/tetra-farm.com\/wp-content\/uploads\/2024\/11\/white-oreoz.jpeg","type":"image\/jpeg"}],"twitter_card":"summary_large_image","twitter_misc":{"Odhadovan\u00e1 doba \u010dten\u00ed":"1 minuta"},"schema":{"@context":"https:\/\/schema.org","@graph":[{"@type":"WebPage","@id":"https:\/\/tetra-farm.com\/cs\/product\/white-oreoz\/","url":"https:\/\/tetra-farm.com\/cs\/product\/white-oreoz\/","name":"WHITE OREOZ - Tetra Farm","isPartOf":{"@id":"https:\/\/tetra-farm.com\/cs\/#website"},"primaryImageOfPage":{"@id":"https:\/\/tetra-farm.com\/cs\/product\/white-oreoz\/#primaryimage"},"image":{"@id":"https:\/\/tetra-farm.com\/cs\/product\/white-oreoz\/#primaryimage"},"thumbnailUrl":"https:\/\/tetra-farm.com\/wp-content\/uploads\/2024\/11\/white-oreoz.jpeg","datePublished":"2024-11-11T19:14:20+00:00","dateModified":"2024-11-19T16:10:04+00:00","breadcrumb":{"@id":"https:\/\/tetra-farm.com\/cs\/product\/white-oreoz\/#breadcrumb"},"inLanguage":"cs","potentialAction":[{"@type":"ReadAction","target":[["https:\/\/tetra-farm.com\/cs\/product\/white-oreoz\/"]]}]},{"@type":"ImageObject","inLanguage":"cs","@id":"https:\/\/tetra-farm.com\/cs\/product\/white-oreoz\/#primaryimage","url":"https:\/\/tetra-farm.com\/wp-content\/uploads\/2024\/11\/white-oreoz.jpeg","contentUrl":"https:\/\/tetra-farm.com\/wp-content\/uploads\/2024\/11\/white-oreoz.jpeg","width":1000,"height":667},{"@type":"BreadcrumbList","@id":"https:\/\/tetra-farm.com\/cs\/product\/white-oreoz\/#breadcrumb","itemListElement":[{"@type":"ListItem","position":1,"name":"Home","item":"https:\/\/tetra-farm.com\/cs\/"},{"@type":"ListItem","position":2,"name":"WHITE OREOZ"}]},{"@type":"WebSite","@id":"https:\/\/tetra-farm.com\/cs\/#website","url":"https:\/\/tetra-farm.com\/cs\/","name":"Tetra Farm","description":"","potentialAction":[{"@type":"SearchAction","target":{"@type":"EntryPoint","urlTemplate":"https:\/\/tetra-farm.com\/cs\/?s={search_term_string}"},"query-input":{"@type":"PropertyValueSpecification","valueRequired":true,"valueName":"search_term_string"}}],"inLanguage":"cs"}]}},"_links":{"self":[{"href":"https:\/\/tetra-farm.com\/cs\/wp-json\/wp\/v2\/product\/566","targetHints":{"allow":["GET"]}}],"collection":[{"href":"https:\/\/tetra-farm.com\/cs\/wp-json\/wp\/v2\/product"}],"about":[{"href":"https:\/\/tetra-farm.com\/cs\/wp-json\/wp\/v2\/types\/product"}],"wp:featuredmedia":[{"embeddable":true,"href":"https:\/\/tetra-farm.com\/cs\/wp-json\/wp\/v2\/media\/567"}],"wp:attachment":[{"href":"https:\/\/tetra-farm.com\/cs\/wp-json\/wp\/v2\/media?parent=566"}],"curies":[{"name":"wp","href":"https:\/\/api.w.org\/{rel}","templated":true}]}}