{"id":564,"date":"2024-11-11T19:08:27","date_gmt":"2024-11-11T19:08:27","guid":{"rendered":"https:\/\/tetra-farm.com\/?post_type=product&#038;p=564"},"modified":"2024-11-19T16:11:38","modified_gmt":"2024-11-19T16:11:38","slug":"white-cheetoz","status":"publish","type":"product","link":"https:\/\/tetra-farm.com\/cs\/product\/white-cheetoz\/","title":{"rendered":"WHITE CHEETOZ"},"content":{"rendered":"<p><strong>P\u016fvod a ocen\u011bn\u00ed\u00a0<\/strong><\/p>\n<p>Pr\u00e9miov\u00e1 odr\u016fda od Stank Farms, kter\u00e1 z\u00edskala mezin\u00e1rodn\u00ed uzn\u00e1n\u00ed:<\/p>\n<p>&#8211; V\u00edt\u011bz Cannabis Cup 2023 v D\u00fcsseldorfu (N\u011bmecko)<\/p>\n<p>&#8211; V\u00edt\u011bz Cannabis Cup 2023 v Pa\u0159\u00ed\u017ei (Francie)<\/p>\n<p>&#8211; Kategorie: Nejlep\u0161\u00ed indoor kv\u011bt<\/p>\n<p><strong>Genetika\u00a0<\/strong><\/p>\n<p>Vytvo\u0159ena na z\u00e1klad\u011b dvou uzn\u00e1van\u00fdch genetick\u00fdch lini\u00ed:<\/p>\n<p>&#8211; White Runtz<\/p>\n<p>&#8211; Cheetah Piss<\/p>\n<p><strong>Charakteristiky\u00a0<\/strong><\/p>\n<p>Zaji\u0161\u0165uje vyv\u00e1\u017een\u00fd \u00fa\u010dinek s v\u00fdrazn\u00fdmi terapeutick\u00fdmi vlastnostmi. Reprezentuje modern\u00ed linii s\u00fdrov\u00fdch odr\u016fd.<\/p>","protected":false},"featured_media":565,"template":"","class_list":["post-564","product","type-product","status-publish","has-post-thumbnail","hentry"],"acf":[],"yoast_head":"<!-- This site is optimized with the Yoast SEO plugin v23.8 - https:\/\/yoast.com\/wordpress\/plugins\/seo\/ -->\n<title>WHITE CHEETOZ - Tetra Farm<\/title>\n<meta name=\"robots\" content=\"index, follow, max-snippet:-1, max-image-preview:large, max-video-preview:-1\" \/>\n<link rel=\"canonical\" href=\"https:\/\/tetra-farm.com\/cs\/product\/white-cheetoz\/\" \/>\n<meta property=\"og:locale\" content=\"cs_CZ\" \/>\n<meta property=\"og:type\" content=\"article\" \/>\n<meta property=\"og:title\" content=\"WHITE CHEETOZ - Tetra Farm\" \/>\n<meta property=\"og:description\" content=\"P\u016fvod a ocen\u011bn\u00ed\u00a0 Pr\u00e9miov\u00e1 odr\u016fda od Stank Farms, kter\u00e1 z\u00edskala mezin\u00e1rodn\u00ed uzn\u00e1n\u00ed: &#8211; V\u00edt\u011bz Cannabis Cup 2023 v D\u00fcsseldorfu (N\u011bmecko) &#8211; V\u00edt\u011bz Cannabis Cup 2023 v Pa\u0159\u00ed\u017ei (Francie) &#8211; Kategorie: Nejlep\u0161\u00ed indoor kv\u011bt Genetika\u00a0 Vytvo\u0159ena na z\u00e1klad\u011b dvou uzn\u00e1van\u00fdch genetick\u00fdch lini\u00ed: &#8211; White Runtz &#8211; Cheetah Piss Charakteristiky\u00a0 Zaji\u0161\u0165uje vyv\u00e1\u017een\u00fd \u00fa\u010dinek s v\u00fdrazn\u00fdmi terapeutick\u00fdmi vlastnostmi. [&hellip;]\" \/>\n<meta property=\"og:url\" content=\"https:\/\/tetra-farm.com\/cs\/product\/white-cheetoz\/\" \/>\n<meta property=\"og:site_name\" content=\"Tetra Farm\" \/>\n<meta property=\"article:modified_time\" content=\"2024-11-19T16:11:38+00:00\" \/>\n<meta property=\"og:image\" content=\"https:\/\/tetra-farm.com\/wp-content\/uploads\/2024\/11\/white-cheetoz1.jpg\" \/>\n\t<meta property=\"og:image:width\" content=\"1000\" \/>\n\t<meta property=\"og:image:height\" content=\"1500\" \/>\n\t<meta property=\"og:image:type\" content=\"image\/jpeg\" \/>\n<meta name=\"twitter:card\" content=\"summary_large_image\" \/>\n<meta name=\"twitter:label1\" content=\"Odhadovan\u00e1 doba \u010dten\u00ed\" \/>\n\t<meta name=\"twitter:data1\" content=\"1 minuta\" \/>\n<script type=\"application\/ld+json\" class=\"yoast-schema-graph\">{\"@context\":\"https:\/\/schema.org\",\"@graph\":[{\"@type\":\"WebPage\",\"@id\":\"https:\/\/tetra-farm.com\/cs\/product\/white-cheetoz\/\",\"url\":\"https:\/\/tetra-farm.com\/cs\/product\/white-cheetoz\/\",\"name\":\"WHITE CHEETOZ - Tetra Farm\",\"isPartOf\":{\"@id\":\"https:\/\/tetra-farm.com\/cs\/#website\"},\"primaryImageOfPage\":{\"@id\":\"https:\/\/tetra-farm.com\/cs\/product\/white-cheetoz\/#primaryimage\"},\"image\":{\"@id\":\"https:\/\/tetra-farm.com\/cs\/product\/white-cheetoz\/#primaryimage\"},\"thumbnailUrl\":\"https:\/\/tetra-farm.com\/wp-content\/uploads\/2024\/11\/white-cheetoz1.jpg\",\"datePublished\":\"2024-11-11T19:08:27+00:00\",\"dateModified\":\"2024-11-19T16:11:38+00:00\",\"breadcrumb\":{\"@id\":\"https:\/\/tetra-farm.com\/cs\/product\/white-cheetoz\/#breadcrumb\"},\"inLanguage\":\"cs\",\"potentialAction\":[{\"@type\":\"ReadAction\",\"target\":[[\"https:\/\/tetra-farm.com\/cs\/product\/white-cheetoz\/\"]]}]},{\"@type\":\"ImageObject\",\"inLanguage\":\"cs\",\"@id\":\"https:\/\/tetra-farm.com\/cs\/product\/white-cheetoz\/#primaryimage\",\"url\":\"https:\/\/tetra-farm.com\/wp-content\/uploads\/2024\/11\/white-cheetoz1.jpg\",\"contentUrl\":\"https:\/\/tetra-farm.com\/wp-content\/uploads\/2024\/11\/white-cheetoz1.jpg\",\"width\":1000,\"height\":1500},{\"@type\":\"BreadcrumbList\",\"@id\":\"https:\/\/tetra-farm.com\/cs\/product\/white-cheetoz\/#breadcrumb\",\"itemListElement\":[{\"@type\":\"ListItem\",\"position\":1,\"name\":\"Home\",\"item\":\"https:\/\/tetra-farm.com\/cs\/\"},{\"@type\":\"ListItem\",\"position\":2,\"name\":\"WHITE CHEETOZ\"}]},{\"@type\":\"WebSite\",\"@id\":\"https:\/\/tetra-farm.com\/cs\/#website\",\"url\":\"https:\/\/tetra-farm.com\/cs\/\",\"name\":\"Tetra Farm\",\"description\":\"\",\"potentialAction\":[{\"@type\":\"SearchAction\",\"target\":{\"@type\":\"EntryPoint\",\"urlTemplate\":\"https:\/\/tetra-farm.com\/cs\/?s={search_term_string}\"},\"query-input\":{\"@type\":\"PropertyValueSpecification\",\"valueRequired\":true,\"valueName\":\"search_term_string\"}}],\"inLanguage\":\"cs\"}]}<\/script>\n<!-- \/ Yoast SEO plugin. -->","yoast_head_json":{"title":"WHITE CHEETOZ - Tetra Farm","robots":{"index":"index","follow":"follow","max-snippet":"max-snippet:-1","max-image-preview":"max-image-preview:large","max-video-preview":"max-video-preview:-1"},"canonical":"https:\/\/tetra-farm.com\/cs\/product\/white-cheetoz\/","og_locale":"cs_CZ","og_type":"article","og_title":"WHITE CHEETOZ - Tetra Farm","og_description":"P\u016fvod a ocen\u011bn\u00ed\u00a0 Pr\u00e9miov\u00e1 odr\u016fda od Stank Farms, kter\u00e1 z\u00edskala mezin\u00e1rodn\u00ed uzn\u00e1n\u00ed: &#8211; V\u00edt\u011bz Cannabis Cup 2023 v D\u00fcsseldorfu (N\u011bmecko) &#8211; V\u00edt\u011bz Cannabis Cup 2023 v Pa\u0159\u00ed\u017ei (Francie) &#8211; Kategorie: Nejlep\u0161\u00ed indoor kv\u011bt Genetika\u00a0 Vytvo\u0159ena na z\u00e1klad\u011b dvou uzn\u00e1van\u00fdch genetick\u00fdch lini\u00ed: &#8211; White Runtz &#8211; Cheetah Piss Charakteristiky\u00a0 Zaji\u0161\u0165uje vyv\u00e1\u017een\u00fd \u00fa\u010dinek s v\u00fdrazn\u00fdmi terapeutick\u00fdmi vlastnostmi. [&hellip;]","og_url":"https:\/\/tetra-farm.com\/cs\/product\/white-cheetoz\/","og_site_name":"Tetra Farm","article_modified_time":"2024-11-19T16:11:38+00:00","og_image":[{"width":1000,"height":1500,"url":"https:\/\/tetra-farm.com\/wp-content\/uploads\/2024\/11\/white-cheetoz1.jpg","type":"image\/jpeg"}],"twitter_card":"summary_large_image","twitter_misc":{"Odhadovan\u00e1 doba \u010dten\u00ed":"1 minuta"},"schema":{"@context":"https:\/\/schema.org","@graph":[{"@type":"WebPage","@id":"https:\/\/tetra-farm.com\/cs\/product\/white-cheetoz\/","url":"https:\/\/tetra-farm.com\/cs\/product\/white-cheetoz\/","name":"WHITE CHEETOZ - Tetra Farm","isPartOf":{"@id":"https:\/\/tetra-farm.com\/cs\/#website"},"primaryImageOfPage":{"@id":"https:\/\/tetra-farm.com\/cs\/product\/white-cheetoz\/#primaryimage"},"image":{"@id":"https:\/\/tetra-farm.com\/cs\/product\/white-cheetoz\/#primaryimage"},"thumbnailUrl":"https:\/\/tetra-farm.com\/wp-content\/uploads\/2024\/11\/white-cheetoz1.jpg","datePublished":"2024-11-11T19:08:27+00:00","dateModified":"2024-11-19T16:11:38+00:00","breadcrumb":{"@id":"https:\/\/tetra-farm.com\/cs\/product\/white-cheetoz\/#breadcrumb"},"inLanguage":"cs","potentialAction":[{"@type":"ReadAction","target":[["https:\/\/tetra-farm.com\/cs\/product\/white-cheetoz\/"]]}]},{"@type":"ImageObject","inLanguage":"cs","@id":"https:\/\/tetra-farm.com\/cs\/product\/white-cheetoz\/#primaryimage","url":"https:\/\/tetra-farm.com\/wp-content\/uploads\/2024\/11\/white-cheetoz1.jpg","contentUrl":"https:\/\/tetra-farm.com\/wp-content\/uploads\/2024\/11\/white-cheetoz1.jpg","width":1000,"height":1500},{"@type":"BreadcrumbList","@id":"https:\/\/tetra-farm.com\/cs\/product\/white-cheetoz\/#breadcrumb","itemListElement":[{"@type":"ListItem","position":1,"name":"Home","item":"https:\/\/tetra-farm.com\/cs\/"},{"@type":"ListItem","position":2,"name":"WHITE CHEETOZ"}]},{"@type":"WebSite","@id":"https:\/\/tetra-farm.com\/cs\/#website","url":"https:\/\/tetra-farm.com\/cs\/","name":"Tetra Farm","description":"","potentialAction":[{"@type":"SearchAction","target":{"@type":"EntryPoint","urlTemplate":"https:\/\/tetra-farm.com\/cs\/?s={search_term_string}"},"query-input":{"@type":"PropertyValueSpecification","valueRequired":true,"valueName":"search_term_string"}}],"inLanguage":"cs"}]}},"_links":{"self":[{"href":"https:\/\/tetra-farm.com\/cs\/wp-json\/wp\/v2\/product\/564","targetHints":{"allow":["GET"]}}],"collection":[{"href":"https:\/\/tetra-farm.com\/cs\/wp-json\/wp\/v2\/product"}],"about":[{"href":"https:\/\/tetra-farm.com\/cs\/wp-json\/wp\/v2\/types\/product"}],"wp:featuredmedia":[{"embeddable":true,"href":"https:\/\/tetra-farm.com\/cs\/wp-json\/wp\/v2\/media\/565"}],"wp:attachment":[{"href":"https:\/\/tetra-farm.com\/cs\/wp-json\/wp\/v2\/media?parent=564"}],"curies":[{"name":"wp","href":"https:\/\/api.w.org\/{rel}","templated":true}]}}