{"id":67,"date":"2024-10-17T09:39:13","date_gmt":"2024-10-17T09:39:13","guid":{"rendered":"https:\/\/tetra-farm.com\/?page_id=67"},"modified":"2024-11-22T10:26:23","modified_gmt":"2024-11-22T10:26:23","slug":"security","status":"publish","type":"page","link":"https:\/\/tetra-farm.com\/cs\/security\/","title":{"rendered":"Zabezpe\u010den\u00ed"},"content":{"rendered":"<p><\/p>\n<h2>Bezpe\u010dnost a prevence podvod\u016f<\/h2>\n<p>Rostouc\u00ed z\u00e1jem o investice do NFT a l\u00e9\u010debn\u00e9ho konop\u00ed p\u0159itahuje pozornost podvodn\u00edk\u016f a hacker\u016f. Tento \u010dl\u00e1nek popisuje osv\u011bd\u010den\u00e9 postupy ke sn\u00ed\u017een\u00ed t\u011bchto rizik.<\/p>\n<h2>Zvy\u0161te svou \u00farove\u0148 znalost\u00ed<\/h2>\n<p>Nedostate\u010dn\u00e9 pochopen\u00ed fungov\u00e1n\u00ed NFT a blockchainu m\u016f\u017ee v\u00e9st k n\u00e1kladn\u00fdm chyb\u00e1m. Nap\u0159\u00edklad, pokud se n\u011bkdo vyd\u00e1v\u00e1 za z\u00e1stupce z\u00e1kaznick\u00e9 podpory, kter\u00fd tvrd\u00ed, \u017ee m\u016f\u017ee vr\u00e1tit ztracen\u00e9 TLREF tokeny v\u00fdm\u011bnou za va\u0161e soukrom\u00e9 kl\u00ed\u010de, zneu\u017e\u00edv\u00e1 neznalost toho, \u017ee se jedn\u00e1 o decentralizovanou s\u00ed\u0165 bez takov\u00fdch funkc\u00ed. Investice do vzd\u011bl\u00e1n\u00ed o tom, jak funguje syst\u00e9m Tetra Farm, je rozumnou investic\u00ed.<\/p>\n<h2>Bezpe\u010dnost pen\u011b\u017eenky<\/h2>\n<p>Nesd\u00edlejte sv\u00e9 soukrom\u00e9 kl\u00ed\u010de<\/p>\n<p>Nikdy a za \u017e\u00e1dn\u00fdch okolnost\u00ed nesd\u00edlejte sv\u00e9 soukrom\u00e9 kl\u00ed\u010de!<\/p>\n<p>Soukrom\u00fd kl\u00ed\u010d va\u0161\u00ed pen\u011b\u017eenky je heslo k va\u0161im financ\u00edm. Je to jedin\u00e9, co br\u00e1n\u00ed tomu, aby n\u011bkdo, kdo zn\u00e1 adresu va\u0161\u00ed pen\u011b\u017eenky, ji vypr\u00e1zdnil a odcizil v\u0161echny va\u0161e aktiva!<\/p>\n<h2>Co je to pen\u011b\u017eenka?<\/h2>\n<p>Pen\u011b\u017eenka v syst\u00e9mu Tetra Farm je v\u00e1\u0161 osobn\u00ed \u00fa\u010det, kde jsou ulo\u017eeny va\u0161e NFT a TLREF tokeny. Umo\u017e\u0148uje p\u0159\u00edstup k va\u0161im investic\u00edm do sklen\u00edk\u016f a poskytuje p\u0159\u00edjmy z prodeje l\u00e9\u010debn\u00e9ho konop\u00ed.<\/p>\n<p>Ned\u011blejte screenshoty va\u0161ich seed fr\u00e1z\u00ed nebo soukrom\u00fdch kl\u00ed\u010d\u016f<\/p>\n<p>Vytv\u00e1\u0159en\u00ed screenshot\u016f va\u0161ich seed fr\u00e1z\u00ed nebo soukrom\u00fdch kl\u00ed\u010d\u016f m\u016f\u017ee zp\u016fsobit jejich synchronizaci s cloudov\u00fdm \u00falo\u017ei\u0161t\u011bm, co\u017e m\u016f\u017ee hackery usnadnit p\u0159\u00edstup k nim. Z\u00edsk\u00e1n\u00ed soukrom\u00fdch kl\u00ed\u010d\u016f z cloudu je b\u011b\u017en\u00fdm zp\u016fsobem \u00fatoku hacker\u016f.<\/p>\n<h2>Pou\u017e\u00edvejte hardwarovou pen\u011b\u017eenku<\/h2>\n<p>Hardwarov\u00e1 pen\u011b\u017eenka poskytuje offline \u00falo\u017ei\u0161t\u011b pro soukrom\u00e9 kl\u00ed\u010de. Ty jsou pova\u017eov\u00e1ny za nejbezpe\u010dn\u011bj\u0161\u00ed zp\u016fsob ulo\u017een\u00ed va\u0161ich soukrom\u00fdch kl\u00ed\u010d\u016f: v\u00e1\u0161 soukrom\u00fd kl\u00ed\u010d nikdy nep\u0159ijde do styku s internetem a z\u016fstane pln\u011b lok\u00e1ln\u00ed na va\u0161em za\u0159\u00edzen\u00ed.<\/p>\n<p>Ulo\u017een\u00ed soukrom\u00fdch kl\u00ed\u010d\u016f offline v\u00fdrazn\u011b sni\u017euje riziko hacknut\u00ed, i kdy\u017e hacker z\u00edsk\u00e1 kontrolu nad va\u0161\u00edm po\u010d\u00edta\u010dem.<\/p>","protected":false},"excerpt":{"rendered":"<p>Bezpe\u010dnost a prevence podvod\u016f Rostouc\u00ed z\u00e1jem o investice do NFT a l\u00e9\u010debn\u00e9ho konop\u00ed p\u0159itahuje pozornost podvodn\u00edk\u016f a hacker\u016f. Tento \u010dl\u00e1nek popisuje osv\u011bd\u010den\u00e9 postupy ke sn\u00ed\u017een\u00ed t\u011bchto rizik. Zvy\u0161te svou \u00farove\u0148 znalost\u00ed Nedostate\u010dn\u00e9 pochopen\u00ed fungov\u00e1n\u00ed NFT a blockchainu m\u016f\u017ee v\u00e9st k n\u00e1kladn\u00fdm chyb\u00e1m. Nap\u0159\u00edklad, pokud se n\u011bkdo vyd\u00e1v\u00e1 za z\u00e1stupce z\u00e1kaznick\u00e9 podpory, kter\u00fd tvrd\u00ed, \u017ee m\u016f\u017ee [&hellip;]<\/p>\n","protected":false},"author":1,"featured_media":0,"parent":0,"menu_order":0,"comment_status":"closed","ping_status":"closed","template":"template-pages\/security.php","meta":{"footnotes":""},"class_list":["post-67","page","type-page","status-publish","hentry"],"acf":[],"yoast_head":"<!-- This site is optimized with the Yoast SEO plugin v23.8 - https:\/\/yoast.com\/wordpress\/plugins\/seo\/ -->\n<title>Zabezpe\u010den\u00ed - Tetra Farm<\/title>\n<meta name=\"robots\" content=\"index, follow, max-snippet:-1, max-image-preview:large, max-video-preview:-1\" \/>\n<link rel=\"canonical\" href=\"https:\/\/tetra-farm.com\/cs\/security\/\" \/>\n<meta property=\"og:locale\" content=\"cs_CZ\" \/>\n<meta property=\"og:type\" content=\"article\" \/>\n<meta property=\"og:title\" content=\"Zabezpe\u010den\u00ed - Tetra Farm\" \/>\n<meta property=\"og:description\" content=\"Bezpe\u010dnost a prevence podvod\u016f Rostouc\u00ed z\u00e1jem o investice do NFT a l\u00e9\u010debn\u00e9ho konop\u00ed p\u0159itahuje pozornost podvodn\u00edk\u016f a hacker\u016f. Tento \u010dl\u00e1nek popisuje osv\u011bd\u010den\u00e9 postupy ke sn\u00ed\u017een\u00ed t\u011bchto rizik. Zvy\u0161te svou \u00farove\u0148 znalost\u00ed Nedostate\u010dn\u00e9 pochopen\u00ed fungov\u00e1n\u00ed NFT a blockchainu m\u016f\u017ee v\u00e9st k n\u00e1kladn\u00fdm chyb\u00e1m. Nap\u0159\u00edklad, pokud se n\u011bkdo vyd\u00e1v\u00e1 za z\u00e1stupce z\u00e1kaznick\u00e9 podpory, kter\u00fd tvrd\u00ed, \u017ee m\u016f\u017ee [&hellip;]\" \/>\n<meta property=\"og:url\" content=\"https:\/\/tetra-farm.com\/cs\/security\/\" \/>\n<meta property=\"og:site_name\" content=\"Tetra Farm\" \/>\n<meta property=\"article:modified_time\" content=\"2024-11-22T10:26:23+00:00\" \/>\n<meta name=\"twitter:card\" content=\"summary_large_image\" \/>\n<meta name=\"twitter:label1\" content=\"Odhadovan\u00e1 doba \u010dten\u00ed\" \/>\n\t<meta name=\"twitter:data1\" content=\"2 minuty\" \/>\n<script type=\"application\/ld+json\" class=\"yoast-schema-graph\">{\"@context\":\"https:\/\/schema.org\",\"@graph\":[{\"@type\":\"WebPage\",\"@id\":\"https:\/\/tetra-farm.com\/cs\/security\/\",\"url\":\"https:\/\/tetra-farm.com\/cs\/security\/\",\"name\":\"Zabezpe\u010den\u00ed - Tetra Farm\",\"isPartOf\":{\"@id\":\"https:\/\/tetra-farm.com\/cs\/#website\"},\"datePublished\":\"2024-10-17T09:39:13+00:00\",\"dateModified\":\"2024-11-22T10:26:23+00:00\",\"breadcrumb\":{\"@id\":\"https:\/\/tetra-farm.com\/cs\/security\/#breadcrumb\"},\"inLanguage\":\"cs\",\"potentialAction\":[{\"@type\":\"ReadAction\",\"target\":[[\"https:\/\/tetra-farm.com\/cs\/security\/\"]]}]},{\"@type\":\"BreadcrumbList\",\"@id\":\"https:\/\/tetra-farm.com\/cs\/security\/#breadcrumb\",\"itemListElement\":[{\"@type\":\"ListItem\",\"position\":1,\"name\":\"Home\",\"item\":\"https:\/\/tetra-farm.com\/cs\/\"},{\"@type\":\"ListItem\",\"position\":2,\"name\":\"Security\"}]},{\"@type\":\"WebSite\",\"@id\":\"https:\/\/tetra-farm.com\/cs\/#website\",\"url\":\"https:\/\/tetra-farm.com\/cs\/\",\"name\":\"Tetra Farm\",\"description\":\"\",\"potentialAction\":[{\"@type\":\"SearchAction\",\"target\":{\"@type\":\"EntryPoint\",\"urlTemplate\":\"https:\/\/tetra-farm.com\/cs\/?s={search_term_string}\"},\"query-input\":{\"@type\":\"PropertyValueSpecification\",\"valueRequired\":true,\"valueName\":\"search_term_string\"}}],\"inLanguage\":\"cs\"}]}<\/script>\n<!-- \/ Yoast SEO plugin. -->","yoast_head_json":{"title":"Zabezpe\u010den\u00ed - Tetra Farm","robots":{"index":"index","follow":"follow","max-snippet":"max-snippet:-1","max-image-preview":"max-image-preview:large","max-video-preview":"max-video-preview:-1"},"canonical":"https:\/\/tetra-farm.com\/cs\/security\/","og_locale":"cs_CZ","og_type":"article","og_title":"Zabezpe\u010den\u00ed - Tetra Farm","og_description":"Bezpe\u010dnost a prevence podvod\u016f Rostouc\u00ed z\u00e1jem o investice do NFT a l\u00e9\u010debn\u00e9ho konop\u00ed p\u0159itahuje pozornost podvodn\u00edk\u016f a hacker\u016f. Tento \u010dl\u00e1nek popisuje osv\u011bd\u010den\u00e9 postupy ke sn\u00ed\u017een\u00ed t\u011bchto rizik. Zvy\u0161te svou \u00farove\u0148 znalost\u00ed Nedostate\u010dn\u00e9 pochopen\u00ed fungov\u00e1n\u00ed NFT a blockchainu m\u016f\u017ee v\u00e9st k n\u00e1kladn\u00fdm chyb\u00e1m. Nap\u0159\u00edklad, pokud se n\u011bkdo vyd\u00e1v\u00e1 za z\u00e1stupce z\u00e1kaznick\u00e9 podpory, kter\u00fd tvrd\u00ed, \u017ee m\u016f\u017ee [&hellip;]","og_url":"https:\/\/tetra-farm.com\/cs\/security\/","og_site_name":"Tetra Farm","article_modified_time":"2024-11-22T10:26:23+00:00","twitter_card":"summary_large_image","twitter_misc":{"Odhadovan\u00e1 doba \u010dten\u00ed":"2 minuty"},"schema":{"@context":"https:\/\/schema.org","@graph":[{"@type":"WebPage","@id":"https:\/\/tetra-farm.com\/cs\/security\/","url":"https:\/\/tetra-farm.com\/cs\/security\/","name":"Zabezpe\u010den\u00ed - Tetra Farm","isPartOf":{"@id":"https:\/\/tetra-farm.com\/cs\/#website"},"datePublished":"2024-10-17T09:39:13+00:00","dateModified":"2024-11-22T10:26:23+00:00","breadcrumb":{"@id":"https:\/\/tetra-farm.com\/cs\/security\/#breadcrumb"},"inLanguage":"cs","potentialAction":[{"@type":"ReadAction","target":[["https:\/\/tetra-farm.com\/cs\/security\/"]]}]},{"@type":"BreadcrumbList","@id":"https:\/\/tetra-farm.com\/cs\/security\/#breadcrumb","itemListElement":[{"@type":"ListItem","position":1,"name":"Home","item":"https:\/\/tetra-farm.com\/cs\/"},{"@type":"ListItem","position":2,"name":"Security"}]},{"@type":"WebSite","@id":"https:\/\/tetra-farm.com\/cs\/#website","url":"https:\/\/tetra-farm.com\/cs\/","name":"Tetra Farm","description":"","potentialAction":[{"@type":"SearchAction","target":{"@type":"EntryPoint","urlTemplate":"https:\/\/tetra-farm.com\/cs\/?s={search_term_string}"},"query-input":{"@type":"PropertyValueSpecification","valueRequired":true,"valueName":"search_term_string"}}],"inLanguage":"cs"}]}},"_links":{"self":[{"href":"https:\/\/tetra-farm.com\/cs\/wp-json\/wp\/v2\/pages\/67","targetHints":{"allow":["GET"]}}],"collection":[{"href":"https:\/\/tetra-farm.com\/cs\/wp-json\/wp\/v2\/pages"}],"about":[{"href":"https:\/\/tetra-farm.com\/cs\/wp-json\/wp\/v2\/types\/page"}],"author":[{"embeddable":true,"href":"https:\/\/tetra-farm.com\/cs\/wp-json\/wp\/v2\/users\/1"}],"replies":[{"embeddable":true,"href":"https:\/\/tetra-farm.com\/cs\/wp-json\/wp\/v2\/comments?post=67"}],"version-history":[{"count":10,"href":"https:\/\/tetra-farm.com\/cs\/wp-json\/wp\/v2\/pages\/67\/revisions"}],"predecessor-version":[{"id":1220,"href":"https:\/\/tetra-farm.com\/cs\/wp-json\/wp\/v2\/pages\/67\/revisions\/1220"}],"wp:attachment":[{"href":"https:\/\/tetra-farm.com\/cs\/wp-json\/wp\/v2\/media?parent=67"}],"curies":[{"name":"wp","href":"https:\/\/api.w.org\/{rel}","templated":true}]}}