{"id":65,"date":"2024-10-17T09:38:46","date_gmt":"2024-10-17T09:38:46","guid":{"rendered":"https:\/\/tetra-farm.com\/?page_id=65"},"modified":"2024-11-22T10:27:28","modified_gmt":"2024-11-22T10:27:28","slug":"support","status":"publish","type":"page","link":"https:\/\/tetra-farm.com\/cs\/support\/","title":{"rendered":"Podpora"},"content":{"rendered":"<p><strong>Tetra Farm<\/strong> nen\u00ed jen software, jsme komunita. Od onboardingu a \u0161kolen\u00ed a\u017e po \u0159e\u0161en\u00ed chyb zp\u016fsoben\u00fdch lidsk\u00fdm faktorem i syst\u00e9mem \u2013 jsme tu, abychom v\u00e1s podpo\u0159ili na ka\u017ed\u00e9m kroku.<\/p>","protected":false},"excerpt":{"rendered":"<p>Tetra Farm nen\u00ed jen software, jsme komunita. Od onboardingu a \u0161kolen\u00ed a\u017e po \u0159e\u0161en\u00ed chyb zp\u016fsoben\u00fdch lidsk\u00fdm faktorem i syst\u00e9mem \u2013 jsme tu, abychom v\u00e1s podpo\u0159ili na ka\u017ed\u00e9m kroku.<\/p>\n","protected":false},"author":1,"featured_media":0,"parent":0,"menu_order":0,"comment_status":"closed","ping_status":"closed","template":"template-pages\/support.php","meta":{"footnotes":""},"class_list":["post-65","page","type-page","status-publish","hentry"],"acf":[],"yoast_head":"<!-- This site is optimized with the Yoast SEO plugin v23.8 - https:\/\/yoast.com\/wordpress\/plugins\/seo\/ -->\n<title>Podpora - Tetra Farm<\/title>\n<meta name=\"robots\" content=\"index, follow, max-snippet:-1, max-image-preview:large, max-video-preview:-1\" \/>\n<link rel=\"canonical\" href=\"https:\/\/tetra-farm.com\/cs\/support\/\" \/>\n<meta property=\"og:locale\" content=\"cs_CZ\" \/>\n<meta property=\"og:type\" content=\"article\" \/>\n<meta property=\"og:title\" content=\"Podpora - Tetra Farm\" \/>\n<meta property=\"og:description\" content=\"Tetra Farm nen\u00ed jen software, jsme komunita. Od onboardingu a \u0161kolen\u00ed a\u017e po \u0159e\u0161en\u00ed chyb zp\u016fsoben\u00fdch lidsk\u00fdm faktorem i syst\u00e9mem \u2013 jsme tu, abychom v\u00e1s podpo\u0159ili na ka\u017ed\u00e9m kroku.\" \/>\n<meta property=\"og:url\" content=\"https:\/\/tetra-farm.com\/cs\/support\/\" \/>\n<meta property=\"og:site_name\" content=\"Tetra Farm\" \/>\n<meta property=\"article:modified_time\" content=\"2024-11-22T10:27:28+00:00\" \/>\n<meta name=\"twitter:card\" content=\"summary_large_image\" \/>\n<meta name=\"twitter:label1\" content=\"Odhadovan\u00e1 doba \u010dten\u00ed\" \/>\n\t<meta name=\"twitter:data1\" content=\"1 minuta\" \/>\n<script type=\"application\/ld+json\" class=\"yoast-schema-graph\">{\"@context\":\"https:\/\/schema.org\",\"@graph\":[{\"@type\":\"WebPage\",\"@id\":\"https:\/\/tetra-farm.com\/cs\/support\/\",\"url\":\"https:\/\/tetra-farm.com\/cs\/support\/\",\"name\":\"Podpora - Tetra Farm\",\"isPartOf\":{\"@id\":\"https:\/\/tetra-farm.com\/cs\/#website\"},\"datePublished\":\"2024-10-17T09:38:46+00:00\",\"dateModified\":\"2024-11-22T10:27:28+00:00\",\"breadcrumb\":{\"@id\":\"https:\/\/tetra-farm.com\/cs\/support\/#breadcrumb\"},\"inLanguage\":\"cs\",\"potentialAction\":[{\"@type\":\"ReadAction\",\"target\":[[\"https:\/\/tetra-farm.com\/cs\/support\/\"]]}]},{\"@type\":\"BreadcrumbList\",\"@id\":\"https:\/\/tetra-farm.com\/cs\/support\/#breadcrumb\",\"itemListElement\":[{\"@type\":\"ListItem\",\"position\":1,\"name\":\"Home\",\"item\":\"https:\/\/tetra-farm.com\/cs\/\"},{\"@type\":\"ListItem\",\"position\":2,\"name\":\"Support\"}]},{\"@type\":\"WebSite\",\"@id\":\"https:\/\/tetra-farm.com\/cs\/#website\",\"url\":\"https:\/\/tetra-farm.com\/cs\/\",\"name\":\"Tetra Farm\",\"description\":\"\",\"potentialAction\":[{\"@type\":\"SearchAction\",\"target\":{\"@type\":\"EntryPoint\",\"urlTemplate\":\"https:\/\/tetra-farm.com\/cs\/?s={search_term_string}\"},\"query-input\":{\"@type\":\"PropertyValueSpecification\",\"valueRequired\":true,\"valueName\":\"search_term_string\"}}],\"inLanguage\":\"cs\"}]}<\/script>\n<!-- \/ Yoast SEO plugin. -->","yoast_head_json":{"title":"Podpora - Tetra Farm","robots":{"index":"index","follow":"follow","max-snippet":"max-snippet:-1","max-image-preview":"max-image-preview:large","max-video-preview":"max-video-preview:-1"},"canonical":"https:\/\/tetra-farm.com\/cs\/support\/","og_locale":"cs_CZ","og_type":"article","og_title":"Podpora - Tetra Farm","og_description":"Tetra Farm nen\u00ed jen software, jsme komunita. Od onboardingu a \u0161kolen\u00ed a\u017e po \u0159e\u0161en\u00ed chyb zp\u016fsoben\u00fdch lidsk\u00fdm faktorem i syst\u00e9mem \u2013 jsme tu, abychom v\u00e1s podpo\u0159ili na ka\u017ed\u00e9m kroku.","og_url":"https:\/\/tetra-farm.com\/cs\/support\/","og_site_name":"Tetra Farm","article_modified_time":"2024-11-22T10:27:28+00:00","twitter_card":"summary_large_image","twitter_misc":{"Odhadovan\u00e1 doba \u010dten\u00ed":"1 minuta"},"schema":{"@context":"https:\/\/schema.org","@graph":[{"@type":"WebPage","@id":"https:\/\/tetra-farm.com\/cs\/support\/","url":"https:\/\/tetra-farm.com\/cs\/support\/","name":"Podpora - Tetra Farm","isPartOf":{"@id":"https:\/\/tetra-farm.com\/cs\/#website"},"datePublished":"2024-10-17T09:38:46+00:00","dateModified":"2024-11-22T10:27:28+00:00","breadcrumb":{"@id":"https:\/\/tetra-farm.com\/cs\/support\/#breadcrumb"},"inLanguage":"cs","potentialAction":[{"@type":"ReadAction","target":[["https:\/\/tetra-farm.com\/cs\/support\/"]]}]},{"@type":"BreadcrumbList","@id":"https:\/\/tetra-farm.com\/cs\/support\/#breadcrumb","itemListElement":[{"@type":"ListItem","position":1,"name":"Home","item":"https:\/\/tetra-farm.com\/cs\/"},{"@type":"ListItem","position":2,"name":"Support"}]},{"@type":"WebSite","@id":"https:\/\/tetra-farm.com\/cs\/#website","url":"https:\/\/tetra-farm.com\/cs\/","name":"Tetra Farm","description":"","potentialAction":[{"@type":"SearchAction","target":{"@type":"EntryPoint","urlTemplate":"https:\/\/tetra-farm.com\/cs\/?s={search_term_string}"},"query-input":{"@type":"PropertyValueSpecification","valueRequired":true,"valueName":"search_term_string"}}],"inLanguage":"cs"}]}},"_links":{"self":[{"href":"https:\/\/tetra-farm.com\/cs\/wp-json\/wp\/v2\/pages\/65","targetHints":{"allow":["GET"]}}],"collection":[{"href":"https:\/\/tetra-farm.com\/cs\/wp-json\/wp\/v2\/pages"}],"about":[{"href":"https:\/\/tetra-farm.com\/cs\/wp-json\/wp\/v2\/types\/page"}],"author":[{"embeddable":true,"href":"https:\/\/tetra-farm.com\/cs\/wp-json\/wp\/v2\/users\/1"}],"replies":[{"embeddable":true,"href":"https:\/\/tetra-farm.com\/cs\/wp-json\/wp\/v2\/comments?post=65"}],"version-history":[{"count":8,"href":"https:\/\/tetra-farm.com\/cs\/wp-json\/wp\/v2\/pages\/65\/revisions"}],"predecessor-version":[{"id":1221,"href":"https:\/\/tetra-farm.com\/cs\/wp-json\/wp\/v2\/pages\/65\/revisions\/1221"}],"wp:attachment":[{"href":"https:\/\/tetra-farm.com\/cs\/wp-json\/wp\/v2\/media?parent=65"}],"curies":[{"name":"wp","href":"https:\/\/api.w.org\/{rel}","templated":true}]}}