{"id":63,"date":"2024-10-17T09:38:26","date_gmt":"2024-10-17T09:38:26","guid":{"rendered":"https:\/\/tetra-farm.com\/?page_id=63"},"modified":"2024-12-16T08:57:07","modified_gmt":"2024-12-16T08:57:07","slug":"corporate-social-responsibility-policy","status":"publish","type":"page","link":"https:\/\/tetra-farm.com\/cs\/corporate-social-responsibility-policy\/","title":{"rendered":"Politika spole\u010densk\u00e9 odpov\u011bdnosti spole\u010dnosti"},"content":{"rendered":"<p><\/p>\n<h2>Tetra Farm: Inovativn\u00ed p\u0159\u00edstup k investic\u00edm do l\u00e9\u010debn\u00e9ho konop\u00ed<\/h2>\n<p>Tetra Farm usiluje o vytvo\u0159en\u00ed spravedliv\u011bj\u0161\u00ed a inovativn\u011bj\u0161\u00ed komunity v odv\u011btv\u00ed l\u00e9\u010debn\u00e9ho konop\u00ed. Od zalo\u017een\u00ed na\u0161\u00ed spole\u010dnosti jsme hluboce v\u011brn\u00ed my\u0161lence legitimizace pr\u016fmyslu l\u00e9\u010debn\u00e9ho konop\u00ed a vytv\u00e1\u0159en\u00ed z\u00e1klad\u016f pro rozvoj soci\u00e1ln\u011b odpov\u011bdn\u00fdch a efektivn\u00edch program\u016f v t\u00e9to oblasti.<\/p>","protected":false},"excerpt":{"rendered":"<p>Tetra Farm: Inovativn\u00ed p\u0159\u00edstup k investic\u00edm do l\u00e9\u010debn\u00e9ho konop\u00ed Tetra Farm usiluje o vytvo\u0159en\u00ed spravedliv\u011bj\u0161\u00ed a inovativn\u011bj\u0161\u00ed komunity v odv\u011btv\u00ed l\u00e9\u010debn\u00e9ho konop\u00ed. Od zalo\u017een\u00ed na\u0161\u00ed spole\u010dnosti jsme hluboce v\u011brn\u00ed my\u0161lence legitimizace pr\u016fmyslu l\u00e9\u010debn\u00e9ho konop\u00ed a vytv\u00e1\u0159en\u00ed z\u00e1klad\u016f pro rozvoj soci\u00e1ln\u011b odpov\u011bdn\u00fdch a efektivn\u00edch program\u016f v t\u00e9to oblasti.<\/p>\n","protected":false},"author":1,"featured_media":0,"parent":0,"menu_order":0,"comment_status":"closed","ping_status":"closed","template":"template-pages\/corporate.php","meta":{"footnotes":""},"class_list":["post-63","page","type-page","status-publish","hentry"],"acf":[],"yoast_head":"<!-- This site is optimized with the Yoast SEO plugin v23.8 - https:\/\/yoast.com\/wordpress\/plugins\/seo\/ -->\n<title>Politika spole\u010densk\u00e9 odpov\u011bdnosti spole\u010dnosti - Tetra Farm<\/title>\n<meta name=\"robots\" content=\"index, follow, max-snippet:-1, max-image-preview:large, max-video-preview:-1\" \/>\n<link rel=\"canonical\" href=\"https:\/\/tetra-farm.com\/cs\/corporate-social-responsibility-policy\/\" \/>\n<meta property=\"og:locale\" content=\"cs_CZ\" \/>\n<meta property=\"og:type\" content=\"article\" \/>\n<meta property=\"og:title\" content=\"Politika spole\u010densk\u00e9 odpov\u011bdnosti spole\u010dnosti - Tetra Farm\" \/>\n<meta property=\"og:description\" content=\"Tetra Farm: Inovativn\u00ed p\u0159\u00edstup k investic\u00edm do l\u00e9\u010debn\u00e9ho konop\u00ed Tetra Farm usiluje o vytvo\u0159en\u00ed spravedliv\u011bj\u0161\u00ed a inovativn\u011bj\u0161\u00ed komunity v odv\u011btv\u00ed l\u00e9\u010debn\u00e9ho konop\u00ed. Od zalo\u017een\u00ed na\u0161\u00ed spole\u010dnosti jsme hluboce v\u011brn\u00ed my\u0161lence legitimizace pr\u016fmyslu l\u00e9\u010debn\u00e9ho konop\u00ed a vytv\u00e1\u0159en\u00ed z\u00e1klad\u016f pro rozvoj soci\u00e1ln\u011b odpov\u011bdn\u00fdch a efektivn\u00edch program\u016f v t\u00e9to oblasti.\" \/>\n<meta property=\"og:url\" content=\"https:\/\/tetra-farm.com\/cs\/corporate-social-responsibility-policy\/\" \/>\n<meta property=\"og:site_name\" content=\"Tetra Farm\" \/>\n<meta property=\"article:modified_time\" content=\"2024-12-16T08:57:07+00:00\" \/>\n<meta name=\"twitter:card\" content=\"summary_large_image\" \/>\n<meta name=\"twitter:label1\" content=\"Odhadovan\u00e1 doba \u010dten\u00ed\" \/>\n\t<meta name=\"twitter:data1\" content=\"1 minuta\" \/>\n<script type=\"application\/ld+json\" class=\"yoast-schema-graph\">{\"@context\":\"https:\/\/schema.org\",\"@graph\":[{\"@type\":\"WebPage\",\"@id\":\"https:\/\/tetra-farm.com\/cs\/corporate-social-responsibility-policy\/\",\"url\":\"https:\/\/tetra-farm.com\/cs\/corporate-social-responsibility-policy\/\",\"name\":\"Politika spole\u010densk\u00e9 odpov\u011bdnosti spole\u010dnosti - Tetra Farm\",\"isPartOf\":{\"@id\":\"https:\/\/tetra-farm.com\/cs\/#website\"},\"datePublished\":\"2024-10-17T09:38:26+00:00\",\"dateModified\":\"2024-12-16T08:57:07+00:00\",\"breadcrumb\":{\"@id\":\"https:\/\/tetra-farm.com\/cs\/corporate-social-responsibility-policy\/#breadcrumb\"},\"inLanguage\":\"cs\",\"potentialAction\":[{\"@type\":\"ReadAction\",\"target\":[[\"https:\/\/tetra-farm.com\/cs\/corporate-social-responsibility-policy\/\"]]}]},{\"@type\":\"BreadcrumbList\",\"@id\":\"https:\/\/tetra-farm.com\/cs\/corporate-social-responsibility-policy\/#breadcrumb\",\"itemListElement\":[{\"@type\":\"ListItem\",\"position\":1,\"name\":\"Home\",\"item\":\"https:\/\/tetra-farm.com\/cs\/\"},{\"@type\":\"ListItem\",\"position\":2,\"name\":\"Corporate Social Responsibility Policy\"}]},{\"@type\":\"WebSite\",\"@id\":\"https:\/\/tetra-farm.com\/cs\/#website\",\"url\":\"https:\/\/tetra-farm.com\/cs\/\",\"name\":\"Tetra Farm\",\"description\":\"\",\"potentialAction\":[{\"@type\":\"SearchAction\",\"target\":{\"@type\":\"EntryPoint\",\"urlTemplate\":\"https:\/\/tetra-farm.com\/cs\/?s={search_term_string}\"},\"query-input\":{\"@type\":\"PropertyValueSpecification\",\"valueRequired\":true,\"valueName\":\"search_term_string\"}}],\"inLanguage\":\"cs\"}]}<\/script>\n<!-- \/ Yoast SEO plugin. -->","yoast_head_json":{"title":"Politika spole\u010densk\u00e9 odpov\u011bdnosti spole\u010dnosti - Tetra Farm","robots":{"index":"index","follow":"follow","max-snippet":"max-snippet:-1","max-image-preview":"max-image-preview:large","max-video-preview":"max-video-preview:-1"},"canonical":"https:\/\/tetra-farm.com\/cs\/corporate-social-responsibility-policy\/","og_locale":"cs_CZ","og_type":"article","og_title":"Politika spole\u010densk\u00e9 odpov\u011bdnosti spole\u010dnosti - Tetra Farm","og_description":"Tetra Farm: Inovativn\u00ed p\u0159\u00edstup k investic\u00edm do l\u00e9\u010debn\u00e9ho konop\u00ed Tetra Farm usiluje o vytvo\u0159en\u00ed spravedliv\u011bj\u0161\u00ed a inovativn\u011bj\u0161\u00ed komunity v odv\u011btv\u00ed l\u00e9\u010debn\u00e9ho konop\u00ed. Od zalo\u017een\u00ed na\u0161\u00ed spole\u010dnosti jsme hluboce v\u011brn\u00ed my\u0161lence legitimizace pr\u016fmyslu l\u00e9\u010debn\u00e9ho konop\u00ed a vytv\u00e1\u0159en\u00ed z\u00e1klad\u016f pro rozvoj soci\u00e1ln\u011b odpov\u011bdn\u00fdch a efektivn\u00edch program\u016f v t\u00e9to oblasti.","og_url":"https:\/\/tetra-farm.com\/cs\/corporate-social-responsibility-policy\/","og_site_name":"Tetra Farm","article_modified_time":"2024-12-16T08:57:07+00:00","twitter_card":"summary_large_image","twitter_misc":{"Odhadovan\u00e1 doba \u010dten\u00ed":"1 minuta"},"schema":{"@context":"https:\/\/schema.org","@graph":[{"@type":"WebPage","@id":"https:\/\/tetra-farm.com\/cs\/corporate-social-responsibility-policy\/","url":"https:\/\/tetra-farm.com\/cs\/corporate-social-responsibility-policy\/","name":"Politika spole\u010densk\u00e9 odpov\u011bdnosti spole\u010dnosti - Tetra Farm","isPartOf":{"@id":"https:\/\/tetra-farm.com\/cs\/#website"},"datePublished":"2024-10-17T09:38:26+00:00","dateModified":"2024-12-16T08:57:07+00:00","breadcrumb":{"@id":"https:\/\/tetra-farm.com\/cs\/corporate-social-responsibility-policy\/#breadcrumb"},"inLanguage":"cs","potentialAction":[{"@type":"ReadAction","target":[["https:\/\/tetra-farm.com\/cs\/corporate-social-responsibility-policy\/"]]}]},{"@type":"BreadcrumbList","@id":"https:\/\/tetra-farm.com\/cs\/corporate-social-responsibility-policy\/#breadcrumb","itemListElement":[{"@type":"ListItem","position":1,"name":"Home","item":"https:\/\/tetra-farm.com\/cs\/"},{"@type":"ListItem","position":2,"name":"Corporate Social Responsibility Policy"}]},{"@type":"WebSite","@id":"https:\/\/tetra-farm.com\/cs\/#website","url":"https:\/\/tetra-farm.com\/cs\/","name":"Tetra Farm","description":"","potentialAction":[{"@type":"SearchAction","target":{"@type":"EntryPoint","urlTemplate":"https:\/\/tetra-farm.com\/cs\/?s={search_term_string}"},"query-input":{"@type":"PropertyValueSpecification","valueRequired":true,"valueName":"search_term_string"}}],"inLanguage":"cs"}]}},"_links":{"self":[{"href":"https:\/\/tetra-farm.com\/cs\/wp-json\/wp\/v2\/pages\/63","targetHints":{"allow":["GET"]}}],"collection":[{"href":"https:\/\/tetra-farm.com\/cs\/wp-json\/wp\/v2\/pages"}],"about":[{"href":"https:\/\/tetra-farm.com\/cs\/wp-json\/wp\/v2\/types\/page"}],"author":[{"embeddable":true,"href":"https:\/\/tetra-farm.com\/cs\/wp-json\/wp\/v2\/users\/1"}],"replies":[{"embeddable":true,"href":"https:\/\/tetra-farm.com\/cs\/wp-json\/wp\/v2\/comments?post=63"}],"version-history":[{"count":16,"href":"https:\/\/tetra-farm.com\/cs\/wp-json\/wp\/v2\/pages\/63\/revisions"}],"predecessor-version":[{"id":1341,"href":"https:\/\/tetra-farm.com\/cs\/wp-json\/wp\/v2\/pages\/63\/revisions\/1341"}],"wp:attachment":[{"href":"https:\/\/tetra-farm.com\/cs\/wp-json\/wp\/v2\/media?parent=63"}],"curies":[{"name":"wp","href":"https:\/\/api.w.org\/{rel}","templated":true}]}}