{"id":57,"date":"2024-10-17T09:34:34","date_gmt":"2024-10-17T09:34:34","guid":{"rendered":"https:\/\/tetra-farm.com\/?page_id=57"},"modified":"2024-11-22T10:02:10","modified_gmt":"2024-11-22T10:02:10","slug":"community","status":"publish","type":"page","link":"https:\/\/tetra-farm.com\/cs\/community\/","title":{"rendered":"Spole\u010denstv\u00ed"},"content":{"rendered":"<p>Zde se inovace setk\u00e1vaj\u00ed s p\u0159\u00edle\u017eitostmi a modern\u00ed technologie tvo\u0159\u00ed budoucnost pro investo\u0159i do medic\u00ednsk\u00e9ho konop\u00ed.<\/p>\n<p><strong>Kdo jsme? <\/strong><br \/>\nJsme dynamick\u00e1 a r\u016fznorod\u00e1 komunita investor\u016f, blockchainov\u00fdch nad\u0161enc\u016f a p\u0159\u00edznivc\u016f medic\u00ednsk\u00e9ho konop\u00ed. Spojeni spole\u010dn\u00fdm c\u00edlem, usilujeme o trval\u00fd r\u016fst a inovace v t\u00e9to rychle se rozv\u00edjej\u00edc\u00ed oblasti.<\/p>","protected":false},"excerpt":{"rendered":"<p>Zde se inovace setk\u00e1vaj\u00ed s p\u0159\u00edle\u017eitostmi a modern\u00ed technologie tvo\u0159\u00ed budoucnost pro investo\u0159i do medic\u00ednsk\u00e9ho konop\u00ed. Kdo jsme? Jsme dynamick\u00e1 a r\u016fznorod\u00e1 komunita investor\u016f, blockchainov\u00fdch nad\u0161enc\u016f a p\u0159\u00edznivc\u016f medic\u00ednsk\u00e9ho konop\u00ed. Spojeni spole\u010dn\u00fdm c\u00edlem, usilujeme o trval\u00fd r\u016fst a inovace v t\u00e9to rychle se rozv\u00edjej\u00edc\u00ed oblasti.<\/p>\n","protected":false},"author":1,"featured_media":0,"parent":0,"menu_order":0,"comment_status":"closed","ping_status":"closed","template":"template-pages\/community.php","meta":{"footnotes":""},"class_list":["post-57","page","type-page","status-publish","hentry"],"acf":[],"yoast_head":"<!-- This site is optimized with the Yoast SEO plugin v23.8 - https:\/\/yoast.com\/wordpress\/plugins\/seo\/ -->\n<title>Spole\u010denstv\u00ed - Tetra Farm<\/title>\n<meta name=\"robots\" content=\"index, follow, max-snippet:-1, max-image-preview:large, max-video-preview:-1\" \/>\n<link rel=\"canonical\" href=\"https:\/\/tetra-farm.com\/cs\/community\/\" \/>\n<meta property=\"og:locale\" content=\"cs_CZ\" \/>\n<meta property=\"og:type\" content=\"article\" \/>\n<meta property=\"og:title\" content=\"Spole\u010denstv\u00ed - Tetra Farm\" \/>\n<meta property=\"og:description\" content=\"Zde se inovace setk\u00e1vaj\u00ed s p\u0159\u00edle\u017eitostmi a modern\u00ed technologie tvo\u0159\u00ed budoucnost pro investo\u0159i do medic\u00ednsk\u00e9ho konop\u00ed. Kdo jsme? Jsme dynamick\u00e1 a r\u016fznorod\u00e1 komunita investor\u016f, blockchainov\u00fdch nad\u0161enc\u016f a p\u0159\u00edznivc\u016f medic\u00ednsk\u00e9ho konop\u00ed. Spojeni spole\u010dn\u00fdm c\u00edlem, usilujeme o trval\u00fd r\u016fst a inovace v t\u00e9to rychle se rozv\u00edjej\u00edc\u00ed oblasti.\" \/>\n<meta property=\"og:url\" content=\"https:\/\/tetra-farm.com\/cs\/community\/\" \/>\n<meta property=\"og:site_name\" content=\"Tetra Farm\" \/>\n<meta property=\"article:modified_time\" content=\"2024-11-22T10:02:10+00:00\" \/>\n<meta name=\"twitter:card\" content=\"summary_large_image\" \/>\n<meta name=\"twitter:label1\" content=\"Odhadovan\u00e1 doba \u010dten\u00ed\" \/>\n\t<meta name=\"twitter:data1\" content=\"1 minuta\" \/>\n<script type=\"application\/ld+json\" class=\"yoast-schema-graph\">{\"@context\":\"https:\/\/schema.org\",\"@graph\":[{\"@type\":\"WebPage\",\"@id\":\"https:\/\/tetra-farm.com\/cs\/community\/\",\"url\":\"https:\/\/tetra-farm.com\/cs\/community\/\",\"name\":\"Spole\u010denstv\u00ed - Tetra Farm\",\"isPartOf\":{\"@id\":\"https:\/\/tetra-farm.com\/cs\/#website\"},\"datePublished\":\"2024-10-17T09:34:34+00:00\",\"dateModified\":\"2024-11-22T10:02:10+00:00\",\"breadcrumb\":{\"@id\":\"https:\/\/tetra-farm.com\/cs\/community\/#breadcrumb\"},\"inLanguage\":\"cs\",\"potentialAction\":[{\"@type\":\"ReadAction\",\"target\":[[\"https:\/\/tetra-farm.com\/cs\/community\/\"]]}]},{\"@type\":\"BreadcrumbList\",\"@id\":\"https:\/\/tetra-farm.com\/cs\/community\/#breadcrumb\",\"itemListElement\":[{\"@type\":\"ListItem\",\"position\":1,\"name\":\"Home\",\"item\":\"https:\/\/tetra-farm.com\/cs\/\"},{\"@type\":\"ListItem\",\"position\":2,\"name\":\"Community\"}]},{\"@type\":\"WebSite\",\"@id\":\"https:\/\/tetra-farm.com\/cs\/#website\",\"url\":\"https:\/\/tetra-farm.com\/cs\/\",\"name\":\"Tetra Farm\",\"description\":\"\",\"potentialAction\":[{\"@type\":\"SearchAction\",\"target\":{\"@type\":\"EntryPoint\",\"urlTemplate\":\"https:\/\/tetra-farm.com\/cs\/?s={search_term_string}\"},\"query-input\":{\"@type\":\"PropertyValueSpecification\",\"valueRequired\":true,\"valueName\":\"search_term_string\"}}],\"inLanguage\":\"cs\"}]}<\/script>\n<!-- \/ Yoast SEO plugin. -->","yoast_head_json":{"title":"Spole\u010denstv\u00ed - Tetra Farm","robots":{"index":"index","follow":"follow","max-snippet":"max-snippet:-1","max-image-preview":"max-image-preview:large","max-video-preview":"max-video-preview:-1"},"canonical":"https:\/\/tetra-farm.com\/cs\/community\/","og_locale":"cs_CZ","og_type":"article","og_title":"Spole\u010denstv\u00ed - Tetra Farm","og_description":"Zde se inovace setk\u00e1vaj\u00ed s p\u0159\u00edle\u017eitostmi a modern\u00ed technologie tvo\u0159\u00ed budoucnost pro investo\u0159i do medic\u00ednsk\u00e9ho konop\u00ed. Kdo jsme? Jsme dynamick\u00e1 a r\u016fznorod\u00e1 komunita investor\u016f, blockchainov\u00fdch nad\u0161enc\u016f a p\u0159\u00edznivc\u016f medic\u00ednsk\u00e9ho konop\u00ed. Spojeni spole\u010dn\u00fdm c\u00edlem, usilujeme o trval\u00fd r\u016fst a inovace v t\u00e9to rychle se rozv\u00edjej\u00edc\u00ed oblasti.","og_url":"https:\/\/tetra-farm.com\/cs\/community\/","og_site_name":"Tetra Farm","article_modified_time":"2024-11-22T10:02:10+00:00","twitter_card":"summary_large_image","twitter_misc":{"Odhadovan\u00e1 doba \u010dten\u00ed":"1 minuta"},"schema":{"@context":"https:\/\/schema.org","@graph":[{"@type":"WebPage","@id":"https:\/\/tetra-farm.com\/cs\/community\/","url":"https:\/\/tetra-farm.com\/cs\/community\/","name":"Spole\u010denstv\u00ed - Tetra Farm","isPartOf":{"@id":"https:\/\/tetra-farm.com\/cs\/#website"},"datePublished":"2024-10-17T09:34:34+00:00","dateModified":"2024-11-22T10:02:10+00:00","breadcrumb":{"@id":"https:\/\/tetra-farm.com\/cs\/community\/#breadcrumb"},"inLanguage":"cs","potentialAction":[{"@type":"ReadAction","target":[["https:\/\/tetra-farm.com\/cs\/community\/"]]}]},{"@type":"BreadcrumbList","@id":"https:\/\/tetra-farm.com\/cs\/community\/#breadcrumb","itemListElement":[{"@type":"ListItem","position":1,"name":"Home","item":"https:\/\/tetra-farm.com\/cs\/"},{"@type":"ListItem","position":2,"name":"Community"}]},{"@type":"WebSite","@id":"https:\/\/tetra-farm.com\/cs\/#website","url":"https:\/\/tetra-farm.com\/cs\/","name":"Tetra Farm","description":"","potentialAction":[{"@type":"SearchAction","target":{"@type":"EntryPoint","urlTemplate":"https:\/\/tetra-farm.com\/cs\/?s={search_term_string}"},"query-input":{"@type":"PropertyValueSpecification","valueRequired":true,"valueName":"search_term_string"}}],"inLanguage":"cs"}]}},"_links":{"self":[{"href":"https:\/\/tetra-farm.com\/cs\/wp-json\/wp\/v2\/pages\/57","targetHints":{"allow":["GET"]}}],"collection":[{"href":"https:\/\/tetra-farm.com\/cs\/wp-json\/wp\/v2\/pages"}],"about":[{"href":"https:\/\/tetra-farm.com\/cs\/wp-json\/wp\/v2\/types\/page"}],"author":[{"embeddable":true,"href":"https:\/\/tetra-farm.com\/cs\/wp-json\/wp\/v2\/users\/1"}],"replies":[{"embeddable":true,"href":"https:\/\/tetra-farm.com\/cs\/wp-json\/wp\/v2\/comments?post=57"}],"version-history":[{"count":12,"href":"https:\/\/tetra-farm.com\/cs\/wp-json\/wp\/v2\/pages\/57\/revisions"}],"predecessor-version":[{"id":1212,"href":"https:\/\/tetra-farm.com\/cs\/wp-json\/wp\/v2\/pages\/57\/revisions\/1212"}],"wp:attachment":[{"href":"https:\/\/tetra-farm.com\/cs\/wp-json\/wp\/v2\/media?parent=57"}],"curies":[{"name":"wp","href":"https:\/\/api.w.org\/{rel}","templated":true}]}}