{"id":53,"date":"2024-10-17T09:33:48","date_gmt":"2024-10-17T09:33:48","guid":{"rendered":"https:\/\/tetra-farm.com\/?page_id=53"},"modified":"2024-11-23T07:09:49","modified_gmt":"2024-11-23T07:09:49","slug":"greenhouses","status":"publish","type":"page","link":"https:\/\/tetra-farm.com\/cs\/greenhouses\/","title":{"rendered":"Sklen\u00edky"},"content":{"rendered":"<p>V\u00edtejte v Tetra Farm, kde se kouzlo p\u0159\u00edrody setk\u00e1v\u00e1 s nejmodern\u011bj\u0161\u00edmi technologiemi a vytv\u00e1\u0159\u00ed n\u011bco skute\u010dn\u011b jedine\u010dn\u00e9ho ve sv\u011bt\u011b medic\u00ednsk\u00e9ho konop\u00ed. Na\u0161\u00edm c\u00edlem je p\u0159edefinovat standardy kvality a inovac\u00ed v tomto rychle se rozv\u00edjej\u00edc\u00edm odv\u011btv\u00ed. Ka\u017ed\u00fd aspekt na\u0161ich sklen\u00edk\u016f je v\u00fdsledkem pe\u010dliv\u00e9 pr\u00e1ce se snahou o dokonalost.<\/p>","protected":false},"excerpt":{"rendered":"<p>V\u00edtejte v Tetra Farm, kde se kouzlo p\u0159\u00edrody setk\u00e1v\u00e1 s nejmodern\u011bj\u0161\u00edmi technologiemi a vytv\u00e1\u0159\u00ed n\u011bco skute\u010dn\u011b jedine\u010dn\u00e9ho ve sv\u011bt\u011b medic\u00ednsk\u00e9ho konop\u00ed. Na\u0161\u00edm c\u00edlem je p\u0159edefinovat standardy kvality a inovac\u00ed v tomto rychle se rozv\u00edjej\u00edc\u00edm odv\u011btv\u00ed. Ka\u017ed\u00fd aspekt na\u0161ich sklen\u00edk\u016f je v\u00fdsledkem pe\u010dliv\u00e9 pr\u00e1ce se snahou o dokonalost.<\/p>\n","protected":false},"author":1,"featured_media":0,"parent":0,"menu_order":0,"comment_status":"closed","ping_status":"closed","template":"template-pages\/greenhouses.php","meta":{"footnotes":""},"class_list":["post-53","page","type-page","status-publish","hentry"],"acf":[],"yoast_head":"<!-- This site is optimized with the Yoast SEO plugin v23.8 - https:\/\/yoast.com\/wordpress\/plugins\/seo\/ -->\n<title>Sklen\u00edky - Tetra Farm<\/title>\n<meta name=\"robots\" content=\"index, follow, max-snippet:-1, max-image-preview:large, max-video-preview:-1\" \/>\n<link rel=\"canonical\" href=\"https:\/\/tetra-farm.com\/cs\/greenhouses\/\" \/>\n<meta property=\"og:locale\" content=\"cs_CZ\" \/>\n<meta property=\"og:type\" content=\"article\" \/>\n<meta property=\"og:title\" content=\"Sklen\u00edky - Tetra Farm\" \/>\n<meta property=\"og:description\" content=\"V\u00edtejte v Tetra Farm, kde se kouzlo p\u0159\u00edrody setk\u00e1v\u00e1 s nejmodern\u011bj\u0161\u00edmi technologiemi a vytv\u00e1\u0159\u00ed n\u011bco skute\u010dn\u011b jedine\u010dn\u00e9ho ve sv\u011bt\u011b medic\u00ednsk\u00e9ho konop\u00ed. Na\u0161\u00edm c\u00edlem je p\u0159edefinovat standardy kvality a inovac\u00ed v tomto rychle se rozv\u00edjej\u00edc\u00edm odv\u011btv\u00ed. Ka\u017ed\u00fd aspekt na\u0161ich sklen\u00edk\u016f je v\u00fdsledkem pe\u010dliv\u00e9 pr\u00e1ce se snahou o dokonalost.\" \/>\n<meta property=\"og:url\" content=\"https:\/\/tetra-farm.com\/cs\/greenhouses\/\" \/>\n<meta property=\"og:site_name\" content=\"Tetra Farm\" \/>\n<meta property=\"article:modified_time\" content=\"2024-11-23T07:09:49+00:00\" \/>\n<meta name=\"twitter:card\" content=\"summary_large_image\" \/>\n<meta name=\"twitter:label1\" content=\"Odhadovan\u00e1 doba \u010dten\u00ed\" \/>\n\t<meta name=\"twitter:data1\" content=\"1 minuta\" \/>\n<script type=\"application\/ld+json\" class=\"yoast-schema-graph\">{\"@context\":\"https:\/\/schema.org\",\"@graph\":[{\"@type\":\"WebPage\",\"@id\":\"https:\/\/tetra-farm.com\/cs\/greenhouses\/\",\"url\":\"https:\/\/tetra-farm.com\/cs\/greenhouses\/\",\"name\":\"Sklen\u00edky - Tetra Farm\",\"isPartOf\":{\"@id\":\"https:\/\/tetra-farm.com\/cs\/#website\"},\"datePublished\":\"2024-10-17T09:33:48+00:00\",\"dateModified\":\"2024-11-23T07:09:49+00:00\",\"breadcrumb\":{\"@id\":\"https:\/\/tetra-farm.com\/cs\/greenhouses\/#breadcrumb\"},\"inLanguage\":\"cs\",\"potentialAction\":[{\"@type\":\"ReadAction\",\"target\":[[\"https:\/\/tetra-farm.com\/cs\/greenhouses\/\"]]}]},{\"@type\":\"BreadcrumbList\",\"@id\":\"https:\/\/tetra-farm.com\/cs\/greenhouses\/#breadcrumb\",\"itemListElement\":[{\"@type\":\"ListItem\",\"position\":1,\"name\":\"Home\",\"item\":\"https:\/\/tetra-farm.com\/cs\/\"},{\"@type\":\"ListItem\",\"position\":2,\"name\":\"Greenhouses\"}]},{\"@type\":\"WebSite\",\"@id\":\"https:\/\/tetra-farm.com\/cs\/#website\",\"url\":\"https:\/\/tetra-farm.com\/cs\/\",\"name\":\"Tetra Farm\",\"description\":\"\",\"potentialAction\":[{\"@type\":\"SearchAction\",\"target\":{\"@type\":\"EntryPoint\",\"urlTemplate\":\"https:\/\/tetra-farm.com\/cs\/?s={search_term_string}\"},\"query-input\":{\"@type\":\"PropertyValueSpecification\",\"valueRequired\":true,\"valueName\":\"search_term_string\"}}],\"inLanguage\":\"cs\"}]}<\/script>\n<!-- \/ Yoast SEO plugin. -->","yoast_head_json":{"title":"Sklen\u00edky - Tetra Farm","robots":{"index":"index","follow":"follow","max-snippet":"max-snippet:-1","max-image-preview":"max-image-preview:large","max-video-preview":"max-video-preview:-1"},"canonical":"https:\/\/tetra-farm.com\/cs\/greenhouses\/","og_locale":"cs_CZ","og_type":"article","og_title":"Sklen\u00edky - Tetra Farm","og_description":"V\u00edtejte v Tetra Farm, kde se kouzlo p\u0159\u00edrody setk\u00e1v\u00e1 s nejmodern\u011bj\u0161\u00edmi technologiemi a vytv\u00e1\u0159\u00ed n\u011bco skute\u010dn\u011b jedine\u010dn\u00e9ho ve sv\u011bt\u011b medic\u00ednsk\u00e9ho konop\u00ed. Na\u0161\u00edm c\u00edlem je p\u0159edefinovat standardy kvality a inovac\u00ed v tomto rychle se rozv\u00edjej\u00edc\u00edm odv\u011btv\u00ed. Ka\u017ed\u00fd aspekt na\u0161ich sklen\u00edk\u016f je v\u00fdsledkem pe\u010dliv\u00e9 pr\u00e1ce se snahou o dokonalost.","og_url":"https:\/\/tetra-farm.com\/cs\/greenhouses\/","og_site_name":"Tetra Farm","article_modified_time":"2024-11-23T07:09:49+00:00","twitter_card":"summary_large_image","twitter_misc":{"Odhadovan\u00e1 doba \u010dten\u00ed":"1 minuta"},"schema":{"@context":"https:\/\/schema.org","@graph":[{"@type":"WebPage","@id":"https:\/\/tetra-farm.com\/cs\/greenhouses\/","url":"https:\/\/tetra-farm.com\/cs\/greenhouses\/","name":"Sklen\u00edky - Tetra Farm","isPartOf":{"@id":"https:\/\/tetra-farm.com\/cs\/#website"},"datePublished":"2024-10-17T09:33:48+00:00","dateModified":"2024-11-23T07:09:49+00:00","breadcrumb":{"@id":"https:\/\/tetra-farm.com\/cs\/greenhouses\/#breadcrumb"},"inLanguage":"cs","potentialAction":[{"@type":"ReadAction","target":[["https:\/\/tetra-farm.com\/cs\/greenhouses\/"]]}]},{"@type":"BreadcrumbList","@id":"https:\/\/tetra-farm.com\/cs\/greenhouses\/#breadcrumb","itemListElement":[{"@type":"ListItem","position":1,"name":"Home","item":"https:\/\/tetra-farm.com\/cs\/"},{"@type":"ListItem","position":2,"name":"Greenhouses"}]},{"@type":"WebSite","@id":"https:\/\/tetra-farm.com\/cs\/#website","url":"https:\/\/tetra-farm.com\/cs\/","name":"Tetra Farm","description":"","potentialAction":[{"@type":"SearchAction","target":{"@type":"EntryPoint","urlTemplate":"https:\/\/tetra-farm.com\/cs\/?s={search_term_string}"},"query-input":{"@type":"PropertyValueSpecification","valueRequired":true,"valueName":"search_term_string"}}],"inLanguage":"cs"}]}},"_links":{"self":[{"href":"https:\/\/tetra-farm.com\/cs\/wp-json\/wp\/v2\/pages\/53","targetHints":{"allow":["GET"]}}],"collection":[{"href":"https:\/\/tetra-farm.com\/cs\/wp-json\/wp\/v2\/pages"}],"about":[{"href":"https:\/\/tetra-farm.com\/cs\/wp-json\/wp\/v2\/types\/page"}],"author":[{"embeddable":true,"href":"https:\/\/tetra-farm.com\/cs\/wp-json\/wp\/v2\/users\/1"}],"replies":[{"embeddable":true,"href":"https:\/\/tetra-farm.com\/cs\/wp-json\/wp\/v2\/comments?post=53"}],"version-history":[{"count":12,"href":"https:\/\/tetra-farm.com\/cs\/wp-json\/wp\/v2\/pages\/53\/revisions"}],"predecessor-version":[{"id":1241,"href":"https:\/\/tetra-farm.com\/cs\/wp-json\/wp\/v2\/pages\/53\/revisions\/1241"}],"wp:attachment":[{"href":"https:\/\/tetra-farm.com\/cs\/wp-json\/wp\/v2\/media?parent=53"}],"curies":[{"name":"wp","href":"https:\/\/api.w.org\/{rel}","templated":true}]}}