{"id":46,"date":"2024-10-17T01:54:36","date_gmt":"2024-10-17T01:54:36","guid":{"rendered":"https:\/\/tetra-farm.com\/?page_id=46"},"modified":"2024-12-09T09:15:33","modified_gmt":"2024-12-09T09:15:33","slug":"terms-and-conditions","status":"publish","type":"page","link":"https:\/\/tetra-farm.com\/cs\/terms-and-conditions\/","title":{"rendered":"Podm\u00ednky a ustanoven\u00ed"},"content":{"rendered":"<p>V\u00edtejte na webov\u00fdch str\u00e1nk\u00e1ch tetra-farm.com (d\u00e1le jen \u201eWeb\u201c). Tyto Podm\u00ednky u\u017e\u00edv\u00e1n\u00ed (\u201ePodm\u00ednky\u201c) upravuj\u00ed v\u00e1\u0161 p\u0159\u00edstup k Webu a jeho pou\u017e\u00edv\u00e1n\u00ed, stejn\u011b jako v\u0161echny souvisej\u00edc\u00ed produkty a slu\u017eby (\u201eSlu\u017eby\u201c).<br \/>\nTento Web je poskytov\u00e1n \u201eTAK, JAK JE\u201c a \u201eTAK, JAK JE DOSTUPN\u00dd\u201c bez jak\u00fdchkoli z\u00e1ruk. Nejsme odpov\u011bdn\u00ed za ud\u00e1losti, kter\u00e9 jsou mimo na\u0161i p\u0159\u00edmou kontrolu. Tyto Podm\u00ednky ochrany soukrom\u00ed se \u0159\u00edd\u00ed feder\u00e1ln\u00edmi z\u00e1kony \u0160v\u00fdcarsko. Jak\u00e9koli pr\u00e1vn\u00ed kroky proti n\u00e1m vypl\u00fdvaj\u00edc\u00ed z u\u017e\u00edv\u00e1n\u00ed Webu nebo jak\u00fdchkoli nab\u00edzen\u00fdch \u010di poskytovan\u00fdch slu\u017eeb na n\u011bm mus\u00ed b\u00fdt zah\u00e1jeny v \u0160v\u00fdcarsko.<\/p>\n<p><strong>Jak kontaktovat Tetra-farm.com?<\/strong><br \/>\nNa\u0161e po\u0161tovn\u00ed adresa:<br \/>\nVlastn\u00edk webu<br \/>\nONCOBEAM AG,<br \/>\nNeufrankengasse 22,<br \/>\n8004 Zurich,<br \/>\n\u0160v\u00fdcarsko<br \/>\nP\u0159ed pou\u017eit\u00edm Webu a Slu\u017eeb si pros\u00edm pe\u010dliv\u011b p\u0159e\u010dt\u011bte tyto Podm\u00ednky. Pou\u017e\u00edv\u00e1n\u00edm Webu nebo Slu\u017eeb souhlas\u00edte s t\u00edm, \u017ee se budete t\u011bmito Podm\u00ednkami \u0159\u00eddit.<\/p>\n<p><strong>Obecn\u00e1 ustanoven\u00ed<\/strong><br \/>\n1.1. Web a Slu\u017eby poskytuje Tetra Farm (\u201eSpole\u010dnost\u201c).<br \/>\n1.2. Slu\u017eby p\u0159ij\u00edm\u00e1n\u00ed a sm\u011bny kryptom\u011bn na Webu poskytuje Coinverse s.r.o. (\u201eCoinverse\u201c).<br \/>\n1.3. Spole\u010dnost si vyhrazuje pr\u00e1vo kdykoli bez p\u0159edchoz\u00edho upozorn\u011bn\u00ed m\u011bnit, dopl\u0148ovat nebo odstra\u0148ovat \u010d\u00e1sti t\u011bchto Podm\u00ednek. Va\u0161e pokra\u010dov\u00e1n\u00ed v pou\u017e\u00edv\u00e1n\u00ed Webu a Slu\u017eeb po proveden\u00ed zm\u011bn znamen\u00e1 v\u00e1\u0161 souhlas s aktualizovan\u00fdmi Podm\u00ednkami.<\/p>\n<p><strong>Pou\u017e\u00edv\u00e1n\u00ed Webu a Slu\u017eeb<\/strong><br \/>\n2.1. Pro p\u0159\u00edstup k n\u011bkter\u00fdm funkc\u00edm Webu a Slu\u017eeb m\u016f\u017ee b\u00fdt vy\u017eadov\u00e1no vytvo\u0159en\u00ed \u00fa\u010dtu. Nesete odpov\u011bdnost za zachov\u00e1n\u00ed d\u016fv\u011brnosti informac\u00ed o va\u0161em \u00fa\u010dtu a hesla.<br \/>\n2.2. Zavazujete se pou\u017e\u00edvat Web a Slu\u017eby pouze k leg\u00e1ln\u00edm \u00fa\u010del\u016fm a v souladu s t\u011bmito Podm\u00ednkami.<br \/>\n2.3. Nesm\u00edte pou\u017e\u00edvat Web a Slu\u017eby zp\u016fsobem, kter\u00fd by mohl zp\u016fsobit \u0161kodu, deaktivovat, p\u0159et\u00ed\u017eit nebo naru\u0161it jejich fungov\u00e1n\u00ed.<\/p>\n<p><strong>Du\u0161evn\u00ed vlastnictv\u00ed<\/strong><br \/>\n3.1. Ve\u0161ker\u00e9 materi\u00e1ly na Webu, v\u010detn\u011b text\u016f, obr\u00e1zk\u016f, log, audio a video obsahu, jsou vlastnictv\u00edm Spole\u010dnosti nebo jej\u00edch licencor\u016f a jsou chr\u00e1n\u011bny pr\u00e1vn\u00edmi p\u0159edpisy o du\u0161evn\u00edm vlastnictv\u00ed.<br \/>\n3.2. Bez p\u0159edchoz\u00edho p\u00edsemn\u00e9ho souhlasu Spole\u010dnosti nesm\u00edte kop\u00edrovat, upravovat, distribuovat, p\u0159en\u00e1\u0161et, zobrazovat, reprodukovat, publikovat, licencovat, vytv\u00e1\u0159et odvozen\u00e1 d\u00edla ani pou\u017e\u00edvat jak\u00fdkoli obsah Webu.<\/p>\n<p><strong>N\u00e1kup NFT a token\u016f TLREF<\/strong><br \/>\n4.1. P\u0159i n\u00e1kupu NFT na Webu z\u00edsk\u00e1v\u00e1te pr\u00e1vo na p\u011bstebn\u00ed m\u00edsto ve sklen\u00edc\u00edch Spole\u010dnosti pro p\u011bstov\u00e1n\u00ed l\u00e9\u010debn\u00e9ho konop\u00ed.<br \/>\n4.2. Tokeny TLREF jsou p\u0159ips\u00e1ny v r\u00e1mci referen\u010dn\u00edho programu Webu. 1 TLREF odpov\u00edd\u00e1 1 \u0161v\u00fdcarsk\u00e9mu franku (CHF).<br \/>\n4.3. Z\u00edskan\u00e9 tokeny TLREF m\u016f\u017eete sm\u011bnit za stablecoin USDT podle kurzu stanoven\u00e9ho Spole\u010dnost\u00ed nebo je pou\u017e\u00edt k n\u00e1kupu NFT na Webu.<br \/>\n4.4. Slu\u017eby p\u0159ij\u00edm\u00e1n\u00ed plateb a sm\u011bny kryptom\u011bn, v\u010detn\u011b TLREF a USDT, poskytuje spole\u010dnost Coinverse v souladu s jej\u00edmi pravidly a podm\u00ednkami.<\/p>\n<p><strong>Rozd\u011blen\u00ed zisku<\/strong><br \/>\n5.1. Zisk z prodeje vyp\u011bstovan\u00e9ho l\u00e9\u010debn\u00e9ho konop\u00ed bude rozd\u011blen mezi v\u0161echny vlastn\u00edky NFT pom\u011brn\u011b k po\u010dtu jejich NFT.<br \/>\n5.2. Spole\u010dnost si vyhrazuje pr\u00e1vo kdykoli bez p\u0159edchoz\u00edho upozorn\u011bn\u00ed zm\u011bnit pravidla rozd\u011blov\u00e1n\u00ed zisku.<\/p>\n<p><strong>Omezen\u00ed odpov\u011bdnosti<\/strong><br \/>\n6.1. Web a Slu\u017eby jsou poskytov\u00e1ny za podm\u00ednek \u201etak, jak jsou\u201c a \u201etak, jak jsou dostupn\u00e9\u201c. Spole\u010dnost a Coinverse neposkytuj\u00ed \u017e\u00e1dn\u00e9 z\u00e1ruky, v\u00fdslovn\u00e9 ani p\u0159edpokl\u00e1dan\u00e9, ohledn\u011b Webu a Slu\u017eeb.<br \/>\n6.2. Spole\u010dnost a Coinverse nejsou odpov\u011bdn\u00e9 za jak\u00e9koli p\u0159\u00edm\u00e9, nep\u0159\u00edm\u00e9, n\u00e1hodn\u00e9, n\u00e1sledn\u00e9 nebo sank\u010dn\u00ed \u0161kody vznikl\u00e9 v d\u016fsledku pou\u017e\u00edv\u00e1n\u00ed nebo nemo\u017enosti pou\u017e\u00edv\u00e1n\u00ed Webu a Slu\u017eeb.<\/p>\n<p><strong>Rozhodn\u00e9 pr\u00e1vo a jurisdikce<\/strong><br \/>\n7.1. Tyto Podm\u00ednky se \u0159\u00edd\u00ed a vykl\u00e1daj\u00ed v souladu s pr\u00e1vn\u00edmi p\u0159edpisy zem\u011b, ve kter\u00e9 je Spole\u010dnost registrov\u00e1na.<br \/>\n7.2. Ve\u0161ker\u00e9 spory vypl\u00fdvaj\u00edc\u00ed z t\u011bchto Podm\u00ednek budou \u0159e\u0161eny u soud\u016f podle m\u00edsta registrace Spole\u010dnosti.<br \/>\nM\u00e1te-li jak\u00e9koli dotazy k t\u011bmto Podm\u00ednk\u00e1m, kontaktujte n\u00e1s pros\u00edm na adrese info@tetra-farm.com nebo Coinverse na adrese support@coinverse.exchange.<\/p>","protected":false},"excerpt":{"rendered":"<p>V\u00edtejte na webov\u00fdch str\u00e1nk\u00e1ch tetra-farm.com (d\u00e1le jen \u201eWeb\u201c). Tyto Podm\u00ednky u\u017e\u00edv\u00e1n\u00ed (\u201ePodm\u00ednky\u201c) upravuj\u00ed v\u00e1\u0161 p\u0159\u00edstup k Webu a jeho pou\u017e\u00edv\u00e1n\u00ed, stejn\u011b jako v\u0161echny souvisej\u00edc\u00ed produkty a slu\u017eby (\u201eSlu\u017eby\u201c). Tento Web je poskytov\u00e1n \u201eTAK, JAK JE\u201c a \u201eTAK, JAK JE DOSTUPN\u00dd\u201c bez jak\u00fdchkoli z\u00e1ruk. Nejsme odpov\u011bdn\u00ed za ud\u00e1losti, kter\u00e9 jsou mimo na\u0161i p\u0159\u00edmou kontrolu. Tyto Podm\u00ednky [&hellip;]<\/p>\n","protected":false},"author":1,"featured_media":0,"parent":0,"menu_order":0,"comment_status":"closed","ping_status":"closed","template":"","meta":{"footnotes":""},"class_list":["post-46","page","type-page","status-publish","hentry"],"acf":[],"yoast_head":"<!-- This site is optimized with the Yoast SEO plugin v23.8 - https:\/\/yoast.com\/wordpress\/plugins\/seo\/ -->\n<title>Podm\u00ednky a ustanoven\u00ed - Tetra Farm<\/title>\n<meta name=\"robots\" content=\"index, follow, max-snippet:-1, max-image-preview:large, max-video-preview:-1\" \/>\n<link rel=\"canonical\" href=\"https:\/\/tetra-farm.com\/cs\/terms-and-conditions\/\" \/>\n<meta property=\"og:locale\" content=\"cs_CZ\" \/>\n<meta property=\"og:type\" content=\"article\" \/>\n<meta property=\"og:title\" content=\"Podm\u00ednky a ustanoven\u00ed - Tetra Farm\" \/>\n<meta property=\"og:description\" content=\"V\u00edtejte na webov\u00fdch str\u00e1nk\u00e1ch tetra-farm.com (d\u00e1le jen \u201eWeb\u201c). Tyto Podm\u00ednky u\u017e\u00edv\u00e1n\u00ed (\u201ePodm\u00ednky\u201c) upravuj\u00ed v\u00e1\u0161 p\u0159\u00edstup k Webu a jeho pou\u017e\u00edv\u00e1n\u00ed, stejn\u011b jako v\u0161echny souvisej\u00edc\u00ed produkty a slu\u017eby (\u201eSlu\u017eby\u201c). Tento Web je poskytov\u00e1n \u201eTAK, JAK JE\u201c a \u201eTAK, JAK JE DOSTUPN\u00dd\u201c bez jak\u00fdchkoli z\u00e1ruk. Nejsme odpov\u011bdn\u00ed za ud\u00e1losti, kter\u00e9 jsou mimo na\u0161i p\u0159\u00edmou kontrolu. Tyto Podm\u00ednky [&hellip;]\" \/>\n<meta property=\"og:url\" content=\"https:\/\/tetra-farm.com\/cs\/terms-and-conditions\/\" \/>\n<meta property=\"og:site_name\" content=\"Tetra Farm\" \/>\n<meta property=\"article:modified_time\" content=\"2024-12-09T09:15:33+00:00\" \/>\n<meta name=\"twitter:card\" content=\"summary_large_image\" \/>\n<meta name=\"twitter:label1\" content=\"Odhadovan\u00e1 doba \u010dten\u00ed\" \/>\n\t<meta name=\"twitter:data1\" content=\"3 minuty\" \/>\n<script type=\"application\/ld+json\" class=\"yoast-schema-graph\">{\"@context\":\"https:\/\/schema.org\",\"@graph\":[{\"@type\":\"WebPage\",\"@id\":\"https:\/\/tetra-farm.com\/cs\/terms-and-conditions\/\",\"url\":\"https:\/\/tetra-farm.com\/cs\/terms-and-conditions\/\",\"name\":\"Podm\u00ednky a ustanoven\u00ed - Tetra Farm\",\"isPartOf\":{\"@id\":\"https:\/\/tetra-farm.com\/cs\/#website\"},\"datePublished\":\"2024-10-17T01:54:36+00:00\",\"dateModified\":\"2024-12-09T09:15:33+00:00\",\"breadcrumb\":{\"@id\":\"https:\/\/tetra-farm.com\/cs\/terms-and-conditions\/#breadcrumb\"},\"inLanguage\":\"cs\",\"potentialAction\":[{\"@type\":\"ReadAction\",\"target\":[[\"https:\/\/tetra-farm.com\/cs\/terms-and-conditions\/\"]]}]},{\"@type\":\"BreadcrumbList\",\"@id\":\"https:\/\/tetra-farm.com\/cs\/terms-and-conditions\/#breadcrumb\",\"itemListElement\":[{\"@type\":\"ListItem\",\"position\":1,\"name\":\"Home\",\"item\":\"https:\/\/tetra-farm.com\/cs\/\"},{\"@type\":\"ListItem\",\"position\":2,\"name\":\"Terms and Conditions\"}]},{\"@type\":\"WebSite\",\"@id\":\"https:\/\/tetra-farm.com\/cs\/#website\",\"url\":\"https:\/\/tetra-farm.com\/cs\/\",\"name\":\"Tetra Farm\",\"description\":\"\",\"potentialAction\":[{\"@type\":\"SearchAction\",\"target\":{\"@type\":\"EntryPoint\",\"urlTemplate\":\"https:\/\/tetra-farm.com\/cs\/?s={search_term_string}\"},\"query-input\":{\"@type\":\"PropertyValueSpecification\",\"valueRequired\":true,\"valueName\":\"search_term_string\"}}],\"inLanguage\":\"cs\"}]}<\/script>\n<!-- \/ Yoast SEO plugin. -->","yoast_head_json":{"title":"Podm\u00ednky a ustanoven\u00ed - Tetra Farm","robots":{"index":"index","follow":"follow","max-snippet":"max-snippet:-1","max-image-preview":"max-image-preview:large","max-video-preview":"max-video-preview:-1"},"canonical":"https:\/\/tetra-farm.com\/cs\/terms-and-conditions\/","og_locale":"cs_CZ","og_type":"article","og_title":"Podm\u00ednky a ustanoven\u00ed - Tetra Farm","og_description":"V\u00edtejte na webov\u00fdch str\u00e1nk\u00e1ch tetra-farm.com (d\u00e1le jen \u201eWeb\u201c). Tyto Podm\u00ednky u\u017e\u00edv\u00e1n\u00ed (\u201ePodm\u00ednky\u201c) upravuj\u00ed v\u00e1\u0161 p\u0159\u00edstup k Webu a jeho pou\u017e\u00edv\u00e1n\u00ed, stejn\u011b jako v\u0161echny souvisej\u00edc\u00ed produkty a slu\u017eby (\u201eSlu\u017eby\u201c). Tento Web je poskytov\u00e1n \u201eTAK, JAK JE\u201c a \u201eTAK, JAK JE DOSTUPN\u00dd\u201c bez jak\u00fdchkoli z\u00e1ruk. Nejsme odpov\u011bdn\u00ed za ud\u00e1losti, kter\u00e9 jsou mimo na\u0161i p\u0159\u00edmou kontrolu. Tyto Podm\u00ednky [&hellip;]","og_url":"https:\/\/tetra-farm.com\/cs\/terms-and-conditions\/","og_site_name":"Tetra Farm","article_modified_time":"2024-12-09T09:15:33+00:00","twitter_card":"summary_large_image","twitter_misc":{"Odhadovan\u00e1 doba \u010dten\u00ed":"3 minuty"},"schema":{"@context":"https:\/\/schema.org","@graph":[{"@type":"WebPage","@id":"https:\/\/tetra-farm.com\/cs\/terms-and-conditions\/","url":"https:\/\/tetra-farm.com\/cs\/terms-and-conditions\/","name":"Podm\u00ednky a ustanoven\u00ed - Tetra Farm","isPartOf":{"@id":"https:\/\/tetra-farm.com\/cs\/#website"},"datePublished":"2024-10-17T01:54:36+00:00","dateModified":"2024-12-09T09:15:33+00:00","breadcrumb":{"@id":"https:\/\/tetra-farm.com\/cs\/terms-and-conditions\/#breadcrumb"},"inLanguage":"cs","potentialAction":[{"@type":"ReadAction","target":[["https:\/\/tetra-farm.com\/cs\/terms-and-conditions\/"]]}]},{"@type":"BreadcrumbList","@id":"https:\/\/tetra-farm.com\/cs\/terms-and-conditions\/#breadcrumb","itemListElement":[{"@type":"ListItem","position":1,"name":"Home","item":"https:\/\/tetra-farm.com\/cs\/"},{"@type":"ListItem","position":2,"name":"Terms and Conditions"}]},{"@type":"WebSite","@id":"https:\/\/tetra-farm.com\/cs\/#website","url":"https:\/\/tetra-farm.com\/cs\/","name":"Tetra Farm","description":"","potentialAction":[{"@type":"SearchAction","target":{"@type":"EntryPoint","urlTemplate":"https:\/\/tetra-farm.com\/cs\/?s={search_term_string}"},"query-input":{"@type":"PropertyValueSpecification","valueRequired":true,"valueName":"search_term_string"}}],"inLanguage":"cs"}]}},"_links":{"self":[{"href":"https:\/\/tetra-farm.com\/cs\/wp-json\/wp\/v2\/pages\/46","targetHints":{"allow":["GET"]}}],"collection":[{"href":"https:\/\/tetra-farm.com\/cs\/wp-json\/wp\/v2\/pages"}],"about":[{"href":"https:\/\/tetra-farm.com\/cs\/wp-json\/wp\/v2\/types\/page"}],"author":[{"embeddable":true,"href":"https:\/\/tetra-farm.com\/cs\/wp-json\/wp\/v2\/users\/1"}],"replies":[{"embeddable":true,"href":"https:\/\/tetra-farm.com\/cs\/wp-json\/wp\/v2\/comments?post=46"}],"version-history":[{"count":3,"href":"https:\/\/tetra-farm.com\/cs\/wp-json\/wp\/v2\/pages\/46\/revisions"}],"predecessor-version":[{"id":1322,"href":"https:\/\/tetra-farm.com\/cs\/wp-json\/wp\/v2\/pages\/46\/revisions\/1322"}],"wp:attachment":[{"href":"https:\/\/tetra-farm.com\/cs\/wp-json\/wp\/v2\/media?parent=46"}],"curies":[{"name":"wp","href":"https:\/\/api.w.org\/{rel}","templated":true}]}}